{"id":259,"date":"2024-09-03T16:33:31","date_gmt":"2024-09-03T13:33:31","guid":{"rendered":"http:\/\/test.meerlog.com\/de\/?page_id=259"},"modified":"2024-09-29T20:08:37","modified_gmt":"2024-09-29T17:08:37","slug":"karriere","status":"publish","type":"page","link":"https:\/\/meerlog.com\/de\/karriere\/","title":{"rendered":"Karriere"},"content":{"rendered":"\t\t<div data-elementor-type=\"wp-page\" data-elementor-id=\"259\" class=\"elementor elementor-259\" data-elementor-post-type=\"page\">\n\t\t\t\t<div class=\"elementor-element elementor-element-a181f92 e-flex e-con-boxed e-con e-parent\" data-id=\"a181f92\" data-element_type=\"container\">\n\t\t\t\t\t<div class=\"e-con-inner\">\n\t\t\t\t<div class=\"elementor-element elementor-element-18f6d1c elementor-widget__width-initial elementor-widget elementor-widget-text-editor\" data-id=\"18f6d1c\" data-element_type=\"widget\" data-widget_type=\"text-editor.default\">\n\t\t\t\t<div class=\"elementor-widget-container\">\n\t\t\t\t\t\t\t<p>&#8220;Als Unternehmen, das Innovation, Qualit\u00e4t und kontinuierliche Entwicklung in den Vordergrund stellt, suchen wir talentierte Fachkr\u00e4fte, die mit uns wachsen und einen neuen Schritt in ihrer Karriere machen wollen. Unsere Mitarbeiter sind die Eckpfeiler unseres Erfolgs, und wir wollen einen starken Teamgeist schaffen, indem wir ihre Entwicklung unterst\u00fctzen.<\/p><p>In unserem Unternehmen bieten wir Ihnen ein Arbeitsumfeld, in dem Sie Ihre F\u00e4higkeiten in verschiedenen Disziplinen entwickeln, kreative L\u00f6sungen erarbeiten und Ihre Spuren in der Branche hinterlassen k\u00f6nnen. Wenn Sie Teil eines dynamischen und vision\u00e4ren Teams sein und Ihre Karriere vorantreiben m\u00f6chten, sind Sie vielleicht die Person, die wir suchen.<\/p><p>Kommen Sie, lassen Sie uns gemeinsam erfolgreicher werden. Informieren Sie sich \u00fcber unsere offenen Stellen und starten Sie mit uns Ihre Karriere neu.&#8221;<\/p><p>Sie k\u00f6nnen uns Ihre Lebensl\u00e4ufe \u00fcber info@meerlog.com schicken und uns f\u00fcr unsere offenen Stellen kontaktieren.<\/p>\t\t\t\t\t\t<\/div>\n\t\t\t\t<\/div>\n\t\t\t\t\t<\/div>\n\t\t\t\t<\/div>\n\t\t\t\t<\/div>\n\t\t","protected":false},"excerpt":{"rendered":"<p>&#8220;Als Unternehmen, das Innovation, Qualit\u00e4t und kontinuierliche Entwicklung in den Vordergrund stellt, suchen wir talentierte Fachkr\u00e4fte, die mit uns wachsen und einen neuen Schritt in ihrer Karriere machen wollen. Unsere Mitarbeiter sind die Eckpfeiler unseres Erfolgs, und wir wollen einen starken Teamgeist schaffen, indem wir ihre Entwicklung unterst\u00fctzen. In unserem Unternehmen bieten wir Ihnen ein &hellip; <\/p>\n<p class=\"link-more\"><a href=\"https:\/\/meerlog.com\/de\/karriere\/\" class=\"more-link\">Okumaya devam et<span class=\"screen-reader-text\"> &#8220;Karriere&#8221;<\/span><\/a><\/p>\n","protected":false},"author":1,"featured_media":0,"parent":0,"menu_order":0,"comment_status":"closed","ping_status":"closed","template":"","meta":{"footnotes":""},"class_list":["post-259","page","type-page","status-publish","hentry"],"yoast_head":"<!-- This site is optimized with the Yoast SEO plugin v23.5 - https:\/\/yoast.com\/wordpress\/plugins\/seo\/ -->\n<title>Karriere - Meerlog Packaging Industry DE<\/title>\n<meta name=\"robots\" content=\"noindex, follow, max-snippet:-1, max-image-preview:large, max-video-preview:-1\" \/>\n<meta property=\"og:locale\" content=\"tr_TR\" \/>\n<meta property=\"og:type\" content=\"article\" \/>\n<meta property=\"og:title\" content=\"Karriere - Meerlog Packaging Industry DE\" \/>\n<meta property=\"og:description\" content=\"&#8220;Als Unternehmen, das Innovation, Qualit\u00e4t und kontinuierliche Entwicklung in den Vordergrund stellt, suchen wir talentierte Fachkr\u00e4fte, die mit uns wachsen und einen neuen Schritt in ihrer Karriere machen wollen. Unsere Mitarbeiter sind die Eckpfeiler unseres Erfolgs, und wir wollen einen starken Teamgeist schaffen, indem wir ihre Entwicklung unterst\u00fctzen. In unserem Unternehmen bieten wir Ihnen ein &hellip; Okumaya devam et &quot;Karriere&quot;\" \/>\n<meta property=\"og:url\" content=\"https:\/\/meerlog.com\/de\/karriere\/\" \/>\n<meta property=\"og:site_name\" content=\"Meerlog Packaging Industry DE\" \/>\n<meta property=\"article:modified_time\" content=\"2024-09-29T17:08:37+00:00\" \/>\n<meta name=\"twitter:card\" content=\"summary_large_image\" \/>\n<meta name=\"twitter:label1\" content=\"Tahmini okuma s\u00fcresi\" \/>\n\t<meta name=\"twitter:data1\" content=\"1 dakika\" \/>\n<script type=\"application\/ld+json\" class=\"yoast-schema-graph\">{\"@context\":\"https:\/\/schema.org\",\"@graph\":[{\"@type\":\"WebPage\",\"@id\":\"https:\/\/meerlog.com\/de\/karriere\/\",\"url\":\"https:\/\/meerlog.com\/de\/karriere\/\",\"name\":\"Karriere - Meerlog Packaging Industry DE\",\"isPartOf\":{\"@id\":\"https:\/\/meerlog.com\/de\/#website\"},\"datePublished\":\"2024-09-03T13:33:31+00:00\",\"dateModified\":\"2024-09-29T17:08:37+00:00\",\"breadcrumb\":{\"@id\":\"https:\/\/meerlog.com\/de\/karriere\/#breadcrumb\"},\"inLanguage\":\"tr\",\"potentialAction\":[{\"@type\":\"ReadAction\",\"target\":[\"https:\/\/meerlog.com\/de\/karriere\/\"]}]},{\"@type\":\"BreadcrumbList\",\"@id\":\"https:\/\/meerlog.com\/de\/karriere\/#breadcrumb\",\"itemListElement\":[{\"@type\":\"ListItem\",\"position\":1,\"name\":\"Anasayfa\",\"item\":\"https:\/\/meerlog.com\/de\/\"},{\"@type\":\"ListItem\",\"position\":2,\"name\":\"Karriere\"}]},{\"@type\":\"WebSite\",\"@id\":\"https:\/\/meerlog.com\/de\/#website\",\"url\":\"https:\/\/meerlog.com\/de\/\",\"name\":\"Meerlog Packaging Industry DE\",\"description\":\"- Innovative Solutions\",\"publisher\":{\"@id\":\"https:\/\/meerlog.com\/de\/#organization\"},\"potentialAction\":[{\"@type\":\"SearchAction\",\"target\":{\"@type\":\"EntryPoint\",\"urlTemplate\":\"https:\/\/meerlog.com\/de\/?s={search_term_string}\"},\"query-input\":{\"@type\":\"PropertyValueSpecification\",\"valueRequired\":true,\"valueName\":\"search_term_string\"}}],\"inLanguage\":\"tr\"},{\"@type\":\"Organization\",\"@id\":\"https:\/\/meerlog.com\/de\/#organization\",\"name\":\"Meerlog Packaging Industry DE\",\"url\":\"https:\/\/meerlog.com\/de\/\",\"logo\":{\"@type\":\"ImageObject\",\"inLanguage\":\"tr\",\"@id\":\"https:\/\/meerlog.com\/de\/#\/schema\/logo\/image\/\",\"url\":\"https:\/\/meerlog.com\/de\/wp-content\/uploads\/sites\/4\/2024\/09\/meerlog-logo-1.png\",\"contentUrl\":\"https:\/\/meerlog.com\/de\/wp-content\/uploads\/sites\/4\/2024\/09\/meerlog-logo-1.png\",\"width\":2000,\"height\":816,\"caption\":\"Meerlog Packaging Industry DE\"},\"image\":{\"@id\":\"https:\/\/meerlog.com\/de\/#\/schema\/logo\/image\/\"}}]}<\/script>\n<!-- \/ Yoast SEO plugin. -->","yoast_head_json":{"title":"Karriere - Meerlog Packaging Industry DE","robots":{"index":"noindex","follow":"follow","max-snippet":"max-snippet:-1","max-image-preview":"max-image-preview:large","max-video-preview":"max-video-preview:-1"},"og_locale":"tr_TR","og_type":"article","og_title":"Karriere - Meerlog Packaging Industry DE","og_description":"&#8220;Als Unternehmen, das Innovation, Qualit\u00e4t und kontinuierliche Entwicklung in den Vordergrund stellt, suchen wir talentierte Fachkr\u00e4fte, die mit uns wachsen und einen neuen Schritt in ihrer Karriere machen wollen. Unsere Mitarbeiter sind die Eckpfeiler unseres Erfolgs, und wir wollen einen starken Teamgeist schaffen, indem wir ihre Entwicklung unterst\u00fctzen. In unserem Unternehmen bieten wir Ihnen ein &hellip; Okumaya devam et \"Karriere\"","og_url":"https:\/\/meerlog.com\/de\/karriere\/","og_site_name":"Meerlog Packaging Industry DE","article_modified_time":"2024-09-29T17:08:37+00:00","twitter_card":"summary_large_image","twitter_misc":{"Tahmini okuma s\u00fcresi":"1 dakika"},"schema":{"@context":"https:\/\/schema.org","@graph":[{"@type":"WebPage","@id":"https:\/\/meerlog.com\/de\/karriere\/","url":"https:\/\/meerlog.com\/de\/karriere\/","name":"Karriere - Meerlog Packaging Industry DE","isPartOf":{"@id":"https:\/\/meerlog.com\/de\/#website"},"datePublished":"2024-09-03T13:33:31+00:00","dateModified":"2024-09-29T17:08:37+00:00","breadcrumb":{"@id":"https:\/\/meerlog.com\/de\/karriere\/#breadcrumb"},"inLanguage":"tr","potentialAction":[{"@type":"ReadAction","target":["https:\/\/meerlog.com\/de\/karriere\/"]}]},{"@type":"BreadcrumbList","@id":"https:\/\/meerlog.com\/de\/karriere\/#breadcrumb","itemListElement":[{"@type":"ListItem","position":1,"name":"Anasayfa","item":"https:\/\/meerlog.com\/de\/"},{"@type":"ListItem","position":2,"name":"Karriere"}]},{"@type":"WebSite","@id":"https:\/\/meerlog.com\/de\/#website","url":"https:\/\/meerlog.com\/de\/","name":"Meerlog Packaging Industry DE","description":"- Innovative Solutions","publisher":{"@id":"https:\/\/meerlog.com\/de\/#organization"},"potentialAction":[{"@type":"SearchAction","target":{"@type":"EntryPoint","urlTemplate":"https:\/\/meerlog.com\/de\/?s={search_term_string}"},"query-input":{"@type":"PropertyValueSpecification","valueRequired":true,"valueName":"search_term_string"}}],"inLanguage":"tr"},{"@type":"Organization","@id":"https:\/\/meerlog.com\/de\/#organization","name":"Meerlog Packaging Industry DE","url":"https:\/\/meerlog.com\/de\/","logo":{"@type":"ImageObject","inLanguage":"tr","@id":"https:\/\/meerlog.com\/de\/#\/schema\/logo\/image\/","url":"https:\/\/meerlog.com\/de\/wp-content\/uploads\/sites\/4\/2024\/09\/meerlog-logo-1.png","contentUrl":"https:\/\/meerlog.com\/de\/wp-content\/uploads\/sites\/4\/2024\/09\/meerlog-logo-1.png","width":2000,"height":816,"caption":"Meerlog Packaging Industry DE"},"image":{"@id":"https:\/\/meerlog.com\/de\/#\/schema\/logo\/image\/"}}]}},"_links":{"self":[{"href":"https:\/\/meerlog.com\/de\/wp-json\/wp\/v2\/pages\/259"}],"collection":[{"href":"https:\/\/meerlog.com\/de\/wp-json\/wp\/v2\/pages"}],"about":[{"href":"https:\/\/meerlog.com\/de\/wp-json\/wp\/v2\/types\/page"}],"author":[{"embeddable":true,"href":"https:\/\/meerlog.com\/de\/wp-json\/wp\/v2\/users\/1"}],"replies":[{"embeddable":true,"href":"https:\/\/meerlog.com\/de\/wp-json\/wp\/v2\/comments?post=259"}],"version-history":[{"count":15,"href":"https:\/\/meerlog.com\/de\/wp-json\/wp\/v2\/pages\/259\/revisions"}],"predecessor-version":[{"id":1217,"href":"https:\/\/meerlog.com\/de\/wp-json\/wp\/v2\/pages\/259\/revisions\/1217"}],"wp:attachment":[{"href":"https:\/\/meerlog.com\/de\/wp-json\/wp\/v2\/media?parent=259"}],"curies":[{"name":"wp","href":"https:\/\/api.w.org\/{rel}","templated":true}]}}