{"id":586,"date":"2024-09-05T09:39:13","date_gmt":"2024-09-05T06:39:13","guid":{"rendered":"http:\/\/test.meerlog.com\/de\/?post_type=product&#038;p=586"},"modified":"2024-09-29T20:34:01","modified_gmt":"2024-09-29T17:34:01","slug":"transportpalette-aus-pvc-profilen","status":"publish","type":"product","link":"https:\/\/meerlog.com\/de\/urun\/transportpalette-aus-pvc-profilen\/","title":{"rendered":"Transportpalette aus PVC-Profilen"},"content":{"rendered":"<p>Produktmerkmale<\/p>\n<p>Lagercode: MP008<br \/>\nL\u00e4nge (mm):-<br \/>\nBreite (mm):-<br \/>\nH\u00f6he (mm):-<br \/>\nGewicht (kg):-<br \/>\nBelastbarkeit (kg): 0-1500<br \/>\nMaterial: Metall<br \/>\nBeschichtungsart: Feuerverzinkung \u2013 Pulverbeschichtung (Sonderfarben k\u00f6nnen auf Anfrage ausgew\u00e4hlt werden.)<br \/>\nStapelbarkeit:\u00a0Ja<br \/>\nKonstruktionsmerkmale: M\u00f6glichkeit der Produktion in verschiedenen Gr\u00f6\u00dfen<\/p>\n","protected":false},"excerpt":{"rendered":"<p>Produktmerkmale<\/p>\n<p>Lagercode: MP008<br \/>\nL\u00e4nge (mm):-<br \/>\nBreite (mm):-<br \/>\nH\u00f6he (mm):-<br \/>\nGewicht (kg):-<br \/>\nBelastbarkeit (kg): 0-1500<br \/>\nMaterial: Metall<br \/>\nBeschichtungsart: Feuerverzinkung \u2013 Pulverbeschichtung (Sonderfarben k\u00f6nnen auf Anfrage ausgew\u00e4hlt werden.)<br \/>\nStapelbarkeit:\u00a0Ja<br \/>\nKonstruktionsmerkmale: M\u00f6glichkeit der Produktion in verschiedenen Gr\u00f6\u00dfen<\/p>\n","protected":false},"featured_media":637,"comment_status":"open","ping_status":"closed","template":"","meta":[],"product_cat":[38],"product_tag":[],"class_list":{"0":"post-586","1":"product","2":"type-product","3":"status-publish","4":"has-post-thumbnail","6":"product_cat-metallpalette","8":"first","9":"instock","10":"shipping-taxable","11":"product-type-simple"},"yoast_head":"<!-- This site is optimized with the Yoast SEO plugin v23.5 - https:\/\/yoast.com\/wordpress\/plugins\/seo\/ -->\n<title>Transportpalette aus PVC-Profilen - Meerlog Packaging Industry DE<\/title>\n<meta name=\"robots\" content=\"noindex, follow, max-snippet:-1, max-image-preview:large, max-video-preview:-1\" \/>\n<meta property=\"og:locale\" content=\"tr_TR\" \/>\n<meta property=\"og:type\" content=\"article\" \/>\n<meta property=\"og:title\" content=\"Transportpalette aus PVC-Profilen - Meerlog Packaging Industry DE\" \/>\n<meta property=\"og:description\" content=\"Produktmerkmale  Lagercode: MP008 L\u00e4nge (mm):- Breite (mm):- H\u00f6he (mm):- Gewicht (kg):- Belastbarkeit (kg): 0-1500 Material: Metall Beschichtungsart: Feuerverzinkung \u2013 Pulverbeschichtung (Sonderfarben k\u00f6nnen auf Anfrage ausgew\u00e4hlt werden.) Stapelbarkeit:\u00a0Ja Konstruktionsmerkmale: M\u00f6glichkeit der Produktion in verschiedenen Gr\u00f6\u00dfen\" \/>\n<meta property=\"og:url\" content=\"https:\/\/meerlog.com\/de\/urun\/transportpalette-aus-pvc-profilen\/\" \/>\n<meta property=\"og:site_name\" content=\"Meerlog Packaging Industry DE\" \/>\n<meta property=\"article:modified_time\" content=\"2024-09-29T17:34:01+00:00\" \/>\n<meta property=\"og:image\" content=\"https:\/\/meerlog.com\/de\/wp-content\/uploads\/sites\/4\/2024\/09\/MP007-3.png\" \/>\n\t<meta property=\"og:image:width\" content=\"1028\" \/>\n\t<meta property=\"og:image:height\" content=\"770\" \/>\n\t<meta property=\"og:image:type\" content=\"image\/png\" \/>\n<meta name=\"twitter:card\" content=\"summary_large_image\" \/>\n<meta name=\"twitter:label1\" content=\"Tahmini okuma s\u00fcresi\" \/>\n\t<meta name=\"twitter:data1\" content=\"1 dakika\" \/>\n<script type=\"application\/ld+json\" class=\"yoast-schema-graph\">{\"@context\":\"https:\/\/schema.org\",\"@graph\":[{\"@type\":\"WebPage\",\"@id\":\"https:\/\/meerlog.com\/de\/urun\/transportpalette-aus-pvc-profilen\/\",\"url\":\"https:\/\/meerlog.com\/de\/urun\/transportpalette-aus-pvc-profilen\/\",\"name\":\"Transportpalette aus PVC-Profilen - Meerlog Packaging Industry DE\",\"isPartOf\":{\"@id\":\"https:\/\/meerlog.com\/de\/#website\"},\"primaryImageOfPage\":{\"@id\":\"https:\/\/meerlog.com\/de\/urun\/transportpalette-aus-pvc-profilen\/#primaryimage\"},\"image\":{\"@id\":\"https:\/\/meerlog.com\/de\/urun\/transportpalette-aus-pvc-profilen\/#primaryimage\"},\"thumbnailUrl\":\"https:\/\/meerlog.com\/de\/wp-content\/uploads\/sites\/4\/2024\/09\/MP007-3.png\",\"datePublished\":\"2024-09-05T06:39:13+00:00\",\"dateModified\":\"2024-09-29T17:34:01+00:00\",\"breadcrumb\":{\"@id\":\"https:\/\/meerlog.com\/de\/urun\/transportpalette-aus-pvc-profilen\/#breadcrumb\"},\"inLanguage\":\"tr\",\"potentialAction\":[{\"@type\":\"ReadAction\",\"target\":[\"https:\/\/meerlog.com\/de\/urun\/transportpalette-aus-pvc-profilen\/\"]}]},{\"@type\":\"ImageObject\",\"inLanguage\":\"tr\",\"@id\":\"https:\/\/meerlog.com\/de\/urun\/transportpalette-aus-pvc-profilen\/#primaryimage\",\"url\":\"https:\/\/meerlog.com\/de\/wp-content\/uploads\/sites\/4\/2024\/09\/MP007-3.png\",\"contentUrl\":\"https:\/\/meerlog.com\/de\/wp-content\/uploads\/sites\/4\/2024\/09\/MP007-3.png\",\"width\":1028,\"height\":770},{\"@type\":\"BreadcrumbList\",\"@id\":\"https:\/\/meerlog.com\/de\/urun\/transportpalette-aus-pvc-profilen\/#breadcrumb\",\"itemListElement\":[{\"@type\":\"ListItem\",\"position\":1,\"name\":\"Anasayfa\",\"item\":\"https:\/\/meerlog.com\/de\/\"},{\"@type\":\"ListItem\",\"position\":2,\"name\":\"Ma\u011faza\",\"item\":\"https:\/\/meerlog.com\/de\/magaza\/\"},{\"@type\":\"ListItem\",\"position\":3,\"name\":\"Transportpalette aus PVC-Profilen\"}]},{\"@type\":\"WebSite\",\"@id\":\"https:\/\/meerlog.com\/de\/#website\",\"url\":\"https:\/\/meerlog.com\/de\/\",\"name\":\"Meerlog Packaging Industry DE\",\"description\":\"- Innovative Solutions\",\"publisher\":{\"@id\":\"https:\/\/meerlog.com\/de\/#organization\"},\"potentialAction\":[{\"@type\":\"SearchAction\",\"target\":{\"@type\":\"EntryPoint\",\"urlTemplate\":\"https:\/\/meerlog.com\/de\/?s={search_term_string}\"},\"query-input\":{\"@type\":\"PropertyValueSpecification\",\"valueRequired\":true,\"valueName\":\"search_term_string\"}}],\"inLanguage\":\"tr\"},{\"@type\":\"Organization\",\"@id\":\"https:\/\/meerlog.com\/de\/#organization\",\"name\":\"Meerlog Packaging Industry DE\",\"url\":\"https:\/\/meerlog.com\/de\/\",\"logo\":{\"@type\":\"ImageObject\",\"inLanguage\":\"tr\",\"@id\":\"https:\/\/meerlog.com\/de\/#\/schema\/logo\/image\/\",\"url\":\"https:\/\/meerlog.com\/de\/wp-content\/uploads\/sites\/4\/2024\/09\/meerlog-logo-1.png\",\"contentUrl\":\"https:\/\/meerlog.com\/de\/wp-content\/uploads\/sites\/4\/2024\/09\/meerlog-logo-1.png\",\"width\":2000,\"height\":816,\"caption\":\"Meerlog Packaging Industry DE\"},\"image\":{\"@id\":\"https:\/\/meerlog.com\/de\/#\/schema\/logo\/image\/\"}}]}<\/script>\n<!-- \/ Yoast SEO plugin. -->","yoast_head_json":{"title":"Transportpalette aus PVC-Profilen - Meerlog Packaging Industry DE","robots":{"index":"noindex","follow":"follow","max-snippet":"max-snippet:-1","max-image-preview":"max-image-preview:large","max-video-preview":"max-video-preview:-1"},"og_locale":"tr_TR","og_type":"article","og_title":"Transportpalette aus PVC-Profilen - Meerlog Packaging Industry DE","og_description":"Produktmerkmale  Lagercode: MP008 L\u00e4nge (mm):- Breite (mm):- H\u00f6he (mm):- Gewicht (kg):- Belastbarkeit (kg): 0-1500 Material: Metall Beschichtungsart: Feuerverzinkung \u2013 Pulverbeschichtung (Sonderfarben k\u00f6nnen auf Anfrage ausgew\u00e4hlt werden.) Stapelbarkeit:\u00a0Ja Konstruktionsmerkmale: M\u00f6glichkeit der Produktion in verschiedenen Gr\u00f6\u00dfen","og_url":"https:\/\/meerlog.com\/de\/urun\/transportpalette-aus-pvc-profilen\/","og_site_name":"Meerlog Packaging Industry DE","article_modified_time":"2024-09-29T17:34:01+00:00","og_image":[{"width":1028,"height":770,"url":"https:\/\/meerlog.com\/de\/wp-content\/uploads\/sites\/4\/2024\/09\/MP007-3.png","type":"image\/png"}],"twitter_card":"summary_large_image","twitter_misc":{"Tahmini okuma s\u00fcresi":"1 dakika"},"schema":{"@context":"https:\/\/schema.org","@graph":[{"@type":"WebPage","@id":"https:\/\/meerlog.com\/de\/urun\/transportpalette-aus-pvc-profilen\/","url":"https:\/\/meerlog.com\/de\/urun\/transportpalette-aus-pvc-profilen\/","name":"Transportpalette aus PVC-Profilen - Meerlog Packaging Industry DE","isPartOf":{"@id":"https:\/\/meerlog.com\/de\/#website"},"primaryImageOfPage":{"@id":"https:\/\/meerlog.com\/de\/urun\/transportpalette-aus-pvc-profilen\/#primaryimage"},"image":{"@id":"https:\/\/meerlog.com\/de\/urun\/transportpalette-aus-pvc-profilen\/#primaryimage"},"thumbnailUrl":"https:\/\/meerlog.com\/de\/wp-content\/uploads\/sites\/4\/2024\/09\/MP007-3.png","datePublished":"2024-09-05T06:39:13+00:00","dateModified":"2024-09-29T17:34:01+00:00","breadcrumb":{"@id":"https:\/\/meerlog.com\/de\/urun\/transportpalette-aus-pvc-profilen\/#breadcrumb"},"inLanguage":"tr","potentialAction":[{"@type":"ReadAction","target":["https:\/\/meerlog.com\/de\/urun\/transportpalette-aus-pvc-profilen\/"]}]},{"@type":"ImageObject","inLanguage":"tr","@id":"https:\/\/meerlog.com\/de\/urun\/transportpalette-aus-pvc-profilen\/#primaryimage","url":"https:\/\/meerlog.com\/de\/wp-content\/uploads\/sites\/4\/2024\/09\/MP007-3.png","contentUrl":"https:\/\/meerlog.com\/de\/wp-content\/uploads\/sites\/4\/2024\/09\/MP007-3.png","width":1028,"height":770},{"@type":"BreadcrumbList","@id":"https:\/\/meerlog.com\/de\/urun\/transportpalette-aus-pvc-profilen\/#breadcrumb","itemListElement":[{"@type":"ListItem","position":1,"name":"Anasayfa","item":"https:\/\/meerlog.com\/de\/"},{"@type":"ListItem","position":2,"name":"Ma\u011faza","item":"https:\/\/meerlog.com\/de\/magaza\/"},{"@type":"ListItem","position":3,"name":"Transportpalette aus PVC-Profilen"}]},{"@type":"WebSite","@id":"https:\/\/meerlog.com\/de\/#website","url":"https:\/\/meerlog.com\/de\/","name":"Meerlog Packaging Industry DE","description":"- Innovative Solutions","publisher":{"@id":"https:\/\/meerlog.com\/de\/#organization"},"potentialAction":[{"@type":"SearchAction","target":{"@type":"EntryPoint","urlTemplate":"https:\/\/meerlog.com\/de\/?s={search_term_string}"},"query-input":{"@type":"PropertyValueSpecification","valueRequired":true,"valueName":"search_term_string"}}],"inLanguage":"tr"},{"@type":"Organization","@id":"https:\/\/meerlog.com\/de\/#organization","name":"Meerlog Packaging Industry DE","url":"https:\/\/meerlog.com\/de\/","logo":{"@type":"ImageObject","inLanguage":"tr","@id":"https:\/\/meerlog.com\/de\/#\/schema\/logo\/image\/","url":"https:\/\/meerlog.com\/de\/wp-content\/uploads\/sites\/4\/2024\/09\/meerlog-logo-1.png","contentUrl":"https:\/\/meerlog.com\/de\/wp-content\/uploads\/sites\/4\/2024\/09\/meerlog-logo-1.png","width":2000,"height":816,"caption":"Meerlog Packaging Industry DE"},"image":{"@id":"https:\/\/meerlog.com\/de\/#\/schema\/logo\/image\/"}}]}},"_links":{"self":[{"href":"https:\/\/meerlog.com\/de\/wp-json\/wp\/v2\/product\/586"}],"collection":[{"href":"https:\/\/meerlog.com\/de\/wp-json\/wp\/v2\/product"}],"about":[{"href":"https:\/\/meerlog.com\/de\/wp-json\/wp\/v2\/types\/product"}],"replies":[{"embeddable":true,"href":"https:\/\/meerlog.com\/de\/wp-json\/wp\/v2\/comments?post=586"}],"wp:featuredmedia":[{"embeddable":true,"href":"https:\/\/meerlog.com\/de\/wp-json\/wp\/v2\/media\/637"}],"wp:attachment":[{"href":"https:\/\/meerlog.com\/de\/wp-json\/wp\/v2\/media?parent=586"}],"wp:term":[{"taxonomy":"product_cat","embeddable":true,"href":"https:\/\/meerlog.com\/de\/wp-json\/wp\/v2\/product_cat?post=586"},{"taxonomy":"product_tag","embeddable":true,"href":"https:\/\/meerlog.com\/de\/wp-json\/wp\/v2\/product_tag?post=586"}],"curies":[{"name":"wp","href":"https:\/\/api.w.org\/{rel}","templated":true}]}}