{"id":216,"date":"2024-09-03T14:56:32","date_gmt":"2024-09-03T11:56:32","guid":{"rendered":"http:\/\/test.meerlog.com\/en\/?page_id=216"},"modified":"2024-09-27T21:51:28","modified_gmt":"2024-09-27T18:51:28","slug":"group-companies","status":"publish","type":"page","link":"https:\/\/meerlog.com\/en\/group-companies\/","title":{"rendered":"Group Compan\u0131es"},"content":{"rendered":"\t\t<div data-elementor-type=\"wp-page\" data-elementor-id=\"216\" class=\"elementor elementor-216\" data-elementor-post-type=\"page\">\n\t\t\t\t<div class=\"elementor-element elementor-element-dd248e7 e-flex e-con-boxed e-con e-parent\" data-id=\"dd248e7\" data-element_type=\"container\" data-settings=\"{&quot;background_background&quot;:&quot;video&quot;,&quot;background_video_link&quot;:&quot;https:\\\/\\\/www.youtube.com\\\/watch?v=_DGUAO8S7BA&amp;t=200s&quot;,&quot;background_video_start&quot;:13,&quot;background_video_end&quot;:102,&quot;background_play_on_mobile&quot;:&quot;yes&quot;}\">\n\t\t\t\t\t<div class=\"e-con-inner\">\n\t\t<div class=\"elementor-background-video-container\">\n\t\t\t\t\t\t\t<div class=\"elementor-background-video-embed\"><\/div>\n\t\t\t\t\t\t<\/div>\t\t<div class=\"elementor-element elementor-element-5508834 elementor-widget-mobile__width-inherit elementor-widget elementor-widget-heading\" data-id=\"5508834\" data-element_type=\"widget\" data-widget_type=\"heading.default\">\n\t\t\t\t<div class=\"elementor-widget-container\">\n\t\t\t<h2 class=\"elementor-heading-title elementor-size-default\">Hasberk Metal<\/h2>\t\t<\/div>\n\t\t\t\t<\/div>\n\t\t\t\t<div class=\"elementor-element elementor-element-78c691c elementor-widget__width-initial elementor-widget-mobile__width-inherit elementor-widget elementor-widget-heading\" data-id=\"78c691c\" data-element_type=\"widget\" data-widget_type=\"heading.default\">\n\t\t\t\t<div class=\"elementor-widget-container\">\n\t\t\t<h2 class=\"elementor-heading-title elementor-size-default\">Precision in Metal, Assurance in Quality<\/h2>\t\t<\/div>\n\t\t\t\t<\/div>\n\t\t\t\t<div class=\"elementor-element elementor-element-adee2fa elementor-widget elementor-widget-button\" data-id=\"adee2fa\" data-element_type=\"widget\" data-widget_type=\"button.default\">\n\t\t\t\t<div class=\"elementor-widget-container\">\n\t\t\t\t\t<div class=\"elementor-button-wrapper\">\n\t\t\t<a class=\"elementor-button elementor-button-link elementor-size-sm\" href=\"https:\/\/www.hasberkmetal.com\">\n\t\t\t\t\t\t<span class=\"elementor-button-content-wrapper\">\n\t\t\t\t\t\t<span class=\"elementor-button-icon\">\n\t\t\t\t<svg aria-hidden=\"true\" class=\"e-font-icon-svg e-fas-paper-plane\" viewBox=\"0 0 512 512\" xmlns=\"http:\/\/www.w3.org\/2000\/svg\"><path d=\"M476 3.2L12.5 270.6c-18.1 10.4-15.8 35.6 2.2 43.2L121 358.4l287.3-253.2c5.5-4.9 13.3 2.6 8.6 8.3L176 407v80.5c0 23.6 28.5 32.9 42.5 15.8L282 426l124.6 52.2c14.2 6 30.4-2.9 33-18.2l72-432C515 7.8 493.3-6.8 476 3.2z\"><\/path><\/svg>\t\t\t<\/span>\n\t\t\t\t\t\t\t\t\t<span class=\"elementor-button-text\">Click Here<\/span>\n\t\t\t\t\t<\/span>\n\t\t\t\t\t<\/a>\n\t\t<\/div>\n\t\t\t\t<\/div>\n\t\t\t\t<\/div>\n\t\t\t\t\t<\/div>\n\t\t\t\t<\/div>\n\t\t<div class=\"elementor-element elementor-element-5b81844 e-flex e-con-boxed e-con e-parent\" data-id=\"5b81844\" data-element_type=\"container\" data-settings=\"{&quot;background_background&quot;:&quot;video&quot;,&quot;background_video_link&quot;:&quot;https:\\\/\\\/www.youtube.com\\\/watch?v=_DGUAO8S7BA&amp;t=200s&quot;,&quot;background_video_start&quot;:104,&quot;background_video_end&quot;:197,&quot;background_play_on_mobile&quot;:&quot;yes&quot;}\">\n\t\t\t\t\t<div class=\"e-con-inner\">\n\t\t<div class=\"elementor-background-video-container\">\n\t\t\t\t\t\t\t<div class=\"elementor-background-video-embed\"><\/div>\n\t\t\t\t\t\t<\/div>\t\t<div class=\"elementor-element elementor-element-a4fc662 elementor-widget-mobile__width-inherit elementor-widget elementor-widget-heading\" data-id=\"a4fc662\" data-element_type=\"widget\" data-widget_type=\"heading.default\">\n\t\t\t\t<div class=\"elementor-widget-container\">\n\t\t\t<h2 class=\"elementor-heading-title elementor-size-default\">At\u0131l\u0131mc\u0131 Logistics<\/h2>\t\t<\/div>\n\t\t\t\t<\/div>\n\t\t\t\t<div class=\"elementor-element elementor-element-610a613 elementor-widget__width-initial elementor-widget-mobile__width-inherit elementor-widget elementor-widget-heading\" data-id=\"610a613\" data-element_type=\"widget\" data-widget_type=\"heading.default\">\n\t\t\t\t<div class=\"elementor-widget-container\">\n\t\t\t<h2 class=\"elementor-heading-title elementor-size-default\">Assurance of Transport, Leader of Logistics<\/h2>\t\t<\/div>\n\t\t\t\t<\/div>\n\t\t\t\t<div class=\"elementor-element elementor-element-74b0fe5 elementor-widget elementor-widget-button\" data-id=\"74b0fe5\" data-element_type=\"widget\" data-widget_type=\"button.default\">\n\t\t\t\t<div class=\"elementor-widget-container\">\n\t\t\t\t\t<div class=\"elementor-button-wrapper\">\n\t\t\t<a class=\"elementor-button elementor-button-link elementor-size-sm\" href=\"https:\/\/www.atilimcinakliyat.com\">\n\t\t\t\t\t\t<span class=\"elementor-button-content-wrapper\">\n\t\t\t\t\t\t<span class=\"elementor-button-icon\">\n\t\t\t\t<svg aria-hidden=\"true\" class=\"e-font-icon-svg e-fas-paper-plane\" viewBox=\"0 0 512 512\" xmlns=\"http:\/\/www.w3.org\/2000\/svg\"><path d=\"M476 3.2L12.5 270.6c-18.1 10.4-15.8 35.6 2.2 43.2L121 358.4l287.3-253.2c5.5-4.9 13.3 2.6 8.6 8.3L176 407v80.5c0 23.6 28.5 32.9 42.5 15.8L282 426l124.6 52.2c14.2 6 30.4-2.9 33-18.2l72-432C515 7.8 493.3-6.8 476 3.2z\"><\/path><\/svg>\t\t\t<\/span>\n\t\t\t\t\t\t\t\t\t<span class=\"elementor-button-text\">Click Here<\/span>\n\t\t\t\t\t<\/span>\n\t\t\t\t\t<\/a>\n\t\t<\/div>\n\t\t\t\t<\/div>\n\t\t\t\t<\/div>\n\t\t\t\t\t<\/div>\n\t\t\t\t<\/div>\n\t\t<div class=\"elementor-element elementor-element-1c35539 e-grid e-con-boxed e-con e-parent\" data-id=\"1c35539\" data-element_type=\"container\">\n\t\t\t\t\t<div class=\"e-con-inner\">\n\t\t<div class=\"elementor-element elementor-element-0496e3c e-con-full e-flex e-con e-child\" data-id=\"0496e3c\" data-element_type=\"container\">\n\t\t\t\t<div class=\"elementor-element elementor-element-df95e58 elementor-widget elementor-widget-heading\" data-id=\"df95e58\" data-element_type=\"widget\" data-widget_type=\"heading.default\">\n\t\t\t\t<div class=\"elementor-widget-container\">\n\t\t\t<h2 class=\"elementor-heading-title elementor-size-default\">OUR GROUP COMPANIES<\/h2>\t\t<\/div>\n\t\t\t\t<\/div>\n\t\t\t\t<div class=\"elementor-element elementor-element-7a00594 elementor-widget__width-initial elementor-widget-mobile__width-inherit elementor-widget elementor-widget-text-editor\" data-id=\"7a00594\" data-element_type=\"widget\" data-widget_type=\"text-editor.default\">\n\t\t\t\t<div class=\"elementor-widget-container\">\n\t\t\t\t\t\t\t<p>At\u0131l\u0131mc\u0131 Logistics<\/p><p>&#8220;Our logistics company, one of our group companies, is your reliable partner in the sector for transport and storage solutions. With our large vehicle fleet and experienced team, we offer fast, safe and efficient services in local and international transport. By prioritising customer satisfaction, we develop logistics solutions tailored to your needs.&#8221;<\/p><p>Hasberk Metal<\/p><p>&#8220;Our group&#8217;s company, which operates in the sheet metal slitting and coating sector, specialises in metal processing and offers precision cutting and slitting services. With our modern equipment and experienced staff, we produce high quality and precise sheet metal processing solutions in accordance with the demands of our customers. By closely following the technological developments in the sector, we ensure the highest level of efficiency and quality.&#8221;<\/p>\t\t\t\t\t\t<\/div>\n\t\t\t\t<\/div>\n\t\t\t\t<\/div>\n\t\t<div class=\"elementor-element elementor-element-a04f080 e-con-full e-flex e-con e-child\" data-id=\"a04f080\" data-element_type=\"container\">\n\t\t\t\t<div class=\"elementor-element elementor-element-ecf7d86 elementor-widget__width-initial elementor-widget-mobile__width-initial elementor-flip-box--effect-flip elementor-flip-box--direction-up elementor-widget elementor-widget-flip-box\" data-id=\"ecf7d86\" data-element_type=\"widget\" data-widget_type=\"flip-box.default\">\n\t\t\t\t<div class=\"elementor-widget-container\">\n\t\t\t\t\t<div class=\"elementor-flip-box\" tabindex=\"0\">\n\t\t\t<div class=\"elementor-flip-box__layer elementor-flip-box__front\">\n\t\t\t\t<div class=\"elementor-flip-box__layer__overlay\">\n\t\t\t\t\t<div class=\"elementor-flip-box__layer__inner\">\n\t\t\t\t\t\t\t\t\t\t\t\t\t<div class=\"elementor-flip-box__image\">\n\t\t\t\t\t\t\t\t<img decoding=\"async\" width=\"300\" height=\"90\" src=\"https:\/\/meerlog.com\/en\/wp-content\/uploads\/sites\/3\/2024\/09\/at-lg-300x90.png\" class=\"attachment-medium size-medium wp-image-510\" alt=\"\" srcset=\"https:\/\/meerlog.com\/en\/wp-content\/uploads\/sites\/3\/2024\/09\/at-lg-300x90.png 300w, https:\/\/meerlog.com\/en\/wp-content\/uploads\/sites\/3\/2024\/09\/at-lg-1024x308.png 1024w, https:\/\/meerlog.com\/en\/wp-content\/uploads\/sites\/3\/2024\/09\/at-lg-768x231.png 768w, https:\/\/meerlog.com\/en\/wp-content\/uploads\/sites\/3\/2024\/09\/at-lg-1536x462.png 1536w, https:\/\/meerlog.com\/en\/wp-content\/uploads\/sites\/3\/2024\/09\/at-lg-600x181.png 600w, https:\/\/meerlog.com\/en\/wp-content\/uploads\/sites\/3\/2024\/09\/at-lg.png 1735w\" sizes=\"100vw\" \/>\t\t\t\t\t\t\t<\/div>\n\t\t\t\t\t\t\n\t\t\t\t\t\t\t\t\t\t\t\t\t<h3 class=\"elementor-flip-box__layer__title\">\n\t\t\t\t\t\t\t\tATILIMCI LOGISTICS\t\t\t\t\t\t\t<\/h3>\n\t\t\t\t\t\t\n\t\t\t\t\t\t\t\t\t\t\t\t\t<div class=\"elementor-flip-box__layer__description\">\n\t\t\t\t\t\t\t\tAssurance of Transport, Leader of Logistics\t\t\t\t\t\t\t<\/div>\n\t\t\t\t\t\t\t\t\t\t\t<\/div>\n\t\t\t\t<\/div>\n\t\t\t<\/div>\n\t\t\t<div class=\"elementor-flip-box__layer elementor-flip-box__back\">\n\t\t\t<div class=\"elementor-flip-box__layer__overlay\">\n\t\t\t\t<div class=\"elementor-flip-box__layer__inner\">\n\t\t\t\t\t\n\t\t\t\t\t\n\t\t\t\t\t\t\t\t\t\t\t<a class=\"elementor-flip-box__button elementor-button elementor-size-sm\" href=\"https:\/\/www.atilimcinakliyat.com\/\">\n\t\t\t\t\t\t\tClick Here\t\t\t\t\t\t<\/a>\n\t\t\t\t\t\t\t\t<\/div>\n\t\t<\/div>\n\t\t<\/div>\n\t\t<\/div>\n\t\t\t\t<\/div>\n\t\t\t\t<\/div>\n\t\t\t\t<div class=\"elementor-element elementor-element-e6830f5 elementor-widget__width-initial elementor-flip-box--effect-flip elementor-flip-box--direction-up elementor-widget elementor-widget-flip-box\" data-id=\"e6830f5\" data-element_type=\"widget\" data-widget_type=\"flip-box.default\">\n\t\t\t\t<div class=\"elementor-widget-container\">\n\t\t\t\t\t<div class=\"elementor-flip-box\" tabindex=\"0\">\n\t\t\t<div class=\"elementor-flip-box__layer elementor-flip-box__front\">\n\t\t\t\t<div class=\"elementor-flip-box__layer__overlay\">\n\t\t\t\t\t<div class=\"elementor-flip-box__layer__inner\">\n\t\t\t\t\t\t\t\t\t\t\t\t\t<div class=\"elementor-flip-box__image\">\n\t\t\t\t\t\t\t\t<img decoding=\"async\" width=\"300\" height=\"93\" src=\"https:\/\/meerlog.com\/en\/wp-content\/uploads\/sites\/3\/2024\/09\/hasberk-metal-logo-2-300x93.png\" class=\"attachment-medium size-medium wp-image-496\" alt=\"\" srcset=\"https:\/\/meerlog.com\/en\/wp-content\/uploads\/sites\/3\/2024\/09\/hasberk-metal-logo-2-300x93.png 300w, https:\/\/meerlog.com\/en\/wp-content\/uploads\/sites\/3\/2024\/09\/hasberk-metal-logo-2-1024x319.png 1024w, https:\/\/meerlog.com\/en\/wp-content\/uploads\/sites\/3\/2024\/09\/hasberk-metal-logo-2-768x239.png 768w, https:\/\/meerlog.com\/en\/wp-content\/uploads\/sites\/3\/2024\/09\/hasberk-metal-logo-2-1536x478.png 1536w, https:\/\/meerlog.com\/en\/wp-content\/uploads\/sites\/3\/2024\/09\/hasberk-metal-logo-2-600x187.png 600w, https:\/\/meerlog.com\/en\/wp-content\/uploads\/sites\/3\/2024\/09\/hasberk-metal-logo-2.png 1821w\" sizes=\"100vw\" \/>\t\t\t\t\t\t\t<\/div>\n\t\t\t\t\t\t\n\t\t\t\t\t\t\t\t\t\t\t\t\t<h3 class=\"elementor-flip-box__layer__title\">\n\t\t\t\t\t\t\t\tHASBERK METAL\t\t\t\t\t\t\t<\/h3>\n\t\t\t\t\t\t\n\t\t\t\t\t\t\t\t\t\t\t\t\t<div class=\"elementor-flip-box__layer__description\">\n\t\t\t\t\t\t\t\tPrecision in Metal, Assurance in Quality\t\t\t\t\t\t\t<\/div>\n\t\t\t\t\t\t\t\t\t\t\t<\/div>\n\t\t\t\t<\/div>\n\t\t\t<\/div>\n\t\t\t<div class=\"elementor-flip-box__layer elementor-flip-box__back\">\n\t\t\t<div class=\"elementor-flip-box__layer__overlay\">\n\t\t\t\t<div class=\"elementor-flip-box__layer__inner\">\n\t\t\t\t\t\n\t\t\t\t\t\n\t\t\t\t\t\t\t\t\t\t\t<a class=\"elementor-flip-box__button elementor-button elementor-size-sm\" href=\"https:\/\/hasberkmetal.com\/\">\n\t\t\t\t\t\t\tClick Here\t\t\t\t\t\t<\/a>\n\t\t\t\t\t\t\t\t<\/div>\n\t\t<\/div>\n\t\t<\/div>\n\t\t<\/div>\n\t\t\t\t<\/div>\n\t\t\t\t<\/div>\n\t\t\t\t<\/div>\n\t\t\t\t\t<\/div>\n\t\t\t\t<\/div>\n\t\t\t\t<\/div>\n\t\t","protected":false},"excerpt":{"rendered":"<p>Hasberk Metal Precision in Metal, Assurance in Quality Click Here At\u0131l\u0131mc\u0131 Logistics Assurance of Transport, Leader of Logistics Click Here OUR GROUP COMPANIES At\u0131l\u0131mc\u0131 Logistics &#8220;Our logistics company, one of our group companies, is your reliable partner in the sector for transport and storage solutions. With our large vehicle fleet and experienced team, we offer &hellip; <\/p>\n<p class=\"link-more\"><a href=\"https:\/\/meerlog.com\/en\/group-companies\/\" class=\"more-link\">Okumaya devam et<span class=\"screen-reader-text\"> &#8220;Group Compan\u0131es&#8221;<\/span><\/a><\/p>\n","protected":false},"author":1,"featured_media":0,"parent":0,"menu_order":0,"comment_status":"closed","ping_status":"closed","template":"","meta":{"footnotes":""},"class_list":["post-216","page","type-page","status-publish","hentry"],"yoast_head":"<!-- This site is optimized with the Yoast SEO plugin v23.5 - https:\/\/yoast.com\/wordpress\/plugins\/seo\/ -->\n<title>Group Compan\u0131es - Meerlog Packaging Industry EN<\/title>\n<meta name=\"robots\" content=\"noindex, follow, max-snippet:-1, max-image-preview:large, max-video-preview:-1\" \/>\n<meta property=\"og:locale\" content=\"tr_TR\" \/>\n<meta property=\"og:type\" content=\"article\" \/>\n<meta property=\"og:title\" content=\"Group Compan\u0131es - Meerlog Packaging Industry EN\" \/>\n<meta property=\"og:description\" content=\"Hasberk Metal Precision in Metal, Assurance in Quality Click Here At\u0131l\u0131mc\u0131 Logistics Assurance of Transport, Leader of Logistics Click Here OUR GROUP COMPANIES At\u0131l\u0131mc\u0131 Logistics &#8220;Our logistics company, one of our group companies, is your reliable partner in the sector for transport and storage solutions. With our large vehicle fleet and experienced team, we offer &hellip; Okumaya devam et &quot;Group Compan\u0131es&quot;\" \/>\n<meta property=\"og:url\" content=\"https:\/\/meerlog.com\/en\/group-companies\/\" \/>\n<meta property=\"og:site_name\" content=\"Meerlog Packaging Industry EN\" \/>\n<meta property=\"article:modified_time\" content=\"2024-09-27T18:51:28+00:00\" \/>\n<meta property=\"og:image\" content=\"http:\/\/meerlog.com\/en\/wp-content\/uploads\/sites\/3\/2024\/09\/at-lg-300x90.png\" \/>\n<meta name=\"twitter:card\" content=\"summary_large_image\" \/>\n<meta name=\"twitter:label1\" content=\"Tahmini okuma s\u00fcresi\" \/>\n\t<meta name=\"twitter:data1\" content=\"2 dakika\" \/>\n<script type=\"application\/ld+json\" class=\"yoast-schema-graph\">{\"@context\":\"https:\/\/schema.org\",\"@graph\":[{\"@type\":\"WebPage\",\"@id\":\"https:\/\/meerlog.com\/en\/group-companies\/\",\"url\":\"https:\/\/meerlog.com\/en\/group-companies\/\",\"name\":\"Group Compan\u0131es - Meerlog Packaging Industry EN\",\"isPartOf\":{\"@id\":\"https:\/\/meerlog.com\/en\/#website\"},\"primaryImageOfPage\":{\"@id\":\"https:\/\/meerlog.com\/en\/group-companies\/#primaryimage\"},\"image\":{\"@id\":\"https:\/\/meerlog.com\/en\/group-companies\/#primaryimage\"},\"thumbnailUrl\":\"http:\/\/meerlog.com\/en\/wp-content\/uploads\/sites\/3\/2024\/09\/at-lg-300x90.png\",\"datePublished\":\"2024-09-03T11:56:32+00:00\",\"dateModified\":\"2024-09-27T18:51:28+00:00\",\"breadcrumb\":{\"@id\":\"https:\/\/meerlog.com\/en\/group-companies\/#breadcrumb\"},\"inLanguage\":\"tr\",\"potentialAction\":[{\"@type\":\"ReadAction\",\"target\":[\"https:\/\/meerlog.com\/en\/group-companies\/\"]}]},{\"@type\":\"ImageObject\",\"inLanguage\":\"tr\",\"@id\":\"https:\/\/meerlog.com\/en\/group-companies\/#primaryimage\",\"url\":\"https:\/\/meerlog.com\/en\/wp-content\/uploads\/sites\/3\/2024\/09\/at-lg.png\",\"contentUrl\":\"https:\/\/meerlog.com\/en\/wp-content\/uploads\/sites\/3\/2024\/09\/at-lg.png\",\"width\":1735,\"height\":522},{\"@type\":\"BreadcrumbList\",\"@id\":\"https:\/\/meerlog.com\/en\/group-companies\/#breadcrumb\",\"itemListElement\":[{\"@type\":\"ListItem\",\"position\":1,\"name\":\"Anasayfa\",\"item\":\"https:\/\/meerlog.com\/en\/\"},{\"@type\":\"ListItem\",\"position\":2,\"name\":\"Group Compan\u0131es\"}]},{\"@type\":\"WebSite\",\"@id\":\"https:\/\/meerlog.com\/en\/#website\",\"url\":\"https:\/\/meerlog.com\/en\/\",\"name\":\"Meerlog Packaging Industry EN\",\"description\":\"- Innovative Solutions\",\"publisher\":{\"@id\":\"https:\/\/meerlog.com\/en\/#organization\"},\"potentialAction\":[{\"@type\":\"SearchAction\",\"target\":{\"@type\":\"EntryPoint\",\"urlTemplate\":\"https:\/\/meerlog.com\/en\/?s={search_term_string}\"},\"query-input\":{\"@type\":\"PropertyValueSpecification\",\"valueRequired\":true,\"valueName\":\"search_term_string\"}}],\"inLanguage\":\"tr\"},{\"@type\":\"Organization\",\"@id\":\"https:\/\/meerlog.com\/en\/#organization\",\"name\":\"Meerlog Packaging Industry EN\",\"url\":\"https:\/\/meerlog.com\/en\/\",\"logo\":{\"@type\":\"ImageObject\",\"inLanguage\":\"tr\",\"@id\":\"https:\/\/meerlog.com\/en\/#\/schema\/logo\/image\/\",\"url\":\"https:\/\/meerlog.com\/en\/wp-content\/uploads\/sites\/3\/2024\/09\/meerlog-logo-1.png\",\"contentUrl\":\"https:\/\/meerlog.com\/en\/wp-content\/uploads\/sites\/3\/2024\/09\/meerlog-logo-1.png\",\"width\":2000,\"height\":816,\"caption\":\"Meerlog Packaging Industry EN\"},\"image\":{\"@id\":\"https:\/\/meerlog.com\/en\/#\/schema\/logo\/image\/\"}}]}<\/script>\n<!-- \/ Yoast SEO plugin. -->","yoast_head_json":{"title":"Group Compan\u0131es - Meerlog Packaging Industry EN","robots":{"index":"noindex","follow":"follow","max-snippet":"max-snippet:-1","max-image-preview":"max-image-preview:large","max-video-preview":"max-video-preview:-1"},"og_locale":"tr_TR","og_type":"article","og_title":"Group Compan\u0131es - Meerlog Packaging Industry EN","og_description":"Hasberk Metal Precision in Metal, Assurance in Quality Click Here At\u0131l\u0131mc\u0131 Logistics Assurance of Transport, Leader of Logistics Click Here OUR GROUP COMPANIES At\u0131l\u0131mc\u0131 Logistics &#8220;Our logistics company, one of our group companies, is your reliable partner in the sector for transport and storage solutions. With our large vehicle fleet and experienced team, we offer &hellip; Okumaya devam et \"Group Compan\u0131es\"","og_url":"https:\/\/meerlog.com\/en\/group-companies\/","og_site_name":"Meerlog Packaging Industry EN","article_modified_time":"2024-09-27T18:51:28+00:00","og_image":[{"url":"http:\/\/meerlog.com\/en\/wp-content\/uploads\/sites\/3\/2024\/09\/at-lg-300x90.png"}],"twitter_card":"summary_large_image","twitter_misc":{"Tahmini okuma s\u00fcresi":"2 dakika"},"schema":{"@context":"https:\/\/schema.org","@graph":[{"@type":"WebPage","@id":"https:\/\/meerlog.com\/en\/group-companies\/","url":"https:\/\/meerlog.com\/en\/group-companies\/","name":"Group Compan\u0131es - Meerlog Packaging Industry EN","isPartOf":{"@id":"https:\/\/meerlog.com\/en\/#website"},"primaryImageOfPage":{"@id":"https:\/\/meerlog.com\/en\/group-companies\/#primaryimage"},"image":{"@id":"https:\/\/meerlog.com\/en\/group-companies\/#primaryimage"},"thumbnailUrl":"http:\/\/meerlog.com\/en\/wp-content\/uploads\/sites\/3\/2024\/09\/at-lg-300x90.png","datePublished":"2024-09-03T11:56:32+00:00","dateModified":"2024-09-27T18:51:28+00:00","breadcrumb":{"@id":"https:\/\/meerlog.com\/en\/group-companies\/#breadcrumb"},"inLanguage":"tr","potentialAction":[{"@type":"ReadAction","target":["https:\/\/meerlog.com\/en\/group-companies\/"]}]},{"@type":"ImageObject","inLanguage":"tr","@id":"https:\/\/meerlog.com\/en\/group-companies\/#primaryimage","url":"https:\/\/meerlog.com\/en\/wp-content\/uploads\/sites\/3\/2024\/09\/at-lg.png","contentUrl":"https:\/\/meerlog.com\/en\/wp-content\/uploads\/sites\/3\/2024\/09\/at-lg.png","width":1735,"height":522},{"@type":"BreadcrumbList","@id":"https:\/\/meerlog.com\/en\/group-companies\/#breadcrumb","itemListElement":[{"@type":"ListItem","position":1,"name":"Anasayfa","item":"https:\/\/meerlog.com\/en\/"},{"@type":"ListItem","position":2,"name":"Group Compan\u0131es"}]},{"@type":"WebSite","@id":"https:\/\/meerlog.com\/en\/#website","url":"https:\/\/meerlog.com\/en\/","name":"Meerlog Packaging Industry EN","description":"- Innovative Solutions","publisher":{"@id":"https:\/\/meerlog.com\/en\/#organization"},"potentialAction":[{"@type":"SearchAction","target":{"@type":"EntryPoint","urlTemplate":"https:\/\/meerlog.com\/en\/?s={search_term_string}"},"query-input":{"@type":"PropertyValueSpecification","valueRequired":true,"valueName":"search_term_string"}}],"inLanguage":"tr"},{"@type":"Organization","@id":"https:\/\/meerlog.com\/en\/#organization","name":"Meerlog Packaging Industry EN","url":"https:\/\/meerlog.com\/en\/","logo":{"@type":"ImageObject","inLanguage":"tr","@id":"https:\/\/meerlog.com\/en\/#\/schema\/logo\/image\/","url":"https:\/\/meerlog.com\/en\/wp-content\/uploads\/sites\/3\/2024\/09\/meerlog-logo-1.png","contentUrl":"https:\/\/meerlog.com\/en\/wp-content\/uploads\/sites\/3\/2024\/09\/meerlog-logo-1.png","width":2000,"height":816,"caption":"Meerlog Packaging Industry EN"},"image":{"@id":"https:\/\/meerlog.com\/en\/#\/schema\/logo\/image\/"}}]}},"_links":{"self":[{"href":"https:\/\/meerlog.com\/en\/wp-json\/wp\/v2\/pages\/216"}],"collection":[{"href":"https:\/\/meerlog.com\/en\/wp-json\/wp\/v2\/pages"}],"about":[{"href":"https:\/\/meerlog.com\/en\/wp-json\/wp\/v2\/types\/page"}],"author":[{"embeddable":true,"href":"https:\/\/meerlog.com\/en\/wp-json\/wp\/v2\/users\/1"}],"replies":[{"embeddable":true,"href":"https:\/\/meerlog.com\/en\/wp-json\/wp\/v2\/comments?post=216"}],"version-history":[{"count":31,"href":"https:\/\/meerlog.com\/en\/wp-json\/wp\/v2\/pages\/216\/revisions"}],"predecessor-version":[{"id":1217,"href":"https:\/\/meerlog.com\/en\/wp-json\/wp\/v2\/pages\/216\/revisions\/1217"}],"wp:attachment":[{"href":"https:\/\/meerlog.com\/en\/wp-json\/wp\/v2\/media?parent=216"}],"curies":[{"name":"wp","href":"https:\/\/api.w.org\/{rel}","templated":true}]}}