{"id":216,"date":"2024-09-03T14:56:32","date_gmt":"2024-09-03T11:56:32","guid":{"rendered":"http:\/\/test.meerlog.com\/fr\/?page_id=216"},"modified":"2024-09-25T21:29:24","modified_gmt":"2024-09-25T18:29:24","slug":"grup-sirketleri","status":"publish","type":"page","link":"https:\/\/meerlog.com\/fr\/grup-sirketleri\/","title":{"rendered":"Grup \u015eirketleri"},"content":{"rendered":"\t\t<div data-elementor-type=\"wp-page\" data-elementor-id=\"216\" class=\"elementor elementor-216\" data-elementor-post-type=\"page\">\n\t\t\t\t<div class=\"elementor-element elementor-element-dd248e7 e-flex e-con-boxed e-con e-parent\" data-id=\"dd248e7\" data-element_type=\"container\" data-settings=\"{&quot;background_background&quot;:&quot;video&quot;,&quot;background_video_link&quot;:&quot;https:\\\/\\\/www.youtube.com\\\/watch?v=_DGUAO8S7BA&amp;t=200s&quot;,&quot;background_video_start&quot;:13,&quot;background_video_end&quot;:102,&quot;background_play_on_mobile&quot;:&quot;yes&quot;}\">\n\t\t\t\t\t<div class=\"e-con-inner\">\n\t\t<div class=\"elementor-background-video-container\">\n\t\t\t\t\t\t\t<div class=\"elementor-background-video-embed\"><\/div>\n\t\t\t\t\t\t<\/div>\t\t<div class=\"elementor-element elementor-element-5508834 elementor-widget-mobile__width-inherit elementor-widget elementor-widget-heading\" data-id=\"5508834\" data-element_type=\"widget\" data-widget_type=\"heading.default\">\n\t\t\t\t<div class=\"elementor-widget-container\">\n\t\t\t<h2 class=\"elementor-heading-title elementor-size-default\">Hasberk Metal<\/h2>\t\t<\/div>\n\t\t\t\t<\/div>\n\t\t\t\t<div class=\"elementor-element elementor-element-78c691c elementor-widget__width-initial elementor-widget-mobile__width-inherit elementor-widget elementor-widget-heading\" data-id=\"78c691c\" data-element_type=\"widget\" data-widget_type=\"heading.default\">\n\t\t\t\t<div class=\"elementor-widget-container\">\n\t\t\t<h2 class=\"elementor-heading-title elementor-size-default\">Metalde Hassasiyet Kalitede G\u00fcvence<\/h2>\t\t<\/div>\n\t\t\t\t<\/div>\n\t\t\t\t<div class=\"elementor-element elementor-element-adee2fa elementor-widget elementor-widget-button\" data-id=\"adee2fa\" data-element_type=\"widget\" data-widget_type=\"button.default\">\n\t\t\t\t<div class=\"elementor-widget-container\">\n\t\t\t\t\t<div class=\"elementor-button-wrapper\">\n\t\t\t<a class=\"elementor-button elementor-button-link elementor-size-sm\" href=\"#\">\n\t\t\t\t\t\t<span class=\"elementor-button-content-wrapper\">\n\t\t\t\t\t\t<span class=\"elementor-button-icon\">\n\t\t\t\t<svg aria-hidden=\"true\" class=\"e-font-icon-svg e-fas-paper-plane\" viewBox=\"0 0 512 512\" xmlns=\"http:\/\/www.w3.org\/2000\/svg\"><path d=\"M476 3.2L12.5 270.6c-18.1 10.4-15.8 35.6 2.2 43.2L121 358.4l287.3-253.2c5.5-4.9 13.3 2.6 8.6 8.3L176 407v80.5c0 23.6 28.5 32.9 42.5 15.8L282 426l124.6 52.2c14.2 6 30.4-2.9 33-18.2l72-432C515 7.8 493.3-6.8 476 3.2z\"><\/path><\/svg>\t\t\t<\/span>\n\t\t\t\t\t\t\t\t\t<span class=\"elementor-button-text\">Buraya t\u0131kla<\/span>\n\t\t\t\t\t<\/span>\n\t\t\t\t\t<\/a>\n\t\t<\/div>\n\t\t\t\t<\/div>\n\t\t\t\t<\/div>\n\t\t\t\t\t<\/div>\n\t\t\t\t<\/div>\n\t\t<div class=\"elementor-element elementor-element-5b81844 e-flex e-con-boxed e-con e-parent\" data-id=\"5b81844\" data-element_type=\"container\" data-settings=\"{&quot;background_background&quot;:&quot;video&quot;,&quot;background_video_link&quot;:&quot;https:\\\/\\\/www.youtube.com\\\/watch?v=_DGUAO8S7BA&amp;t=200s&quot;,&quot;background_video_start&quot;:104,&quot;background_video_end&quot;:197,&quot;background_play_on_mobile&quot;:&quot;yes&quot;}\">\n\t\t\t\t\t<div class=\"e-con-inner\">\n\t\t<div class=\"elementor-background-video-container\">\n\t\t\t\t\t\t\t<div class=\"elementor-background-video-embed\"><\/div>\n\t\t\t\t\t\t<\/div>\t\t<div class=\"elementor-element elementor-element-a4fc662 elementor-widget-mobile__width-inherit elementor-widget elementor-widget-heading\" data-id=\"a4fc662\" data-element_type=\"widget\" data-widget_type=\"heading.default\">\n\t\t\t\t<div class=\"elementor-widget-container\">\n\t\t\t<h2 class=\"elementor-heading-title elementor-size-default\">At\u0131l\u0131mc\u0131 Lojistik<\/h2>\t\t<\/div>\n\t\t\t\t<\/div>\n\t\t\t\t<div class=\"elementor-element elementor-element-610a613 elementor-widget__width-initial elementor-widget-mobile__width-inherit elementor-widget elementor-widget-heading\" data-id=\"610a613\" data-element_type=\"widget\" data-widget_type=\"heading.default\">\n\t\t\t\t<div class=\"elementor-widget-container\">\n\t\t\t<h2 class=\"elementor-heading-title elementor-size-default\">Ta\u015f\u0131man\u0131n G\u00fcvencesi\nLojisti\u011fin Lideri<\/h2>\t\t<\/div>\n\t\t\t\t<\/div>\n\t\t\t\t<div class=\"elementor-element elementor-element-74b0fe5 elementor-widget elementor-widget-button\" data-id=\"74b0fe5\" data-element_type=\"widget\" data-widget_type=\"button.default\">\n\t\t\t\t<div class=\"elementor-widget-container\">\n\t\t\t\t\t<div class=\"elementor-button-wrapper\">\n\t\t\t<a class=\"elementor-button elementor-button-link elementor-size-sm\" href=\"#\">\n\t\t\t\t\t\t<span class=\"elementor-button-content-wrapper\">\n\t\t\t\t\t\t<span class=\"elementor-button-icon\">\n\t\t\t\t<svg aria-hidden=\"true\" class=\"e-font-icon-svg e-fas-paper-plane\" viewBox=\"0 0 512 512\" xmlns=\"http:\/\/www.w3.org\/2000\/svg\"><path d=\"M476 3.2L12.5 270.6c-18.1 10.4-15.8 35.6 2.2 43.2L121 358.4l287.3-253.2c5.5-4.9 13.3 2.6 8.6 8.3L176 407v80.5c0 23.6 28.5 32.9 42.5 15.8L282 426l124.6 52.2c14.2 6 30.4-2.9 33-18.2l72-432C515 7.8 493.3-6.8 476 3.2z\"><\/path><\/svg>\t\t\t<\/span>\n\t\t\t\t\t\t\t\t\t<span class=\"elementor-button-text\">Buraya t\u0131kla<\/span>\n\t\t\t\t\t<\/span>\n\t\t\t\t\t<\/a>\n\t\t<\/div>\n\t\t\t\t<\/div>\n\t\t\t\t<\/div>\n\t\t\t\t\t<\/div>\n\t\t\t\t<\/div>\n\t\t<div class=\"elementor-element elementor-element-1c35539 e-grid e-con-boxed e-con e-parent\" data-id=\"1c35539\" data-element_type=\"container\">\n\t\t\t\t\t<div class=\"e-con-inner\">\n\t\t<div class=\"elementor-element elementor-element-0496e3c e-con-full e-flex e-con e-child\" data-id=\"0496e3c\" data-element_type=\"container\">\n\t\t\t\t<div class=\"elementor-element elementor-element-df95e58 elementor-widget elementor-widget-heading\" data-id=\"df95e58\" data-element_type=\"widget\" data-widget_type=\"heading.default\">\n\t\t\t\t<div class=\"elementor-widget-container\">\n\t\t\t<h2 class=\"elementor-heading-title elementor-size-default\">GRUP \u015e\u0130RKETLER\u0130M\u0130Z<\/h2>\t\t<\/div>\n\t\t\t\t<\/div>\n\t\t\t\t<div class=\"elementor-element elementor-element-7a00594 elementor-widget__width-initial elementor-widget-mobile__width-inherit elementor-widget elementor-widget-text-editor\" data-id=\"7a00594\" data-element_type=\"widget\" data-widget_type=\"text-editor.default\">\n\t\t\t\t<div class=\"elementor-widget-container\">\n\t\t\t\t\t\t\t<h3>At\u0131l\u0131mc\u0131 Lojistik<\/h3><p>&#8220;Grup \u015firketlerimizden biri olan lojistik firmam\u0131z, ta\u015f\u0131mac\u0131l\u0131k ve depolama \u00e7\u00f6z\u00fcmlerinde sekt\u00f6rdeki g\u00fcvenilir orta\u011f\u0131n\u0131zd\u0131r. Geni\u015f ara\u00e7 filomuz ve deneyimli ekibimizle, yerel ve uluslararas\u0131 ta\u015f\u0131mac\u0131l\u0131kta h\u0131zl\u0131, g\u00fcvenli ve verimli hizmetler sunuyoruz. M\u00fc\u015fteri memnuniyetini \u00f6n planda tutarak, ihtiya\u00e7lar\u0131n\u0131za \u00f6zel lojistik \u00e7\u00f6z\u00fcmler geli\u015ftiriyoruz.&#8221;<\/p><h3>Hasberk Metal<\/h3><p>&#8220;Grubumuzun sac dilme ve boylama sekt\u00f6r\u00fcnde faaliyet g\u00f6steren \u015firketi, metal i\u015fleme alan\u0131nda uzmanla\u015fm\u0131\u015f olup, hassas kesim ve dilimleme hizmetleri sunmaktad\u0131r. Modern ekipmanlar\u0131m\u0131z ve deneyimli kadromuz ile m\u00fc\u015fterilerimizin taleplerine uygun, y\u00fcksek kaliteli ve hassas sac i\u015fleme \u00e7\u00f6z\u00fcmleri \u00fcretiyoruz. Sekt\u00f6rdeki teknolojik geli\u015fmeleri yak\u0131ndan takip ederek, en \u00fcst d\u00fczeyde verimlilik ve kaliteyi sa\u011flamaktay\u0131z.&#8221;<\/p>\t\t\t\t\t\t<\/div>\n\t\t\t\t<\/div>\n\t\t\t\t<\/div>\n\t\t<div class=\"elementor-element elementor-element-a04f080 e-con-full e-flex e-con e-child\" data-id=\"a04f080\" data-element_type=\"container\">\n\t\t\t\t<div class=\"elementor-element elementor-element-ecf7d86 elementor-widget__width-initial elementor-widget-mobile__width-initial elementor-flip-box--effect-flip elementor-flip-box--direction-up elementor-widget elementor-widget-flip-box\" data-id=\"ecf7d86\" data-element_type=\"widget\" data-widget_type=\"flip-box.default\">\n\t\t\t\t<div class=\"elementor-widget-container\">\n\t\t\t\t\t<div class=\"elementor-flip-box\" tabindex=\"0\">\n\t\t\t<div class=\"elementor-flip-box__layer elementor-flip-box__front\">\n\t\t\t\t<div class=\"elementor-flip-box__layer__overlay\">\n\t\t\t\t\t<div class=\"elementor-flip-box__layer__inner\">\n\t\t\t\t\t\t\t\t\t\t\t\t\t<div class=\"elementor-flip-box__image\">\n\t\t\t\t\t\t\t\t<img decoding=\"async\" width=\"300\" height=\"90\" src=\"https:\/\/meerlog.com\/fr\/wp-content\/uploads\/sites\/5\/2024\/09\/at-lg-300x90.png\" class=\"attachment-medium size-medium wp-image-510\" alt=\"\" srcset=\"https:\/\/meerlog.com\/fr\/wp-content\/uploads\/sites\/5\/2024\/09\/at-lg-300x90.png 300w, https:\/\/meerlog.com\/fr\/wp-content\/uploads\/sites\/5\/2024\/09\/at-lg-1024x308.png 1024w, https:\/\/meerlog.com\/fr\/wp-content\/uploads\/sites\/5\/2024\/09\/at-lg-768x231.png 768w, https:\/\/meerlog.com\/fr\/wp-content\/uploads\/sites\/5\/2024\/09\/at-lg-1536x462.png 1536w, https:\/\/meerlog.com\/fr\/wp-content\/uploads\/sites\/5\/2024\/09\/at-lg-600x181.png 600w, https:\/\/meerlog.com\/fr\/wp-content\/uploads\/sites\/5\/2024\/09\/at-lg.png 1735w\" sizes=\"100vw\" \/>\t\t\t\t\t\t\t<\/div>\n\t\t\t\t\t\t\n\t\t\t\t\t\t\t\t\t\t\t\t\t<h3 class=\"elementor-flip-box__layer__title\">\n\t\t\t\t\t\t\t\tATILIMCI LOJ\u0130ST\u0130K\t\t\t\t\t\t\t<\/h3>\n\t\t\t\t\t\t\n\t\t\t\t\t\t\t\t\t\t\t\t\t<div class=\"elementor-flip-box__layer__description\">\n\t\t\t\t\t\t\t\tTa\u015f\u0131man\u0131n G\u00fcvencesi, Lojisti\u011fin Lideri\t\t\t\t\t\t\t<\/div>\n\t\t\t\t\t\t\t\t\t\t\t<\/div>\n\t\t\t\t<\/div>\n\t\t\t<\/div>\n\t\t\t<div class=\"elementor-flip-box__layer elementor-flip-box__back\">\n\t\t\t<div class=\"elementor-flip-box__layer__overlay\">\n\t\t\t\t<div class=\"elementor-flip-box__layer__inner\">\n\t\t\t\t\t\n\t\t\t\t\t\n\t\t\t\t\t\t\t\t\t\t\t<a class=\"elementor-flip-box__button elementor-button elementor-size-sm\" href=\"https:\/\/www.atilimcinakliyat.com\/\">\n\t\t\t\t\t\t\tBuraya T\u0131kla\t\t\t\t\t\t<\/a>\n\t\t\t\t\t\t\t\t<\/div>\n\t\t<\/div>\n\t\t<\/div>\n\t\t<\/div>\n\t\t\t\t<\/div>\n\t\t\t\t<\/div>\n\t\t\t\t<div class=\"elementor-element elementor-element-e6830f5 elementor-widget__width-initial elementor-flip-box--effect-flip elementor-flip-box--direction-up elementor-widget elementor-widget-flip-box\" data-id=\"e6830f5\" data-element_type=\"widget\" data-widget_type=\"flip-box.default\">\n\t\t\t\t<div class=\"elementor-widget-container\">\n\t\t\t\t\t<div class=\"elementor-flip-box\" tabindex=\"0\">\n\t\t\t<div class=\"elementor-flip-box__layer elementor-flip-box__front\">\n\t\t\t\t<div class=\"elementor-flip-box__layer__overlay\">\n\t\t\t\t\t<div class=\"elementor-flip-box__layer__inner\">\n\t\t\t\t\t\t\t\t\t\t\t\t\t<div class=\"elementor-flip-box__image\">\n\t\t\t\t\t\t\t\t<img decoding=\"async\" width=\"300\" height=\"93\" src=\"https:\/\/meerlog.com\/fr\/wp-content\/uploads\/sites\/5\/2024\/09\/hasberk-metal-logo-2-300x93.png\" class=\"attachment-medium size-medium wp-image-496\" alt=\"\" srcset=\"https:\/\/meerlog.com\/fr\/wp-content\/uploads\/sites\/5\/2024\/09\/hasberk-metal-logo-2-300x93.png 300w, https:\/\/meerlog.com\/fr\/wp-content\/uploads\/sites\/5\/2024\/09\/hasberk-metal-logo-2-1024x319.png 1024w, https:\/\/meerlog.com\/fr\/wp-content\/uploads\/sites\/5\/2024\/09\/hasberk-metal-logo-2-768x239.png 768w, https:\/\/meerlog.com\/fr\/wp-content\/uploads\/sites\/5\/2024\/09\/hasberk-metal-logo-2-1536x478.png 1536w, https:\/\/meerlog.com\/fr\/wp-content\/uploads\/sites\/5\/2024\/09\/hasberk-metal-logo-2-600x187.png 600w, https:\/\/meerlog.com\/fr\/wp-content\/uploads\/sites\/5\/2024\/09\/hasberk-metal-logo-2.png 1821w\" sizes=\"100vw\" \/>\t\t\t\t\t\t\t<\/div>\n\t\t\t\t\t\t\n\t\t\t\t\t\t\t\t\t\t\t\t\t<h3 class=\"elementor-flip-box__layer__title\">\n\t\t\t\t\t\t\t\tHASBERK METAL\t\t\t\t\t\t\t<\/h3>\n\t\t\t\t\t\t\n\t\t\t\t\t\t\t\t\t\t\t\t\t<div class=\"elementor-flip-box__layer__description\">\n\t\t\t\t\t\t\t\tMetalde Hassasiyet, Kalitede G\u00fcvence\t\t\t\t\t\t\t<\/div>\n\t\t\t\t\t\t\t\t\t\t\t<\/div>\n\t\t\t\t<\/div>\n\t\t\t<\/div>\n\t\t\t<div class=\"elementor-flip-box__layer elementor-flip-box__back\">\n\t\t\t<div class=\"elementor-flip-box__layer__overlay\">\n\t\t\t\t<div class=\"elementor-flip-box__layer__inner\">\n\t\t\t\t\t\n\t\t\t\t\t\n\t\t\t\t\t\t\t\t\t\t\t<a class=\"elementor-flip-box__button elementor-button elementor-size-sm\" href=\"https:\/\/hasberkmetal.com\/\">\n\t\t\t\t\t\t\tBuraya T\u0131kla\t\t\t\t\t\t<\/a>\n\t\t\t\t\t\t\t\t<\/div>\n\t\t<\/div>\n\t\t<\/div>\n\t\t<\/div>\n\t\t\t\t<\/div>\n\t\t\t\t<\/div>\n\t\t\t\t<\/div>\n\t\t\t\t\t<\/div>\n\t\t\t\t<\/div>\n\t\t\t\t<\/div>\n\t\t","protected":false},"excerpt":{"rendered":"<p>Hasberk Metal Metalde Hassasiyet Kalitede G\u00fcvence Buraya t\u0131kla At\u0131l\u0131mc\u0131 Lojistik Ta\u015f\u0131man\u0131n G\u00fcvencesi Lojisti\u011fin Lideri Buraya t\u0131kla GRUP \u015e\u0130RKETLER\u0130M\u0130Z At\u0131l\u0131mc\u0131 Lojistik &#8220;Grup \u015firketlerimizden biri olan lojistik firmam\u0131z, ta\u015f\u0131mac\u0131l\u0131k ve depolama \u00e7\u00f6z\u00fcmlerinde sekt\u00f6rdeki g\u00fcvenilir orta\u011f\u0131n\u0131zd\u0131r. Geni\u015f ara\u00e7 filomuz ve deneyimli ekibimizle, yerel ve uluslararas\u0131 ta\u015f\u0131mac\u0131l\u0131kta h\u0131zl\u0131, g\u00fcvenli ve verimli hizmetler sunuyoruz. M\u00fc\u015fteri memnuniyetini \u00f6n planda tutarak, ihtiya\u00e7lar\u0131n\u0131za &hellip; <\/p>\n<p class=\"link-more\"><a href=\"https:\/\/meerlog.com\/fr\/grup-sirketleri\/\" class=\"more-link\">Okumaya devam et<span class=\"screen-reader-text\"> &#8220;Grup \u015eirketleri&#8221;<\/span><\/a><\/p>\n","protected":false},"author":1,"featured_media":0,"parent":0,"menu_order":0,"comment_status":"closed","ping_status":"closed","template":"","meta":{"footnotes":""},"class_list":["post-216","page","type-page","status-publish","hentry"],"yoast_head":"<!-- This site is optimized with the Yoast SEO plugin v23.5 - https:\/\/yoast.com\/wordpress\/plugins\/seo\/ -->\n<title>Grup \u015eirketleri - Meerlog Packaging Industry FR<\/title>\n<meta name=\"robots\" content=\"noindex, follow, max-snippet:-1, max-image-preview:large, max-video-preview:-1\" \/>\n<meta property=\"og:locale\" content=\"tr_TR\" \/>\n<meta property=\"og:type\" content=\"article\" \/>\n<meta property=\"og:title\" content=\"Grup \u015eirketleri - Meerlog Packaging Industry FR\" \/>\n<meta property=\"og:description\" content=\"Hasberk Metal Metalde Hassasiyet Kalitede G\u00fcvence Buraya t\u0131kla At\u0131l\u0131mc\u0131 Lojistik Ta\u015f\u0131man\u0131n G\u00fcvencesi Lojisti\u011fin Lideri Buraya t\u0131kla GRUP \u015e\u0130RKETLER\u0130M\u0130Z At\u0131l\u0131mc\u0131 Lojistik &#8220;Grup \u015firketlerimizden biri olan lojistik firmam\u0131z, ta\u015f\u0131mac\u0131l\u0131k ve depolama \u00e7\u00f6z\u00fcmlerinde sekt\u00f6rdeki g\u00fcvenilir orta\u011f\u0131n\u0131zd\u0131r. Geni\u015f ara\u00e7 filomuz ve deneyimli ekibimizle, yerel ve uluslararas\u0131 ta\u015f\u0131mac\u0131l\u0131kta h\u0131zl\u0131, g\u00fcvenli ve verimli hizmetler sunuyoruz. M\u00fc\u015fteri memnuniyetini \u00f6n planda tutarak, ihtiya\u00e7lar\u0131n\u0131za &hellip; Okumaya devam et &quot;Grup \u015eirketleri&quot;\" \/>\n<meta property=\"og:url\" content=\"https:\/\/meerlog.com\/fr\/grup-sirketleri\/\" \/>\n<meta property=\"og:site_name\" content=\"Meerlog Packaging Industry FR\" \/>\n<meta property=\"article:modified_time\" content=\"2024-09-25T18:29:24+00:00\" \/>\n<meta property=\"og:image\" content=\"http:\/\/test.meerlog.com\/fr\/wp-content\/uploads\/sites\/5\/2024\/09\/at-lg-300x90.png\" \/>\n<meta name=\"twitter:card\" content=\"summary_large_image\" \/>\n<meta name=\"twitter:label1\" content=\"Tahmini okuma s\u00fcresi\" \/>\n\t<meta name=\"twitter:data1\" content=\"2 dakika\" \/>\n<script type=\"application\/ld+json\" class=\"yoast-schema-graph\">{\"@context\":\"https:\/\/schema.org\",\"@graph\":[{\"@type\":\"WebPage\",\"@id\":\"https:\/\/meerlog.com\/fr\/grup-sirketleri\/\",\"url\":\"https:\/\/meerlog.com\/fr\/grup-sirketleri\/\",\"name\":\"Grup \u015eirketleri - Meerlog Packaging Industry FR\",\"isPartOf\":{\"@id\":\"https:\/\/meerlog.com\/fr\/#website\"},\"primaryImageOfPage\":{\"@id\":\"https:\/\/meerlog.com\/fr\/grup-sirketleri\/#primaryimage\"},\"image\":{\"@id\":\"https:\/\/meerlog.com\/fr\/grup-sirketleri\/#primaryimage\"},\"thumbnailUrl\":\"http:\/\/test.meerlog.com\/fr\/wp-content\/uploads\/sites\/5\/2024\/09\/at-lg-300x90.png\",\"datePublished\":\"2024-09-03T11:56:32+00:00\",\"dateModified\":\"2024-09-25T18:29:24+00:00\",\"breadcrumb\":{\"@id\":\"https:\/\/meerlog.com\/fr\/grup-sirketleri\/#breadcrumb\"},\"inLanguage\":\"tr\",\"potentialAction\":[{\"@type\":\"ReadAction\",\"target\":[\"https:\/\/meerlog.com\/fr\/grup-sirketleri\/\"]}]},{\"@type\":\"ImageObject\",\"inLanguage\":\"tr\",\"@id\":\"https:\/\/meerlog.com\/fr\/grup-sirketleri\/#primaryimage\",\"url\":\"http:\/\/test.meerlog.com\/fr\/wp-content\/uploads\/sites\/5\/2024\/09\/at-lg-300x90.png\",\"contentUrl\":\"http:\/\/test.meerlog.com\/fr\/wp-content\/uploads\/sites\/5\/2024\/09\/at-lg-300x90.png\"},{\"@type\":\"BreadcrumbList\",\"@id\":\"https:\/\/meerlog.com\/fr\/grup-sirketleri\/#breadcrumb\",\"itemListElement\":[{\"@type\":\"ListItem\",\"position\":1,\"name\":\"Anasayfa\",\"item\":\"https:\/\/meerlog.com\/fr\/\"},{\"@type\":\"ListItem\",\"position\":2,\"name\":\"Grup \u015eirketleri\"}]},{\"@type\":\"WebSite\",\"@id\":\"https:\/\/meerlog.com\/fr\/#website\",\"url\":\"https:\/\/meerlog.com\/fr\/\",\"name\":\"Meerlog Packaging Industry FR\",\"description\":\"- Innovative Solutions\",\"publisher\":{\"@id\":\"https:\/\/meerlog.com\/fr\/#organization\"},\"potentialAction\":[{\"@type\":\"SearchAction\",\"target\":{\"@type\":\"EntryPoint\",\"urlTemplate\":\"https:\/\/meerlog.com\/fr\/?s={search_term_string}\"},\"query-input\":{\"@type\":\"PropertyValueSpecification\",\"valueRequired\":true,\"valueName\":\"search_term_string\"}}],\"inLanguage\":\"tr\"},{\"@type\":\"Organization\",\"@id\":\"https:\/\/meerlog.com\/fr\/#organization\",\"name\":\"Meerlog Packaging Industry FR\",\"url\":\"https:\/\/meerlog.com\/fr\/\",\"logo\":{\"@type\":\"ImageObject\",\"inLanguage\":\"tr\",\"@id\":\"https:\/\/meerlog.com\/fr\/#\/schema\/logo\/image\/\",\"url\":\"https:\/\/meerlog.com\/fr\/wp-content\/uploads\/sites\/5\/2024\/09\/meerlog-logo-1.png\",\"contentUrl\":\"https:\/\/meerlog.com\/fr\/wp-content\/uploads\/sites\/5\/2024\/09\/meerlog-logo-1.png\",\"width\":2000,\"height\":816,\"caption\":\"Meerlog Packaging Industry FR\"},\"image\":{\"@id\":\"https:\/\/meerlog.com\/fr\/#\/schema\/logo\/image\/\"}}]}<\/script>\n<!-- \/ Yoast SEO plugin. -->","yoast_head_json":{"title":"Grup \u015eirketleri - Meerlog Packaging Industry FR","robots":{"index":"noindex","follow":"follow","max-snippet":"max-snippet:-1","max-image-preview":"max-image-preview:large","max-video-preview":"max-video-preview:-1"},"og_locale":"tr_TR","og_type":"article","og_title":"Grup \u015eirketleri - Meerlog Packaging Industry FR","og_description":"Hasberk Metal Metalde Hassasiyet Kalitede G\u00fcvence Buraya t\u0131kla At\u0131l\u0131mc\u0131 Lojistik Ta\u015f\u0131man\u0131n G\u00fcvencesi Lojisti\u011fin Lideri Buraya t\u0131kla GRUP \u015e\u0130RKETLER\u0130M\u0130Z At\u0131l\u0131mc\u0131 Lojistik &#8220;Grup \u015firketlerimizden biri olan lojistik firmam\u0131z, ta\u015f\u0131mac\u0131l\u0131k ve depolama \u00e7\u00f6z\u00fcmlerinde sekt\u00f6rdeki g\u00fcvenilir orta\u011f\u0131n\u0131zd\u0131r. Geni\u015f ara\u00e7 filomuz ve deneyimli ekibimizle, yerel ve uluslararas\u0131 ta\u015f\u0131mac\u0131l\u0131kta h\u0131zl\u0131, g\u00fcvenli ve verimli hizmetler sunuyoruz. M\u00fc\u015fteri memnuniyetini \u00f6n planda tutarak, ihtiya\u00e7lar\u0131n\u0131za &hellip; Okumaya devam et \"Grup \u015eirketleri\"","og_url":"https:\/\/meerlog.com\/fr\/grup-sirketleri\/","og_site_name":"Meerlog Packaging Industry FR","article_modified_time":"2024-09-25T18:29:24+00:00","og_image":[{"url":"http:\/\/test.meerlog.com\/fr\/wp-content\/uploads\/sites\/5\/2024\/09\/at-lg-300x90.png"}],"twitter_card":"summary_large_image","twitter_misc":{"Tahmini okuma s\u00fcresi":"2 dakika"},"schema":{"@context":"https:\/\/schema.org","@graph":[{"@type":"WebPage","@id":"https:\/\/meerlog.com\/fr\/grup-sirketleri\/","url":"https:\/\/meerlog.com\/fr\/grup-sirketleri\/","name":"Grup \u015eirketleri - Meerlog Packaging Industry FR","isPartOf":{"@id":"https:\/\/meerlog.com\/fr\/#website"},"primaryImageOfPage":{"@id":"https:\/\/meerlog.com\/fr\/grup-sirketleri\/#primaryimage"},"image":{"@id":"https:\/\/meerlog.com\/fr\/grup-sirketleri\/#primaryimage"},"thumbnailUrl":"http:\/\/test.meerlog.com\/fr\/wp-content\/uploads\/sites\/5\/2024\/09\/at-lg-300x90.png","datePublished":"2024-09-03T11:56:32+00:00","dateModified":"2024-09-25T18:29:24+00:00","breadcrumb":{"@id":"https:\/\/meerlog.com\/fr\/grup-sirketleri\/#breadcrumb"},"inLanguage":"tr","potentialAction":[{"@type":"ReadAction","target":["https:\/\/meerlog.com\/fr\/grup-sirketleri\/"]}]},{"@type":"ImageObject","inLanguage":"tr","@id":"https:\/\/meerlog.com\/fr\/grup-sirketleri\/#primaryimage","url":"http:\/\/test.meerlog.com\/fr\/wp-content\/uploads\/sites\/5\/2024\/09\/at-lg-300x90.png","contentUrl":"http:\/\/test.meerlog.com\/fr\/wp-content\/uploads\/sites\/5\/2024\/09\/at-lg-300x90.png"},{"@type":"BreadcrumbList","@id":"https:\/\/meerlog.com\/fr\/grup-sirketleri\/#breadcrumb","itemListElement":[{"@type":"ListItem","position":1,"name":"Anasayfa","item":"https:\/\/meerlog.com\/fr\/"},{"@type":"ListItem","position":2,"name":"Grup \u015eirketleri"}]},{"@type":"WebSite","@id":"https:\/\/meerlog.com\/fr\/#website","url":"https:\/\/meerlog.com\/fr\/","name":"Meerlog Packaging Industry FR","description":"- Innovative Solutions","publisher":{"@id":"https:\/\/meerlog.com\/fr\/#organization"},"potentialAction":[{"@type":"SearchAction","target":{"@type":"EntryPoint","urlTemplate":"https:\/\/meerlog.com\/fr\/?s={search_term_string}"},"query-input":{"@type":"PropertyValueSpecification","valueRequired":true,"valueName":"search_term_string"}}],"inLanguage":"tr"},{"@type":"Organization","@id":"https:\/\/meerlog.com\/fr\/#organization","name":"Meerlog Packaging Industry FR","url":"https:\/\/meerlog.com\/fr\/","logo":{"@type":"ImageObject","inLanguage":"tr","@id":"https:\/\/meerlog.com\/fr\/#\/schema\/logo\/image\/","url":"https:\/\/meerlog.com\/fr\/wp-content\/uploads\/sites\/5\/2024\/09\/meerlog-logo-1.png","contentUrl":"https:\/\/meerlog.com\/fr\/wp-content\/uploads\/sites\/5\/2024\/09\/meerlog-logo-1.png","width":2000,"height":816,"caption":"Meerlog Packaging Industry FR"},"image":{"@id":"https:\/\/meerlog.com\/fr\/#\/schema\/logo\/image\/"}}]}},"_links":{"self":[{"href":"https:\/\/meerlog.com\/fr\/wp-json\/wp\/v2\/pages\/216"}],"collection":[{"href":"https:\/\/meerlog.com\/fr\/wp-json\/wp\/v2\/pages"}],"about":[{"href":"https:\/\/meerlog.com\/fr\/wp-json\/wp\/v2\/types\/page"}],"author":[{"embeddable":true,"href":"https:\/\/meerlog.com\/fr\/wp-json\/wp\/v2\/users\/1"}],"replies":[{"embeddable":true,"href":"https:\/\/meerlog.com\/fr\/wp-json\/wp\/v2\/comments?post=216"}],"version-history":[{"count":26,"href":"https:\/\/meerlog.com\/fr\/wp-json\/wp\/v2\/pages\/216\/revisions"}],"predecessor-version":[{"id":1173,"href":"https:\/\/meerlog.com\/fr\/wp-json\/wp\/v2\/pages\/216\/revisions\/1173"}],"wp:attachment":[{"href":"https:\/\/meerlog.com\/fr\/wp-json\/wp\/v2\/media?parent=216"}],"curies":[{"name":"wp","href":"https:\/\/api.w.org\/{rel}","templated":true}]}}