{"id":230,"date":"2024-09-03T15:36:42","date_gmt":"2024-09-03T12:36:42","guid":{"rendered":"http:\/\/test.meerlog.com\/fr\/?page_id=230"},"modified":"2024-09-25T21:29:02","modified_gmt":"2024-09-25T18:29:02","slug":"iletisim","status":"publish","type":"page","link":"https:\/\/meerlog.com\/fr\/iletisim\/","title":{"rendered":"\u0130leti\u015fim"},"content":{"rendered":"\t\t<div data-elementor-type=\"wp-page\" data-elementor-id=\"230\" class=\"elementor elementor-230\" data-elementor-post-type=\"page\">\n\t\t\t\t<div class=\"elementor-element elementor-element-979ca13 e-flex e-con-boxed e-con e-parent\" data-id=\"979ca13\" data-element_type=\"container\">\n\t\t\t\t\t<div class=\"e-con-inner\">\n\t\t<div class=\"elementor-element elementor-element-06c3ff2 e-con-full e-flex e-con e-child\" data-id=\"06c3ff2\" data-element_type=\"container\">\n\t\t\t\t<div class=\"elementor-element elementor-element-c5ec9cb elementor-widget elementor-widget-heading\" data-id=\"c5ec9cb\" data-element_type=\"widget\" data-widget_type=\"heading.default\">\n\t\t\t\t<div class=\"elementor-widget-container\">\n\t\t\t<h2 class=\"elementor-heading-title elementor-size-default\">Bize Ula\u015f\u0131n<\/h2>\t\t<\/div>\n\t\t\t\t<\/div>\n\t\t\t\t<div class=\"elementor-element elementor-element-2492406 elementor-icon-list--layout-traditional elementor-list-item-link-full_width elementor-widget elementor-widget-icon-list\" data-id=\"2492406\" data-element_type=\"widget\" data-widget_type=\"icon-list.default\">\n\t\t\t\t<div class=\"elementor-widget-container\">\n\t\t\t\t\t<ul class=\"elementor-icon-list-items\">\n\t\t\t\t\t\t\t<li class=\"elementor-icon-list-item\">\n\t\t\t\t\t\t\t\t\t\t<span class=\"elementor-icon-list-text\">Formu doldurun, m\u00fcmk\u00fcn olan en k\u0131sa s\u00fcrede size geri d\u00f6n\u00fc\u015f sa\u011flayal\u0131m.<\/span>\n\t\t\t\t\t\t\t\t\t<\/li>\n\t\t\t\t\t\t<\/ul>\n\t\t\t\t<\/div>\n\t\t\t\t<\/div>\n\t\t\t\t<div class=\"elementor-element elementor-element-f6ef451 elementor-widget__width-inherit elementor-button-align-stretch elementor-widget elementor-widget-form\" data-id=\"f6ef451\" data-element_type=\"widget\" data-settings=\"{&quot;step_next_label&quot;:&quot;Next&quot;,&quot;step_previous_label&quot;:&quot;Previous&quot;,&quot;button_width&quot;:&quot;100&quot;,&quot;step_type&quot;:&quot;number_text&quot;,&quot;step_icon_shape&quot;:&quot;circle&quot;}\" data-widget_type=\"form.default\">\n\t\t\t\t<div class=\"elementor-widget-container\">\n\t\t\t\t\t<form class=\"elementor-form\" method=\"post\" name=\"\u0130leti\u015fim\">\n\t\t\t<input type=\"hidden\" name=\"post_id\" value=\"230\"\/>\n\t\t\t<input type=\"hidden\" name=\"form_id\" value=\"f6ef451\"\/>\n\t\t\t<input type=\"hidden\" name=\"referer_title\" value=\"\u0130leti\u015fim - Meerlog Packaging Industry FR\" \/>\n\n\t\t\t\t\t\t\t<input type=\"hidden\" name=\"queried_id\" value=\"230\"\/>\n\t\t\t\n\t\t\t<div class=\"elementor-form-fields-wrapper elementor-labels-\">\n\t\t\t\t\t\t\t\t<div class=\"elementor-field-type-text elementor-field-group elementor-column elementor-field-group-name elementor-col-100 elementor-field-required\">\n\t\t\t\t\t\t\t\t\t\t\t\t<label for=\"form-field-name\" class=\"elementor-field-label elementor-screen-only\">\n\t\t\t\t\t\t\t\tAd Soyad\t\t\t\t\t\t\t<\/label>\n\t\t\t\t\t\t\t\t\t\t\t\t\t\t<input size=\"1\" type=\"text\" name=\"form_fields[name]\" id=\"form-field-name\" class=\"elementor-field elementor-size-xs  elementor-field-textual\" placeholder=\"Ad Soyad\" required=\"required\" aria-required=\"true\">\n\t\t\t\t\t\t\t\t\t\t\t<\/div>\n\t\t\t\t\t\t\t\t<div class=\"elementor-field-type-email elementor-field-group elementor-column elementor-field-group-email elementor-col-100 elementor-field-required\">\n\t\t\t\t\t\t\t\t\t\t\t\t<label for=\"form-field-email\" class=\"elementor-field-label elementor-screen-only\">\n\t\t\t\t\t\t\t\tEmail\t\t\t\t\t\t\t<\/label>\n\t\t\t\t\t\t\t\t\t\t\t\t\t\t<input size=\"1\" type=\"email\" name=\"form_fields[email]\" id=\"form-field-email\" class=\"elementor-field elementor-size-xs  elementor-field-textual\" placeholder=\"Email\" required=\"required\" aria-required=\"true\">\n\t\t\t\t\t\t\t\t\t\t\t<\/div>\n\t\t\t\t\t\t\t\t<div class=\"elementor-field-type-tel elementor-field-group elementor-column elementor-field-group-field_05e472a elementor-col-100 elementor-field-required\">\n\t\t\t\t\t\t\t\t\t\t\t\t<label for=\"form-field-field_05e472a\" class=\"elementor-field-label elementor-screen-only\">\n\t\t\t\t\t\t\t\tTelefon\t\t\t\t\t\t\t<\/label>\n\t\t\t\t\t\t\t\t<input size=\"1\" type=\"tel\" name=\"form_fields[field_05e472a]\" id=\"form-field-field_05e472a\" class=\"elementor-field elementor-size-xs  elementor-field-textual\" placeholder=\"Telefon Numaras\u0131\" required=\"required\" aria-required=\"true\" pattern=\"[0-9()#&amp;+*-=.]+\" title=\"Only numbers and phone characters (#, -, *, etc) are accepted.\">\n\n\t\t\t\t\t\t<\/div>\n\t\t\t\t\t\t\t\t<div class=\"elementor-field-type-text elementor-field-group elementor-column elementor-field-group-field_abbf905 elementor-col-100 elementor-field-required\">\n\t\t\t\t\t\t\t\t\t\t\t\t<label for=\"form-field-field_abbf905\" class=\"elementor-field-label elementor-screen-only\">\n\t\t\t\t\t\t\t\tSirket\t\t\t\t\t\t\t<\/label>\n\t\t\t\t\t\t\t\t\t\t\t\t\t\t<input size=\"1\" type=\"text\" name=\"form_fields[field_abbf905]\" id=\"form-field-field_abbf905\" class=\"elementor-field elementor-size-xs  elementor-field-textual\" placeholder=\"\u015eirket Unvan\u0131\" required=\"required\" aria-required=\"true\">\n\t\t\t\t\t\t\t\t\t\t\t<\/div>\n\t\t\t\t\t\t\t\t<div class=\"elementor-field-type-textarea elementor-field-group elementor-column elementor-field-group-message elementor-col-100 elementor-field-required\">\n\t\t\t\t\t\t\t\t\t\t\t\t<label for=\"form-field-message\" class=\"elementor-field-label elementor-screen-only\">\n\t\t\t\t\t\t\t\tMessage\t\t\t\t\t\t\t<\/label>\n\t\t\t\t\t\t<textarea class=\"elementor-field-textual elementor-field  elementor-size-xs\" name=\"form_fields[message]\" id=\"form-field-message\" rows=\"4\" placeholder=\"Mesaj\" required=\"required\" aria-required=\"true\"><\/textarea>\t\t\t\t<\/div>\n\t\t\t\t\t\t\t\t<div class=\"elementor-field-type-upload elementor-field-group elementor-column elementor-field-group-field_758bc2b elementor-col-100\">\n\t\t\t\t\t\t\t\t\t\t\t\t<label for=\"form-field-field_758bc2b\" class=\"elementor-field-label elementor-screen-only\">\n\t\t\t\t\t\t\t\tFile\t\t\t\t\t\t\t<\/label>\n\t\t\t\t\t\t\t\t<input type=\"file\" name=\"form_fields[field_758bc2b][]\" id=\"form-field-field_758bc2b\" class=\"elementor-field elementor-size-xs  elementor-upload-field\" multiple=\"multiple\" data-maxsize=\"1\" data-maxsize-message=\"This file exceeds the maximum allowed size.\">\n\n\t\t\t\t\t\t<\/div>\n\t\t\t\t\t\t\t\t<div class=\"elementor-field-type-acceptance elementor-field-group elementor-column elementor-field-group-field_08726a8 elementor-col-100\">\n\t\t\t\t\t\t\t\t\t\t\t\t<label for=\"form-field-field_08726a8\" class=\"elementor-field-label elementor-screen-only\">\n\t\t\t\t\t\t\t\tKVKK\t\t\t\t\t\t\t<\/label>\n\t\t\t\t\t\t\t\t<div class=\"elementor-field-subgroup\">\n\t\t\t<span class=\"elementor-field-option\">\n\t\t\t\t<input type=\"checkbox\" name=\"form_fields[field_08726a8]\" id=\"form-field-field_08726a8\" class=\"elementor-field elementor-size-xs  elementor-acceptance-field\">\n\t\t\t\t<label for=\"form-field-field_08726a8\"> Kullan\u0131m Ko\u015fullar\u0131 ve Gizlilik Politikas\u0131n\u0131 okudum, anlad\u0131m. Onayl\u0131yorum.<\/label>\t\t\t<\/span>\n\t\t<\/div>\n\t\t\t\t\t\t<\/div>\n\t\t\t\t\t\t\t\t<div class=\"elementor-field-type-recaptcha elementor-field-group elementor-column elementor-field-group-field_8304b73 elementor-col-100\">\n\t\t\t\t\t<div class=\"elementor-field\" id=\"form-field-field_8304b73\"><div class=\"elementor-g-recaptcha\" data-sitekey=\"6Le59E4qAAAAAMqyE7GaQ2SJMKGVrrY-RRxAcUOb\" data-type=\"v2_checkbox\" data-theme=\"light\" data-size=\"normal\"><\/div><\/div>\t\t\t\t<\/div>\n\t\t\t\t\t\t\t\t<div class=\"elementor-field-group elementor-column elementor-field-type-submit elementor-col-100 e-form__buttons\">\n\t\t\t\t\t<button class=\"elementor-button elementor-size-sm\" type=\"submit\">\n\t\t\t\t\t\t<span class=\"elementor-button-content-wrapper\">\n\t\t\t\t\t\t\t\t\t\t\t\t\t\t\t<span class=\"elementor-button-icon\">\n\t\t\t\t\t\t\t\t\t<svg aria-hidden=\"true\" class=\"e-font-icon-svg e-fas-share\" viewBox=\"0 0 512 512\" xmlns=\"http:\/\/www.w3.org\/2000\/svg\"><path d=\"M503.691 189.836L327.687 37.851C312.281 24.546 288 35.347 288 56.015v80.053C127.371 137.907 0 170.1 0 322.326c0 61.441 39.581 122.309 83.333 154.132 13.653 9.931 33.111-2.533 28.077-18.631C66.066 312.814 132.917 274.316 288 272.085V360c0 20.7 24.3 31.453 39.687 18.164l176.004-152c11.071-9.562 11.086-26.753 0-36.328z\"><\/path><\/svg>\t\t\t\t\t\t\t\t\t\t\t\t\t\t\t\t\t<\/span>\n\t\t\t\t\t\t\t\t\t\t\t\t\t\t\t\t\t\t\t\t\t\t<span class=\"elementor-button-text\">Send<\/span>\n\t\t\t\t\t\t\t\t\t\t\t\t\t<\/span>\n\t\t\t\t\t<\/button>\n\t\t\t\t<\/div>\n\t\t\t<\/div>\n\t\t<\/form>\n\t\t\t\t<\/div>\n\t\t\t\t<\/div>\n\t\t\t\t<\/div>\n\t\t<div class=\"elementor-element elementor-element-dfc80fa e-con-full e-grid e-con e-child\" data-id=\"dfc80fa\" data-element_type=\"container\">\n\t\t\t\t<div class=\"elementor-element elementor-element-e1cb17c elementor-view-default elementor-position-top elementor-mobile-position-top elementor-widget elementor-widget-icon-box\" data-id=\"e1cb17c\" data-element_type=\"widget\" data-widget_type=\"icon-box.default\">\n\t\t\t\t<div class=\"elementor-widget-container\">\n\t\t\t\t\t<div class=\"elementor-icon-box-wrapper\">\n\n\t\t\t\t\t\t<div class=\"elementor-icon-box-icon\">\n\t\t\t\t<span  class=\"elementor-icon elementor-animation-\">\n\t\t\t\t<svg aria-hidden=\"true\" class=\"e-font-icon-svg e-fas-clock\" viewBox=\"0 0 512 512\" xmlns=\"http:\/\/www.w3.org\/2000\/svg\"><path d=\"M256,8C119,8,8,119,8,256S119,504,256,504,504,393,504,256,393,8,256,8Zm92.49,313h0l-20,25a16,16,0,0,1-22.49,2.5h0l-67-49.72a40,40,0,0,1-15-31.23V112a16,16,0,0,1,16-16h32a16,16,0,0,1,16,16V256l58,42.5A16,16,0,0,1,348.49,321Z\"><\/path><\/svg>\t\t\t\t<\/span>\n\t\t\t<\/div>\n\t\t\t\n\t\t\t\t\t\t<div class=\"elementor-icon-box-content\">\n\n\t\t\t\t\t\t\t\t\t<h3 class=\"elementor-icon-box-title\">\n\t\t\t\t\t\t<span  >\n\t\t\t\t\t\t\t\u00c7al\u0131l\u015fma Saatleri\t\t\t\t\t\t<\/span>\n\t\t\t\t\t<\/h3>\n\t\t\t\t\n\t\t\t\t\t\t\t\t\t<p class=\"elementor-icon-box-description\">\n\t\t\t\t\t\tPazartesi - Cuma 07:30 - 03:30\t\t\t\t\t<\/p>\n\t\t\t\t\n\t\t\t<\/div>\n\t\t\t\n\t\t<\/div>\n\t\t\t\t<\/div>\n\t\t\t\t<\/div>\n\t\t\t\t<div class=\"elementor-element elementor-element-42ebeb5 elementor-view-default elementor-position-top elementor-mobile-position-top elementor-widget elementor-widget-icon-box\" data-id=\"42ebeb5\" data-element_type=\"widget\" data-widget_type=\"icon-box.default\">\n\t\t\t\t<div class=\"elementor-widget-container\">\n\t\t\t\t\t<div class=\"elementor-icon-box-wrapper\">\n\n\t\t\t\t\t\t<div class=\"elementor-icon-box-icon\">\n\t\t\t\t<a href=\"https:\/\/www.google.com\/maps\/search\/Hasana%C4%9Fa+OSB+Mah.+16.+Cd.\/@40.1782246,28.771884,15z\/data=!3m1!4b1?entry=ttu&#038;g_ep=EgoyMDI0MDkyMi4wIKXMDSoASAFQAw%3D%3D\" class=\"elementor-icon elementor-animation-\" tabindex=\"-1\">\n\t\t\t\t<svg aria-hidden=\"true\" class=\"e-font-icon-svg e-fas-map-marker-alt\" viewBox=\"0 0 384 512\" xmlns=\"http:\/\/www.w3.org\/2000\/svg\"><path d=\"M172.268 501.67C26.97 291.031 0 269.413 0 192 0 85.961 85.961 0 192 0s192 85.961 192 192c0 77.413-26.97 99.031-172.268 309.67-9.535 13.774-29.93 13.773-39.464 0zM192 272c44.183 0 80-35.817 80-80s-35.817-80-80-80-80 35.817-80 80 35.817 80 80 80z\"><\/path><\/svg>\t\t\t\t<\/a>\n\t\t\t<\/div>\n\t\t\t\n\t\t\t\t\t\t<div class=\"elementor-icon-box-content\">\n\n\t\t\t\t\t\t\t\t\t<h3 class=\"elementor-icon-box-title\">\n\t\t\t\t\t\t<a href=\"https:\/\/www.google.com\/maps\/search\/Hasana%C4%9Fa+OSB+Mah.+16.+Cd.\/@40.1782246,28.771884,15z\/data=!3m1!4b1?entry=ttu&#038;g_ep=EgoyMDI0MDkyMi4wIKXMDSoASAFQAw%3D%3D\" >\n\t\t\t\t\t\t\tAdres\t\t\t\t\t\t<\/a>\n\t\t\t\t\t<\/h3>\n\t\t\t\t\n\t\t\t\t\t\t\t\t\t<p class=\"elementor-icon-box-description\">\n\t\t\t\t\t\tHasana\u011fa OSB Mah. 16. Cd. No: 11 Nil\u00fcfer\/ Bursa\t\t\t\t\t<\/p>\n\t\t\t\t\n\t\t\t<\/div>\n\t\t\t\n\t\t<\/div>\n\t\t\t\t<\/div>\n\t\t\t\t<\/div>\n\t\t\t\t<div class=\"elementor-element elementor-element-898e799 elementor-view-default elementor-position-top elementor-mobile-position-top elementor-widget elementor-widget-icon-box\" data-id=\"898e799\" data-element_type=\"widget\" data-widget_type=\"icon-box.default\">\n\t\t\t\t<div class=\"elementor-widget-container\">\n\t\t\t\t\t<div class=\"elementor-icon-box-wrapper\">\n\n\t\t\t\t\t\t<div class=\"elementor-icon-box-icon\">\n\t\t\t\t<a href=\"mailto:info@meerlog.com\" class=\"elementor-icon elementor-animation-\" tabindex=\"-1\">\n\t\t\t\t<svg aria-hidden=\"true\" class=\"e-font-icon-svg e-fas-envelope\" viewBox=\"0 0 512 512\" xmlns=\"http:\/\/www.w3.org\/2000\/svg\"><path d=\"M502.3 190.8c3.9-3.1 9.7-.2 9.7 4.7V400c0 26.5-21.5 48-48 48H48c-26.5 0-48-21.5-48-48V195.6c0-5 5.7-7.8 9.7-4.7 22.4 17.4 52.1 39.5 154.1 113.6 21.1 15.4 56.7 47.8 92.2 47.6 35.7.3 72-32.8 92.3-47.6 102-74.1 131.6-96.3 154-113.7zM256 320c23.2.4 56.6-29.2 73.4-41.4 132.7-96.3 142.8-104.7 173.4-128.7 5.8-4.5 9.2-11.5 9.2-18.9v-19c0-26.5-21.5-48-48-48H48C21.5 64 0 85.5 0 112v19c0 7.4 3.4 14.3 9.2 18.9 30.6 23.9 40.7 32.4 173.4 128.7 16.8 12.2 50.2 41.8 73.4 41.4z\"><\/path><\/svg>\t\t\t\t<\/a>\n\t\t\t<\/div>\n\t\t\t\n\t\t\t\t\t\t<div class=\"elementor-icon-box-content\">\n\n\t\t\t\t\t\t\t\t\t<h3 class=\"elementor-icon-box-title\">\n\t\t\t\t\t\t<a href=\"mailto:info@meerlog.com\" >\n\t\t\t\t\t\t\tE-Posta\t\t\t\t\t\t<\/a>\n\t\t\t\t\t<\/h3>\n\t\t\t\t\n\t\t\t\t\t\t\t\t\t<p class=\"elementor-icon-box-description\">\n\t\t\t\t\t\tinfo@meerlog.com\t\t\t\t\t<\/p>\n\t\t\t\t\n\t\t\t<\/div>\n\t\t\t\n\t\t<\/div>\n\t\t\t\t<\/div>\n\t\t\t\t<\/div>\n\t\t\t\t<div class=\"elementor-element elementor-element-93c76d4 elementor-view-default elementor-position-top elementor-mobile-position-top elementor-widget elementor-widget-icon-box\" data-id=\"93c76d4\" data-element_type=\"widget\" data-widget_type=\"icon-box.default\">\n\t\t\t\t<div class=\"elementor-widget-container\">\n\t\t\t\t\t<div class=\"elementor-icon-box-wrapper\">\n\n\t\t\t\t\t\t<div class=\"elementor-icon-box-icon\">\n\t\t\t\t<a href=\"tel:+902244842767\" class=\"elementor-icon elementor-animation-\" tabindex=\"-1\">\n\t\t\t\t<svg aria-hidden=\"true\" class=\"e-font-icon-svg e-fas-phone\" viewBox=\"0 0 512 512\" xmlns=\"http:\/\/www.w3.org\/2000\/svg\"><path d=\"M493.4 24.6l-104-24c-11.3-2.6-22.9 3.3-27.5 13.9l-48 112c-4.2 9.8-1.4 21.3 6.9 28l60.6 49.6c-36 76.7-98.9 140.5-177.2 177.2l-49.6-60.6c-6.8-8.3-18.2-11.1-28-6.9l-112 48C3.9 366.5-2 378.1.6 389.4l24 104C27.1 504.2 36.7 512 48 512c256.1 0 464-207.5 464-464 0-11.2-7.7-20.9-18.6-23.4z\"><\/path><\/svg>\t\t\t\t<\/a>\n\t\t\t<\/div>\n\t\t\t\n\t\t\t\t\t\t<div class=\"elementor-icon-box-content\">\n\n\t\t\t\t\t\t\t\t\t<h3 class=\"elementor-icon-box-title\">\n\t\t\t\t\t\t<a href=\"tel:+902244842767\" >\n\t\t\t\t\t\t\tTelefon\t\t\t\t\t\t<\/a>\n\t\t\t\t\t<\/h3>\n\t\t\t\t\n\t\t\t\t\t\t\t\t\t<p class=\"elementor-icon-box-description\">\n\t\t\t\t\t\t+90 224 484 27 67\t\t\t\t\t<\/p>\n\t\t\t\t\n\t\t\t<\/div>\n\t\t\t\n\t\t<\/div>\n\t\t\t\t<\/div>\n\t\t\t\t<\/div>\n\t\t\t\t<\/div>\n\t\t\t\t\t<\/div>\n\t\t\t\t<\/div>\n\t\t<div class=\"elementor-element elementor-element-4bc6466 e-con-full e-flex e-con e-parent\" data-id=\"4bc6466\" data-element_type=\"container\">\n\t\t\t\t<div class=\"elementor-element elementor-element-56ade63 elementor-widget elementor-widget-google_maps\" data-id=\"56ade63\" data-element_type=\"widget\" data-widget_type=\"google_maps.default\">\n\t\t\t\t<div class=\"elementor-widget-container\">\n\t\t\t\t\t<div class=\"elementor-custom-embed\">\n\t\t\t<iframe loading=\"lazy\"\n\t\t\t\t\tsrc=\"https:\/\/maps.google.com\/maps?q=40.165767%2C%2028.770122&#038;t=m&#038;z=12&#038;output=embed&#038;iwloc=near\"\n\t\t\t\t\ttitle=\"40.165767, 28.770122\"\n\t\t\t\t\taria-label=\"40.165767, 28.770122\"\n\t\t\t><\/iframe>\n\t\t<\/div>\n\t\t\t\t<\/div>\n\t\t\t\t<\/div>\n\t\t\t\t<\/div>\n\t\t\t\t<\/div>\n\t\t","protected":false},"excerpt":{"rendered":"<p>Bize Ula\u015f\u0131n Formu doldurun, m\u00fcmk\u00fcn olan en k\u0131sa s\u00fcrede size geri d\u00f6n\u00fc\u015f sa\u011flayal\u0131m. \u00c7al\u0131l\u015fma Saatleri Pazartesi &#8211; Cuma 07:30 &#8211; 03:30 Adres Hasana\u011fa OSB Mah. 16. Cd. No: 11 Nil\u00fcfer\/ Bursa E-Posta info@meerlog.com Telefon +90 224 484 27 67<\/p>\n","protected":false},"author":1,"featured_media":0,"parent":0,"menu_order":0,"comment_status":"closed","ping_status":"closed","template":"","meta":{"footnotes":""},"class_list":["post-230","page","type-page","status-publish","hentry"],"yoast_head":"<!-- This site is optimized with the Yoast SEO plugin v23.5 - https:\/\/yoast.com\/wordpress\/plugins\/seo\/ -->\n<title>\u0130leti\u015fim - Meerlog Packaging Industry FR<\/title>\n<meta name=\"robots\" content=\"noindex, follow, max-snippet:-1, max-image-preview:large, max-video-preview:-1\" \/>\n<meta property=\"og:locale\" content=\"tr_TR\" \/>\n<meta property=\"og:type\" content=\"article\" \/>\n<meta property=\"og:title\" content=\"\u0130leti\u015fim - Meerlog Packaging Industry FR\" \/>\n<meta property=\"og:description\" content=\"Bize Ula\u015f\u0131n Formu doldurun, m\u00fcmk\u00fcn olan en k\u0131sa s\u00fcrede size geri d\u00f6n\u00fc\u015f sa\u011flayal\u0131m. \u00c7al\u0131l\u015fma Saatleri Pazartesi &#8211; Cuma 07:30 &#8211; 03:30 Adres Hasana\u011fa OSB Mah. 16. Cd. No: 11 Nil\u00fcfer\/ Bursa E-Posta info@meerlog.com Telefon +90 224 484 27 67\" \/>\n<meta property=\"og:url\" content=\"https:\/\/meerlog.com\/fr\/iletisim\/\" \/>\n<meta property=\"og:site_name\" content=\"Meerlog Packaging Industry FR\" \/>\n<meta property=\"article:modified_time\" content=\"2024-09-25T18:29:02+00:00\" \/>\n<meta name=\"twitter:card\" content=\"summary_large_image\" \/>\n<meta name=\"twitter:label1\" content=\"Tahmini okuma s\u00fcresi\" \/>\n\t<meta name=\"twitter:data1\" content=\"1 dakika\" \/>\n<script type=\"application\/ld+json\" class=\"yoast-schema-graph\">{\"@context\":\"https:\/\/schema.org\",\"@graph\":[{\"@type\":\"WebPage\",\"@id\":\"https:\/\/meerlog.com\/fr\/iletisim\/\",\"url\":\"https:\/\/meerlog.com\/fr\/iletisim\/\",\"name\":\"\u0130leti\u015fim - Meerlog Packaging Industry FR\",\"isPartOf\":{\"@id\":\"https:\/\/meerlog.com\/fr\/#website\"},\"datePublished\":\"2024-09-03T12:36:42+00:00\",\"dateModified\":\"2024-09-25T18:29:02+00:00\",\"breadcrumb\":{\"@id\":\"https:\/\/meerlog.com\/fr\/iletisim\/#breadcrumb\"},\"inLanguage\":\"tr\",\"potentialAction\":[{\"@type\":\"ReadAction\",\"target\":[\"https:\/\/meerlog.com\/fr\/iletisim\/\"]}]},{\"@type\":\"BreadcrumbList\",\"@id\":\"https:\/\/meerlog.com\/fr\/iletisim\/#breadcrumb\",\"itemListElement\":[{\"@type\":\"ListItem\",\"position\":1,\"name\":\"Anasayfa\",\"item\":\"https:\/\/meerlog.com\/fr\/\"},{\"@type\":\"ListItem\",\"position\":2,\"name\":\"\u0130leti\u015fim\"}]},{\"@type\":\"WebSite\",\"@id\":\"https:\/\/meerlog.com\/fr\/#website\",\"url\":\"https:\/\/meerlog.com\/fr\/\",\"name\":\"Meerlog Packaging Industry FR\",\"description\":\"- Innovative Solutions\",\"publisher\":{\"@id\":\"https:\/\/meerlog.com\/fr\/#organization\"},\"potentialAction\":[{\"@type\":\"SearchAction\",\"target\":{\"@type\":\"EntryPoint\",\"urlTemplate\":\"https:\/\/meerlog.com\/fr\/?s={search_term_string}\"},\"query-input\":{\"@type\":\"PropertyValueSpecification\",\"valueRequired\":true,\"valueName\":\"search_term_string\"}}],\"inLanguage\":\"tr\"},{\"@type\":\"Organization\",\"@id\":\"https:\/\/meerlog.com\/fr\/#organization\",\"name\":\"Meerlog Packaging Industry FR\",\"url\":\"https:\/\/meerlog.com\/fr\/\",\"logo\":{\"@type\":\"ImageObject\",\"inLanguage\":\"tr\",\"@id\":\"https:\/\/meerlog.com\/fr\/#\/schema\/logo\/image\/\",\"url\":\"https:\/\/meerlog.com\/fr\/wp-content\/uploads\/sites\/5\/2024\/09\/meerlog-logo-1.png\",\"contentUrl\":\"https:\/\/meerlog.com\/fr\/wp-content\/uploads\/sites\/5\/2024\/09\/meerlog-logo-1.png\",\"width\":2000,\"height\":816,\"caption\":\"Meerlog Packaging Industry FR\"},\"image\":{\"@id\":\"https:\/\/meerlog.com\/fr\/#\/schema\/logo\/image\/\"}}]}<\/script>\n<!-- \/ Yoast SEO plugin. -->","yoast_head_json":{"title":"\u0130leti\u015fim - Meerlog Packaging Industry FR","robots":{"index":"noindex","follow":"follow","max-snippet":"max-snippet:-1","max-image-preview":"max-image-preview:large","max-video-preview":"max-video-preview:-1"},"og_locale":"tr_TR","og_type":"article","og_title":"\u0130leti\u015fim - Meerlog Packaging Industry FR","og_description":"Bize Ula\u015f\u0131n Formu doldurun, m\u00fcmk\u00fcn olan en k\u0131sa s\u00fcrede size geri d\u00f6n\u00fc\u015f sa\u011flayal\u0131m. \u00c7al\u0131l\u015fma Saatleri Pazartesi &#8211; Cuma 07:30 &#8211; 03:30 Adres Hasana\u011fa OSB Mah. 16. Cd. No: 11 Nil\u00fcfer\/ Bursa E-Posta info@meerlog.com Telefon +90 224 484 27 67","og_url":"https:\/\/meerlog.com\/fr\/iletisim\/","og_site_name":"Meerlog Packaging Industry FR","article_modified_time":"2024-09-25T18:29:02+00:00","twitter_card":"summary_large_image","twitter_misc":{"Tahmini okuma s\u00fcresi":"1 dakika"},"schema":{"@context":"https:\/\/schema.org","@graph":[{"@type":"WebPage","@id":"https:\/\/meerlog.com\/fr\/iletisim\/","url":"https:\/\/meerlog.com\/fr\/iletisim\/","name":"\u0130leti\u015fim - Meerlog Packaging Industry FR","isPartOf":{"@id":"https:\/\/meerlog.com\/fr\/#website"},"datePublished":"2024-09-03T12:36:42+00:00","dateModified":"2024-09-25T18:29:02+00:00","breadcrumb":{"@id":"https:\/\/meerlog.com\/fr\/iletisim\/#breadcrumb"},"inLanguage":"tr","potentialAction":[{"@type":"ReadAction","target":["https:\/\/meerlog.com\/fr\/iletisim\/"]}]},{"@type":"BreadcrumbList","@id":"https:\/\/meerlog.com\/fr\/iletisim\/#breadcrumb","itemListElement":[{"@type":"ListItem","position":1,"name":"Anasayfa","item":"https:\/\/meerlog.com\/fr\/"},{"@type":"ListItem","position":2,"name":"\u0130leti\u015fim"}]},{"@type":"WebSite","@id":"https:\/\/meerlog.com\/fr\/#website","url":"https:\/\/meerlog.com\/fr\/","name":"Meerlog Packaging Industry FR","description":"- Innovative Solutions","publisher":{"@id":"https:\/\/meerlog.com\/fr\/#organization"},"potentialAction":[{"@type":"SearchAction","target":{"@type":"EntryPoint","urlTemplate":"https:\/\/meerlog.com\/fr\/?s={search_term_string}"},"query-input":{"@type":"PropertyValueSpecification","valueRequired":true,"valueName":"search_term_string"}}],"inLanguage":"tr"},{"@type":"Organization","@id":"https:\/\/meerlog.com\/fr\/#organization","name":"Meerlog Packaging Industry FR","url":"https:\/\/meerlog.com\/fr\/","logo":{"@type":"ImageObject","inLanguage":"tr","@id":"https:\/\/meerlog.com\/fr\/#\/schema\/logo\/image\/","url":"https:\/\/meerlog.com\/fr\/wp-content\/uploads\/sites\/5\/2024\/09\/meerlog-logo-1.png","contentUrl":"https:\/\/meerlog.com\/fr\/wp-content\/uploads\/sites\/5\/2024\/09\/meerlog-logo-1.png","width":2000,"height":816,"caption":"Meerlog Packaging Industry FR"},"image":{"@id":"https:\/\/meerlog.com\/fr\/#\/schema\/logo\/image\/"}}]}},"_links":{"self":[{"href":"https:\/\/meerlog.com\/fr\/wp-json\/wp\/v2\/pages\/230"}],"collection":[{"href":"https:\/\/meerlog.com\/fr\/wp-json\/wp\/v2\/pages"}],"about":[{"href":"https:\/\/meerlog.com\/fr\/wp-json\/wp\/v2\/types\/page"}],"author":[{"embeddable":true,"href":"https:\/\/meerlog.com\/fr\/wp-json\/wp\/v2\/users\/1"}],"replies":[{"embeddable":true,"href":"https:\/\/meerlog.com\/fr\/wp-json\/wp\/v2\/comments?post=230"}],"version-history":[{"count":62,"href":"https:\/\/meerlog.com\/fr\/wp-json\/wp\/v2\/pages\/230\/revisions"}],"predecessor-version":[{"id":1170,"href":"https:\/\/meerlog.com\/fr\/wp-json\/wp\/v2\/pages\/230\/revisions\/1170"}],"wp:attachment":[{"href":"https:\/\/meerlog.com\/fr\/wp-json\/wp\/v2\/media?parent=230"}],"curies":[{"name":"wp","href":"https:\/\/api.w.org\/{rel}","templated":true}]}}