{"id":259,"date":"2024-09-03T16:33:31","date_gmt":"2024-09-03T13:33:31","guid":{"rendered":"http:\/\/test.meerlog.com\/fr\/?page_id=259"},"modified":"2024-09-25T21:25:42","modified_gmt":"2024-09-25T18:25:42","slug":"kariyer","status":"publish","type":"page","link":"https:\/\/meerlog.com\/fr\/kariyer\/","title":{"rendered":"Kariyer"},"content":{"rendered":"\t\t<div data-elementor-type=\"wp-page\" data-elementor-id=\"259\" class=\"elementor elementor-259\" data-elementor-post-type=\"page\">\n\t\t\t\t<div class=\"elementor-element elementor-element-a181f92 e-flex e-con-boxed e-con e-parent\" data-id=\"a181f92\" data-element_type=\"container\">\n\t\t\t\t\t<div class=\"e-con-inner\">\n\t\t\t\t<div class=\"elementor-element elementor-element-18f6d1c elementor-widget__width-initial elementor-widget elementor-widget-text-editor\" data-id=\"18f6d1c\" data-element_type=\"widget\" data-widget_type=\"text-editor.default\">\n\t\t\t\t<div class=\"elementor-widget-container\">\n\t\t\t\t\t\t\t<p>&#8220;\u0130novasyonu, kaliteyi ve s\u00fcrekli geli\u015fimi \u00f6n planda tutan bir \u015firket olarak, bizimle birlikte b\u00fcy\u00fcmek ve kariyerinde yeni bir ad\u0131m atmak isteyen yetenekli profesyonelleri ar\u0131yoruz. \u00c7al\u0131\u015fanlar\u0131m\u0131z, ba\u015far\u0131m\u0131z\u0131n temel ta\u015flar\u0131d\u0131r ve biz, onlar\u0131n geli\u015fimini destekleyerek g\u00fc\u00e7l\u00fc bir ekip ruhu yaratmay\u0131 hedefliyoruz.<\/p><p>\u015eirketimizde, farkl\u0131 disiplinlerde yeteneklerinizi geli\u015ftirebilece\u011finiz, yarat\u0131c\u0131 \u00e7\u00f6z\u00fcmler \u00fcretebilece\u011finiz ve end\u00fcstride iz b\u0131rakabilece\u011finiz bir \u00e7al\u0131\u015fma ortam\u0131 sunuyoruz. E\u011fer siz de dinamik ve vizyon sahibi bir ekibin par\u00e7as\u0131 olmak, kariyerinizi daha ileriye ta\u015f\u0131mak istiyorsan\u0131z, arad\u0131\u011f\u0131m\u0131z ki\u015fi siz olabilirsiniz.<\/p><p>Gelin, birlikte daha b\u00fcy\u00fck ba\u015far\u0131lara imza atal\u0131m. A\u00e7\u0131k pozisyonlar\u0131m\u0131z\u0131 inceleyin ve kariyerinizde yeni bir ba\u015flang\u0131\u00e7 yapmak i\u00e7in bize kat\u0131l\u0131n.&#8221;<\/p><p>\u00d6zge\u00e7mi\u015flerinizi info@meerlog.com arac\u0131l\u0131\u011f\u0131yla bizlere iletebilir, a\u00e7\u0131k pozisyonlar\u0131m\u0131z i\u00e7in ileti\u015fime ge\u00e7ebilirsiniz.<\/p>\t\t\t\t\t\t<\/div>\n\t\t\t\t<\/div>\n\t\t\t\t\t<\/div>\n\t\t\t\t<\/div>\n\t\t\t\t<\/div>\n\t\t","protected":false},"excerpt":{"rendered":"<p>&#8220;\u0130novasyonu, kaliteyi ve s\u00fcrekli geli\u015fimi \u00f6n planda tutan bir \u015firket olarak, bizimle birlikte b\u00fcy\u00fcmek ve kariyerinde yeni bir ad\u0131m atmak isteyen yetenekli profesyonelleri ar\u0131yoruz. \u00c7al\u0131\u015fanlar\u0131m\u0131z, ba\u015far\u0131m\u0131z\u0131n temel ta\u015flar\u0131d\u0131r ve biz, onlar\u0131n geli\u015fimini destekleyerek g\u00fc\u00e7l\u00fc bir ekip ruhu yaratmay\u0131 hedefliyoruz. \u015eirketimizde, farkl\u0131 disiplinlerde yeteneklerinizi geli\u015ftirebilece\u011finiz, yarat\u0131c\u0131 \u00e7\u00f6z\u00fcmler \u00fcretebilece\u011finiz ve end\u00fcstride iz b\u0131rakabilece\u011finiz bir \u00e7al\u0131\u015fma ortam\u0131 sunuyoruz. &hellip; <\/p>\n<p class=\"link-more\"><a href=\"https:\/\/meerlog.com\/fr\/kariyer\/\" class=\"more-link\">Okumaya devam et<span class=\"screen-reader-text\"> &#8220;Kariyer&#8221;<\/span><\/a><\/p>\n","protected":false},"author":1,"featured_media":0,"parent":0,"menu_order":0,"comment_status":"closed","ping_status":"closed","template":"","meta":{"footnotes":""},"class_list":["post-259","page","type-page","status-publish","hentry"],"yoast_head":"<!-- This site is optimized with the Yoast SEO plugin v23.5 - https:\/\/yoast.com\/wordpress\/plugins\/seo\/ -->\n<title>Kariyer - Meerlog Packaging Industry FR<\/title>\n<meta name=\"robots\" content=\"noindex, follow, max-snippet:-1, max-image-preview:large, max-video-preview:-1\" \/>\n<meta property=\"og:locale\" content=\"tr_TR\" \/>\n<meta property=\"og:type\" content=\"article\" \/>\n<meta property=\"og:title\" content=\"Kariyer - Meerlog Packaging Industry FR\" \/>\n<meta property=\"og:description\" content=\"&#8220;\u0130novasyonu, kaliteyi ve s\u00fcrekli geli\u015fimi \u00f6n planda tutan bir \u015firket olarak, bizimle birlikte b\u00fcy\u00fcmek ve kariyerinde yeni bir ad\u0131m atmak isteyen yetenekli profesyonelleri ar\u0131yoruz. \u00c7al\u0131\u015fanlar\u0131m\u0131z, ba\u015far\u0131m\u0131z\u0131n temel ta\u015flar\u0131d\u0131r ve biz, onlar\u0131n geli\u015fimini destekleyerek g\u00fc\u00e7l\u00fc bir ekip ruhu yaratmay\u0131 hedefliyoruz. \u015eirketimizde, farkl\u0131 disiplinlerde yeteneklerinizi geli\u015ftirebilece\u011finiz, yarat\u0131c\u0131 \u00e7\u00f6z\u00fcmler \u00fcretebilece\u011finiz ve end\u00fcstride iz b\u0131rakabilece\u011finiz bir \u00e7al\u0131\u015fma ortam\u0131 sunuyoruz. &hellip; Okumaya devam et &quot;Kariyer&quot;\" \/>\n<meta property=\"og:url\" content=\"https:\/\/meerlog.com\/fr\/kariyer\/\" \/>\n<meta property=\"og:site_name\" content=\"Meerlog Packaging Industry FR\" \/>\n<meta property=\"article:modified_time\" content=\"2024-09-25T18:25:42+00:00\" \/>\n<meta name=\"twitter:card\" content=\"summary_large_image\" \/>\n<meta name=\"twitter:label1\" content=\"Tahmini okuma s\u00fcresi\" \/>\n\t<meta name=\"twitter:data1\" content=\"1 dakika\" \/>\n<script type=\"application\/ld+json\" class=\"yoast-schema-graph\">{\"@context\":\"https:\/\/schema.org\",\"@graph\":[{\"@type\":\"WebPage\",\"@id\":\"https:\/\/meerlog.com\/fr\/kariyer\/\",\"url\":\"https:\/\/meerlog.com\/fr\/kariyer\/\",\"name\":\"Kariyer - Meerlog Packaging Industry FR\",\"isPartOf\":{\"@id\":\"https:\/\/meerlog.com\/fr\/#website\"},\"datePublished\":\"2024-09-03T13:33:31+00:00\",\"dateModified\":\"2024-09-25T18:25:42+00:00\",\"breadcrumb\":{\"@id\":\"https:\/\/meerlog.com\/fr\/kariyer\/#breadcrumb\"},\"inLanguage\":\"tr\",\"potentialAction\":[{\"@type\":\"ReadAction\",\"target\":[\"https:\/\/meerlog.com\/fr\/kariyer\/\"]}]},{\"@type\":\"BreadcrumbList\",\"@id\":\"https:\/\/meerlog.com\/fr\/kariyer\/#breadcrumb\",\"itemListElement\":[{\"@type\":\"ListItem\",\"position\":1,\"name\":\"Anasayfa\",\"item\":\"https:\/\/meerlog.com\/fr\/\"},{\"@type\":\"ListItem\",\"position\":2,\"name\":\"Kariyer\"}]},{\"@type\":\"WebSite\",\"@id\":\"https:\/\/meerlog.com\/fr\/#website\",\"url\":\"https:\/\/meerlog.com\/fr\/\",\"name\":\"Meerlog Packaging Industry FR\",\"description\":\"- Innovative Solutions\",\"publisher\":{\"@id\":\"https:\/\/meerlog.com\/fr\/#organization\"},\"potentialAction\":[{\"@type\":\"SearchAction\",\"target\":{\"@type\":\"EntryPoint\",\"urlTemplate\":\"https:\/\/meerlog.com\/fr\/?s={search_term_string}\"},\"query-input\":{\"@type\":\"PropertyValueSpecification\",\"valueRequired\":true,\"valueName\":\"search_term_string\"}}],\"inLanguage\":\"tr\"},{\"@type\":\"Organization\",\"@id\":\"https:\/\/meerlog.com\/fr\/#organization\",\"name\":\"Meerlog Packaging Industry FR\",\"url\":\"https:\/\/meerlog.com\/fr\/\",\"logo\":{\"@type\":\"ImageObject\",\"inLanguage\":\"tr\",\"@id\":\"https:\/\/meerlog.com\/fr\/#\/schema\/logo\/image\/\",\"url\":\"https:\/\/meerlog.com\/fr\/wp-content\/uploads\/sites\/5\/2024\/09\/meerlog-logo-1.png\",\"contentUrl\":\"https:\/\/meerlog.com\/fr\/wp-content\/uploads\/sites\/5\/2024\/09\/meerlog-logo-1.png\",\"width\":2000,\"height\":816,\"caption\":\"Meerlog Packaging Industry FR\"},\"image\":{\"@id\":\"https:\/\/meerlog.com\/fr\/#\/schema\/logo\/image\/\"}}]}<\/script>\n<!-- \/ Yoast SEO plugin. -->","yoast_head_json":{"title":"Kariyer - Meerlog Packaging Industry FR","robots":{"index":"noindex","follow":"follow","max-snippet":"max-snippet:-1","max-image-preview":"max-image-preview:large","max-video-preview":"max-video-preview:-1"},"og_locale":"tr_TR","og_type":"article","og_title":"Kariyer - Meerlog Packaging Industry FR","og_description":"&#8220;\u0130novasyonu, kaliteyi ve s\u00fcrekli geli\u015fimi \u00f6n planda tutan bir \u015firket olarak, bizimle birlikte b\u00fcy\u00fcmek ve kariyerinde yeni bir ad\u0131m atmak isteyen yetenekli profesyonelleri ar\u0131yoruz. \u00c7al\u0131\u015fanlar\u0131m\u0131z, ba\u015far\u0131m\u0131z\u0131n temel ta\u015flar\u0131d\u0131r ve biz, onlar\u0131n geli\u015fimini destekleyerek g\u00fc\u00e7l\u00fc bir ekip ruhu yaratmay\u0131 hedefliyoruz. \u015eirketimizde, farkl\u0131 disiplinlerde yeteneklerinizi geli\u015ftirebilece\u011finiz, yarat\u0131c\u0131 \u00e7\u00f6z\u00fcmler \u00fcretebilece\u011finiz ve end\u00fcstride iz b\u0131rakabilece\u011finiz bir \u00e7al\u0131\u015fma ortam\u0131 sunuyoruz. &hellip; Okumaya devam et \"Kariyer\"","og_url":"https:\/\/meerlog.com\/fr\/kariyer\/","og_site_name":"Meerlog Packaging Industry FR","article_modified_time":"2024-09-25T18:25:42+00:00","twitter_card":"summary_large_image","twitter_misc":{"Tahmini okuma s\u00fcresi":"1 dakika"},"schema":{"@context":"https:\/\/schema.org","@graph":[{"@type":"WebPage","@id":"https:\/\/meerlog.com\/fr\/kariyer\/","url":"https:\/\/meerlog.com\/fr\/kariyer\/","name":"Kariyer - Meerlog Packaging Industry FR","isPartOf":{"@id":"https:\/\/meerlog.com\/fr\/#website"},"datePublished":"2024-09-03T13:33:31+00:00","dateModified":"2024-09-25T18:25:42+00:00","breadcrumb":{"@id":"https:\/\/meerlog.com\/fr\/kariyer\/#breadcrumb"},"inLanguage":"tr","potentialAction":[{"@type":"ReadAction","target":["https:\/\/meerlog.com\/fr\/kariyer\/"]}]},{"@type":"BreadcrumbList","@id":"https:\/\/meerlog.com\/fr\/kariyer\/#breadcrumb","itemListElement":[{"@type":"ListItem","position":1,"name":"Anasayfa","item":"https:\/\/meerlog.com\/fr\/"},{"@type":"ListItem","position":2,"name":"Kariyer"}]},{"@type":"WebSite","@id":"https:\/\/meerlog.com\/fr\/#website","url":"https:\/\/meerlog.com\/fr\/","name":"Meerlog Packaging Industry FR","description":"- Innovative Solutions","publisher":{"@id":"https:\/\/meerlog.com\/fr\/#organization"},"potentialAction":[{"@type":"SearchAction","target":{"@type":"EntryPoint","urlTemplate":"https:\/\/meerlog.com\/fr\/?s={search_term_string}"},"query-input":{"@type":"PropertyValueSpecification","valueRequired":true,"valueName":"search_term_string"}}],"inLanguage":"tr"},{"@type":"Organization","@id":"https:\/\/meerlog.com\/fr\/#organization","name":"Meerlog Packaging Industry FR","url":"https:\/\/meerlog.com\/fr\/","logo":{"@type":"ImageObject","inLanguage":"tr","@id":"https:\/\/meerlog.com\/fr\/#\/schema\/logo\/image\/","url":"https:\/\/meerlog.com\/fr\/wp-content\/uploads\/sites\/5\/2024\/09\/meerlog-logo-1.png","contentUrl":"https:\/\/meerlog.com\/fr\/wp-content\/uploads\/sites\/5\/2024\/09\/meerlog-logo-1.png","width":2000,"height":816,"caption":"Meerlog Packaging Industry FR"},"image":{"@id":"https:\/\/meerlog.com\/fr\/#\/schema\/logo\/image\/"}}]}},"_links":{"self":[{"href":"https:\/\/meerlog.com\/fr\/wp-json\/wp\/v2\/pages\/259"}],"collection":[{"href":"https:\/\/meerlog.com\/fr\/wp-json\/wp\/v2\/pages"}],"about":[{"href":"https:\/\/meerlog.com\/fr\/wp-json\/wp\/v2\/types\/page"}],"author":[{"embeddable":true,"href":"https:\/\/meerlog.com\/fr\/wp-json\/wp\/v2\/users\/1"}],"replies":[{"embeddable":true,"href":"https:\/\/meerlog.com\/fr\/wp-json\/wp\/v2\/comments?post=259"}],"version-history":[{"count":11,"href":"https:\/\/meerlog.com\/fr\/wp-json\/wp\/v2\/pages\/259\/revisions"}],"predecessor-version":[{"id":1160,"href":"https:\/\/meerlog.com\/fr\/wp-json\/wp\/v2\/pages\/259\/revisions\/1160"}],"wp:attachment":[{"href":"https:\/\/meerlog.com\/fr\/wp-json\/wp\/v2\/media?parent=259"}],"curies":[{"name":"wp","href":"https:\/\/api.w.org\/{rel}","templated":true}]}}