{"id":412,"date":"2024-09-03T23:54:30","date_gmt":"2024-09-03T20:54:30","guid":{"rendered":"http:\/\/test.meerlog.com\/fr\/?page_id=412"},"modified":"2024-09-25T21:25:23","modified_gmt":"2024-09-25T18:25:23","slug":"blog","status":"publish","type":"page","link":"https:\/\/meerlog.com\/fr\/blog\/","title":{"rendered":"Blog"},"content":{"rendered":"\t\t<div data-elementor-type=\"wp-page\" data-elementor-id=\"412\" class=\"elementor elementor-412\" data-elementor-post-type=\"page\">\n\t\t\t\t<div class=\"elementor-element elementor-element-1f9241b e-flex e-con-boxed e-con e-parent\" data-id=\"1f9241b\" data-element_type=\"container\">\n\t\t\t\t\t<div class=\"e-con-inner\">\n\t\t\t\t<div class=\"elementor-element elementor-element-e18e889 elementor-grid-3 elementor-grid-tablet-2 elementor-grid-mobile-1 elementor-posts--thumbnail-top elementor-card-shadow-yes elementor-posts__hover-gradient elementor-widget elementor-widget-posts\" data-id=\"e18e889\" data-element_type=\"widget\" data-settings=\"{&quot;cards_columns&quot;:&quot;3&quot;,&quot;cards_columns_tablet&quot;:&quot;2&quot;,&quot;cards_columns_mobile&quot;:&quot;1&quot;,&quot;cards_row_gap&quot;:{&quot;unit&quot;:&quot;px&quot;,&quot;size&quot;:35,&quot;sizes&quot;:[]},&quot;cards_row_gap_tablet&quot;:{&quot;unit&quot;:&quot;px&quot;,&quot;size&quot;:&quot;&quot;,&quot;sizes&quot;:[]},&quot;cards_row_gap_mobile&quot;:{&quot;unit&quot;:&quot;px&quot;,&quot;size&quot;:&quot;&quot;,&quot;sizes&quot;:[]}}\" data-widget_type=\"posts.cards\">\n\t\t\t\t<div class=\"elementor-widget-container\">\n\t\t\t\t\t<div class=\"elementor-posts-container elementor-posts elementor-posts--skin-cards elementor-grid\">\n\t\t\t\t<article class=\"elementor-post elementor-grid-item post-935 post type-post status-publish format-standard has-post-thumbnail hentry category-genel\">\n\t\t\t<div class=\"elementor-post__card\">\n\t\t\t\t<a class=\"elementor-post__thumbnail__link\" href=\"https:\/\/meerlog.com\/fr\/blog\/cbam\/\" tabindex=\"-1\" ><div class=\"elementor-post__thumbnail\"><img fetchpriority=\"high\" decoding=\"async\" width=\"448\" height=\"400\" src=\"https:\/\/meerlog.com\/fr\/wp-content\/uploads\/sites\/5\/2024\/09\/CBAM_-_Partners_Banners_1000x400px_v1-EC_logo-1-2-e1726059128713.jpg\" class=\"attachment-full size-full wp-image-938\" alt=\"\" srcset=\"https:\/\/meerlog.com\/fr\/wp-content\/uploads\/sites\/5\/2024\/09\/CBAM_-_Partners_Banners_1000x400px_v1-EC_logo-1-2-e1726059128713.jpg 448w, https:\/\/meerlog.com\/fr\/wp-content\/uploads\/sites\/5\/2024\/09\/CBAM_-_Partners_Banners_1000x400px_v1-EC_logo-1-2-e1726059128713-300x268.jpg 300w\" sizes=\"100vw\" \/><\/div><\/a>\n\t\t\t\t<div class=\"elementor-post__text\">\n\t\t\t\t<h3 class=\"elementor-post__title\">\n\t\t\t<a href=\"https:\/\/meerlog.com\/fr\/blog\/cbam\/\" >\n\t\t\t\tCarbon Border Adjustment Mechanism (CBAM)\t\t\t<\/a>\n\t\t<\/h3>\n\t\t\n\t\t<a class=\"elementor-post__read-more\" href=\"https:\/\/meerlog.com\/fr\/blog\/cbam\/\" aria-label=\"Read more about Carbon Border Adjustment Mechanism (CBAM)\" tabindex=\"-1\" >\n\t\t\tDevam\u0131 \u00bb\t\t<\/a>\n\n\t\t\t\t<\/div>\n\t\t\t\t<div class=\"elementor-post__meta-data\">\n\t\t\t\t\t<span class=\"elementor-post-date\">\n\t\t\t11\/09\/2024\t\t<\/span>\n\t\t\t\t<\/div>\n\t\t\t\t\t<\/div>\n\t\t<\/article>\n\t\t\t\t<article class=\"elementor-post elementor-grid-item post-169 post type-post status-publish format-standard has-post-thumbnail hentry category-genel\">\n\t\t\t<div class=\"elementor-post__card\">\n\t\t\t\t<a class=\"elementor-post__thumbnail__link\" href=\"https:\/\/meerlog.com\/fr\/blog\/victoryday\/\" tabindex=\"-1\" ><div class=\"elementor-post__thumbnail\"><img decoding=\"async\" width=\"601\" height=\"695\" src=\"https:\/\/meerlog.com\/fr\/wp-content\/uploads\/sites\/5\/2024\/09\/Victory-Day-e1726059250391.jpg\" class=\"attachment-full size-full wp-image-289\" alt=\"\" srcset=\"https:\/\/meerlog.com\/fr\/wp-content\/uploads\/sites\/5\/2024\/09\/Victory-Day-e1726059250391.jpg 601w, https:\/\/meerlog.com\/fr\/wp-content\/uploads\/sites\/5\/2024\/09\/Victory-Day-e1726059250391-259x300.jpg 259w\" sizes=\"100vw\" \/><\/div><\/a>\n\t\t\t\t<div class=\"elementor-post__text\">\n\t\t\t\t<h3 class=\"elementor-post__title\">\n\t\t\t<a href=\"https:\/\/meerlog.com\/fr\/blog\/victoryday\/\" >\n\t\t\t\t30 A\u011fustos Zafer Bayram\u0131 Kutlu Olsun !\t\t\t<\/a>\n\t\t<\/h3>\n\t\t\n\t\t<a class=\"elementor-post__read-more\" href=\"https:\/\/meerlog.com\/fr\/blog\/victoryday\/\" aria-label=\"Read more about 30 A\u011fustos Zafer Bayram\u0131 Kutlu Olsun !\" tabindex=\"-1\" >\n\t\t\tDevam\u0131 \u00bb\t\t<\/a>\n\n\t\t\t\t<\/div>\n\t\t\t\t<div class=\"elementor-post__meta-data\">\n\t\t\t\t\t<span class=\"elementor-post-date\">\n\t\t\t03\/09\/2024\t\t<\/span>\n\t\t\t\t<\/div>\n\t\t\t\t\t<\/div>\n\t\t<\/article>\n\t\t\t\t<article class=\"elementor-post elementor-grid-item post-168 post type-post status-publish format-standard hentry category-genel\">\n\t\t\t<div class=\"elementor-post__card\">\n\t\t\t\t<div class=\"elementor-post__text\">\n\t\t\t\t<h3 class=\"elementor-post__title\">\n\t\t\t<a href=\"https:\/\/meerlog.com\/fr\/blog\/tanitimfilmi\/\" >\n\t\t\t\tAt\u0131l\u0131mc\u0131 Group Tan\u0131t\u0131m Filmi Yay\u0131nland\u0131 !\t\t\t<\/a>\n\t\t<\/h3>\n\t\t\n\t\t<a class=\"elementor-post__read-more\" href=\"https:\/\/meerlog.com\/fr\/blog\/tanitimfilmi\/\" aria-label=\"Read more about At\u0131l\u0131mc\u0131 Group Tan\u0131t\u0131m Filmi Yay\u0131nland\u0131 !\" tabindex=\"-1\" >\n\t\t\tDevam\u0131 \u00bb\t\t<\/a>\n\n\t\t\t\t<\/div>\n\t\t\t\t<div class=\"elementor-post__meta-data\">\n\t\t\t\t\t<span class=\"elementor-post-date\">\n\t\t\t03\/09\/2024\t\t<\/span>\n\t\t\t\t<\/div>\n\t\t\t\t\t<\/div>\n\t\t<\/article>\n\t\t\t\t<\/div>\n\t\t\n\t\t\t\t<\/div>\n\t\t\t\t<\/div>\n\t\t\t\t\t<\/div>\n\t\t\t\t<\/div>\n\t\t\t\t<\/div>\n\t\t","protected":false},"excerpt":{"rendered":"","protected":false},"author":2,"featured_media":0,"parent":0,"menu_order":0,"comment_status":"closed","ping_status":"closed","template":"","meta":{"footnotes":""},"class_list":["post-412","page","type-page","status-publish","hentry"],"yoast_head":"<!-- This site is optimized with the Yoast SEO plugin v23.5 - https:\/\/yoast.com\/wordpress\/plugins\/seo\/ -->\n<title>Blog - Meerlog Packaging Industry FR<\/title>\n<meta name=\"robots\" content=\"noindex, follow, max-snippet:-1, max-image-preview:large, max-video-preview:-1\" \/>\n<meta property=\"og:locale\" content=\"tr_TR\" \/>\n<meta property=\"og:type\" content=\"article\" \/>\n<meta property=\"og:title\" content=\"Blog - Meerlog Packaging Industry FR\" \/>\n<meta property=\"og:url\" content=\"https:\/\/meerlog.com\/fr\/blog\/\" \/>\n<meta property=\"og:site_name\" content=\"Meerlog Packaging Industry FR\" \/>\n<meta property=\"article:modified_time\" content=\"2024-09-25T18:25:23+00:00\" \/>\n<meta name=\"twitter:card\" content=\"summary_large_image\" \/>\n<meta name=\"twitter:label1\" content=\"Tahmini okuma s\u00fcresi\" \/>\n\t<meta name=\"twitter:data1\" content=\"1 dakika\" \/>\n<script type=\"application\/ld+json\" class=\"yoast-schema-graph\">{\"@context\":\"https:\/\/schema.org\",\"@graph\":[{\"@type\":\"WebPage\",\"@id\":\"https:\/\/meerlog.com\/fr\/blog\/\",\"url\":\"https:\/\/meerlog.com\/fr\/blog\/\",\"name\":\"Blog - Meerlog Packaging Industry FR\",\"isPartOf\":{\"@id\":\"https:\/\/meerlog.com\/fr\/#website\"},\"datePublished\":\"2024-09-03T20:54:30+00:00\",\"dateModified\":\"2024-09-25T18:25:23+00:00\",\"breadcrumb\":{\"@id\":\"https:\/\/meerlog.com\/fr\/blog\/#breadcrumb\"},\"inLanguage\":\"tr\",\"potentialAction\":[{\"@type\":\"ReadAction\",\"target\":[\"https:\/\/meerlog.com\/fr\/blog\/\"]}]},{\"@type\":\"BreadcrumbList\",\"@id\":\"https:\/\/meerlog.com\/fr\/blog\/#breadcrumb\",\"itemListElement\":[{\"@type\":\"ListItem\",\"position\":1,\"name\":\"Anasayfa\",\"item\":\"https:\/\/meerlog.com\/fr\/\"},{\"@type\":\"ListItem\",\"position\":2,\"name\":\"Blog\"}]},{\"@type\":\"WebSite\",\"@id\":\"https:\/\/meerlog.com\/fr\/#website\",\"url\":\"https:\/\/meerlog.com\/fr\/\",\"name\":\"Meerlog Packaging Industry FR\",\"description\":\"- Innovative Solutions\",\"publisher\":{\"@id\":\"https:\/\/meerlog.com\/fr\/#organization\"},\"potentialAction\":[{\"@type\":\"SearchAction\",\"target\":{\"@type\":\"EntryPoint\",\"urlTemplate\":\"https:\/\/meerlog.com\/fr\/?s={search_term_string}\"},\"query-input\":{\"@type\":\"PropertyValueSpecification\",\"valueRequired\":true,\"valueName\":\"search_term_string\"}}],\"inLanguage\":\"tr\"},{\"@type\":\"Organization\",\"@id\":\"https:\/\/meerlog.com\/fr\/#organization\",\"name\":\"Meerlog Packaging Industry FR\",\"url\":\"https:\/\/meerlog.com\/fr\/\",\"logo\":{\"@type\":\"ImageObject\",\"inLanguage\":\"tr\",\"@id\":\"https:\/\/meerlog.com\/fr\/#\/schema\/logo\/image\/\",\"url\":\"https:\/\/meerlog.com\/fr\/wp-content\/uploads\/sites\/5\/2024\/09\/meerlog-logo-1.png\",\"contentUrl\":\"https:\/\/meerlog.com\/fr\/wp-content\/uploads\/sites\/5\/2024\/09\/meerlog-logo-1.png\",\"width\":2000,\"height\":816,\"caption\":\"Meerlog Packaging Industry FR\"},\"image\":{\"@id\":\"https:\/\/meerlog.com\/fr\/#\/schema\/logo\/image\/\"}}]}<\/script>\n<!-- \/ Yoast SEO plugin. -->","yoast_head_json":{"title":"Blog - Meerlog Packaging Industry FR","robots":{"index":"noindex","follow":"follow","max-snippet":"max-snippet:-1","max-image-preview":"max-image-preview:large","max-video-preview":"max-video-preview:-1"},"og_locale":"tr_TR","og_type":"article","og_title":"Blog - Meerlog Packaging Industry FR","og_url":"https:\/\/meerlog.com\/fr\/blog\/","og_site_name":"Meerlog Packaging Industry FR","article_modified_time":"2024-09-25T18:25:23+00:00","twitter_card":"summary_large_image","twitter_misc":{"Tahmini okuma s\u00fcresi":"1 dakika"},"schema":{"@context":"https:\/\/schema.org","@graph":[{"@type":"WebPage","@id":"https:\/\/meerlog.com\/fr\/blog\/","url":"https:\/\/meerlog.com\/fr\/blog\/","name":"Blog - Meerlog Packaging Industry FR","isPartOf":{"@id":"https:\/\/meerlog.com\/fr\/#website"},"datePublished":"2024-09-03T20:54:30+00:00","dateModified":"2024-09-25T18:25:23+00:00","breadcrumb":{"@id":"https:\/\/meerlog.com\/fr\/blog\/#breadcrumb"},"inLanguage":"tr","potentialAction":[{"@type":"ReadAction","target":["https:\/\/meerlog.com\/fr\/blog\/"]}]},{"@type":"BreadcrumbList","@id":"https:\/\/meerlog.com\/fr\/blog\/#breadcrumb","itemListElement":[{"@type":"ListItem","position":1,"name":"Anasayfa","item":"https:\/\/meerlog.com\/fr\/"},{"@type":"ListItem","position":2,"name":"Blog"}]},{"@type":"WebSite","@id":"https:\/\/meerlog.com\/fr\/#website","url":"https:\/\/meerlog.com\/fr\/","name":"Meerlog Packaging Industry FR","description":"- Innovative Solutions","publisher":{"@id":"https:\/\/meerlog.com\/fr\/#organization"},"potentialAction":[{"@type":"SearchAction","target":{"@type":"EntryPoint","urlTemplate":"https:\/\/meerlog.com\/fr\/?s={search_term_string}"},"query-input":{"@type":"PropertyValueSpecification","valueRequired":true,"valueName":"search_term_string"}}],"inLanguage":"tr"},{"@type":"Organization","@id":"https:\/\/meerlog.com\/fr\/#organization","name":"Meerlog Packaging Industry FR","url":"https:\/\/meerlog.com\/fr\/","logo":{"@type":"ImageObject","inLanguage":"tr","@id":"https:\/\/meerlog.com\/fr\/#\/schema\/logo\/image\/","url":"https:\/\/meerlog.com\/fr\/wp-content\/uploads\/sites\/5\/2024\/09\/meerlog-logo-1.png","contentUrl":"https:\/\/meerlog.com\/fr\/wp-content\/uploads\/sites\/5\/2024\/09\/meerlog-logo-1.png","width":2000,"height":816,"caption":"Meerlog Packaging Industry FR"},"image":{"@id":"https:\/\/meerlog.com\/fr\/#\/schema\/logo\/image\/"}}]}},"_links":{"self":[{"href":"https:\/\/meerlog.com\/fr\/wp-json\/wp\/v2\/pages\/412"}],"collection":[{"href":"https:\/\/meerlog.com\/fr\/wp-json\/wp\/v2\/pages"}],"about":[{"href":"https:\/\/meerlog.com\/fr\/wp-json\/wp\/v2\/types\/page"}],"author":[{"embeddable":true,"href":"https:\/\/meerlog.com\/fr\/wp-json\/wp\/v2\/users\/2"}],"replies":[{"embeddable":true,"href":"https:\/\/meerlog.com\/fr\/wp-json\/wp\/v2\/comments?post=412"}],"version-history":[{"count":12,"href":"https:\/\/meerlog.com\/fr\/wp-json\/wp\/v2\/pages\/412\/revisions"}],"predecessor-version":[{"id":1157,"href":"https:\/\/meerlog.com\/fr\/wp-json\/wp\/v2\/pages\/412\/revisions\/1157"}],"wp:attachment":[{"href":"https:\/\/meerlog.com\/fr\/wp-json\/wp\/v2\/media?parent=412"}],"curies":[{"name":"wp","href":"https:\/\/api.w.org\/{rel}","templated":true}]}}