{"id":562,"date":"2024-09-04T21:42:49","date_gmt":"2024-09-04T18:42:49","guid":{"rendered":"http:\/\/test.meerlog.com\/fr\/?post_type=product&#038;p=562"},"modified":"2024-09-06T13:59:35","modified_gmt":"2024-09-06T10:59:35","slug":"palet","status":"publish","type":"product","link":"https:\/\/meerlog.com\/fr\/urun\/palet\/","title":{"rendered":"Euro Palet 1200 x 1000 x 144 mm"},"content":{"rendered":"<p><strong><span class=\"title\">\u00dcr\u00fcn \u00d6zellikleri<\/span><\/strong><\/p>\n<ul>\n<li><strong><span class=\"spec-label\">Stok Kodu<\/span><\/strong><strong><span class=\"spec-label\">: <\/span><\/strong><span class=\"spec-label\">WP002<\/span><\/li>\n<li><strong><span class=\"spec-label\">Uzunluk (mm):\u00a0<\/span><\/strong><span class=\"spec-value\">1200<\/span><\/li>\n<li><strong><span class=\"spec-label\">Geni\u015flik (mm):\u00a0<\/span><\/strong><span class=\"spec-value\">1000<\/span><\/li>\n<li><strong><span class=\"spec-label\">Y\u00fckseklik(mm):\u00a0<\/span><\/strong><span class=\"spec-value\">144<\/span><\/li>\n<li><strong><span class=\"spec-label\">A\u011f\u0131rl\u0131k (kg): <\/span><\/strong><span class=\"spec-label\">20<\/span><\/li>\n<li><strong><span class=\"spec-label\">Y\u00fckleme Kapasitesi (kg):\u00a0<\/span><\/strong><span class=\"spec-value\">750<\/span><\/li>\n<li><strong><span class=\"spec-label\">Malzeme:\u00a0<\/span><\/strong><span class=\"spec-value\">Ah\u015fap<\/span><\/li>\n<\/ul>\n","protected":false},"excerpt":{"rendered":"<p><strong><span class=\"title\">\u00dcr\u00fcn \u00d6zellikleri<\/span><\/strong><\/p>\n<ul>\n<li><strong><span class=\"spec-label\">Stok Kodu<\/span><\/strong><strong><span class=\"spec-label\">: <\/span><\/strong><span class=\"spec-label\">WP002<\/span><\/li>\n<li><strong><span class=\"spec-label\">Uzunluk (mm):\u00a0<\/span><\/strong><span class=\"spec-value\">1200<\/span><\/li>\n<li><strong><span class=\"spec-label\">Geni\u015flik (mm):\u00a0<\/span><\/strong><span class=\"spec-value\">1000<\/span><\/li>\n<li><strong><span class=\"spec-label\">Y\u00fckseklik(mm):\u00a0<\/span><\/strong><span class=\"spec-value\">144<\/span><\/li>\n<li><strong><span class=\"spec-label\">A\u011f\u0131rl\u0131k (kg): <\/span><\/strong><span class=\"spec-label\">20<\/span><\/li>\n<li><strong><span class=\"spec-label\">Y\u00fckleme Kapasitesi (kg):\u00a0<\/span><\/strong><span class=\"spec-value\">750<\/span><\/li>\n<li><strong><span class=\"spec-label\">Malzeme:\u00a0<\/span><\/strong><span class=\"spec-value\">Ah\u015fap<\/span><\/li>\n<\/ul>\n","protected":false},"featured_media":648,"comment_status":"open","ping_status":"closed","template":"","meta":[],"product_cat":[21],"product_tag":[],"class_list":{"0":"post-562","1":"product","2":"type-product","3":"status-publish","4":"has-post-thumbnail","6":"product_cat-ahsap-palet","8":"first","9":"instock","10":"shipping-taxable","11":"product-type-simple"},"yoast_head":"<!-- This site is optimized with the Yoast SEO plugin v23.5 - https:\/\/yoast.com\/wordpress\/plugins\/seo\/ -->\n<title>Euro Palet 1200 x 1000 x 144 mm - Meerlog Packaging Industry FR<\/title>\n<meta name=\"robots\" content=\"noindex, follow, max-snippet:-1, max-image-preview:large, max-video-preview:-1\" \/>\n<meta property=\"og:locale\" content=\"tr_TR\" \/>\n<meta property=\"og:type\" content=\"article\" \/>\n<meta property=\"og:title\" content=\"Euro Palet 1200 x 1000 x 144 mm - Meerlog Packaging Industry FR\" \/>\n<meta property=\"og:description\" content=\"\u00dcr\u00fcn \u00d6zellikleri   Stok Kodu: WP002  Uzunluk (mm):\u00a01200  Geni\u015flik (mm):\u00a01000  Y\u00fckseklik(mm):\u00a0144  A\u011f\u0131rl\u0131k (kg): 20  Y\u00fckleme Kapasitesi (kg):\u00a0750  Malzeme:\u00a0Ah\u015fap\" \/>\n<meta property=\"og:url\" content=\"https:\/\/meerlog.com\/fr\/urun\/palet\/\" \/>\n<meta property=\"og:site_name\" content=\"Meerlog Packaging Industry FR\" \/>\n<meta property=\"article:modified_time\" content=\"2024-09-06T10:59:35+00:00\" \/>\n<meta property=\"og:image\" content=\"https:\/\/meerlog.com\/fr\/wp-content\/uploads\/sites\/5\/2024\/09\/WP001-2.png\" \/>\n\t<meta property=\"og:image:width\" content=\"1028\" \/>\n\t<meta property=\"og:image:height\" content=\"770\" \/>\n\t<meta property=\"og:image:type\" content=\"image\/png\" \/>\n<meta name=\"twitter:card\" content=\"summary_large_image\" \/>\n<meta name=\"twitter:label1\" content=\"Tahmini okuma s\u00fcresi\" \/>\n\t<meta name=\"twitter:data1\" content=\"1 dakika\" \/>\n<script type=\"application\/ld+json\" class=\"yoast-schema-graph\">{\"@context\":\"https:\/\/schema.org\",\"@graph\":[{\"@type\":\"WebPage\",\"@id\":\"https:\/\/meerlog.com\/fr\/urun\/palet\/\",\"url\":\"https:\/\/meerlog.com\/fr\/urun\/palet\/\",\"name\":\"Euro Palet 1200 x 1000 x 144 mm - Meerlog Packaging Industry FR\",\"isPartOf\":{\"@id\":\"https:\/\/meerlog.com\/fr\/#website\"},\"primaryImageOfPage\":{\"@id\":\"https:\/\/meerlog.com\/fr\/urun\/palet\/#primaryimage\"},\"image\":{\"@id\":\"https:\/\/meerlog.com\/fr\/urun\/palet\/#primaryimage\"},\"thumbnailUrl\":\"https:\/\/meerlog.com\/fr\/wp-content\/uploads\/sites\/5\/2024\/09\/WP001-2.png\",\"datePublished\":\"2024-09-04T18:42:49+00:00\",\"dateModified\":\"2024-09-06T10:59:35+00:00\",\"breadcrumb\":{\"@id\":\"https:\/\/meerlog.com\/fr\/urun\/palet\/#breadcrumb\"},\"inLanguage\":\"tr\",\"potentialAction\":[{\"@type\":\"ReadAction\",\"target\":[\"https:\/\/meerlog.com\/fr\/urun\/palet\/\"]}]},{\"@type\":\"ImageObject\",\"inLanguage\":\"tr\",\"@id\":\"https:\/\/meerlog.com\/fr\/urun\/palet\/#primaryimage\",\"url\":\"https:\/\/meerlog.com\/fr\/wp-content\/uploads\/sites\/5\/2024\/09\/WP001-2.png\",\"contentUrl\":\"https:\/\/meerlog.com\/fr\/wp-content\/uploads\/sites\/5\/2024\/09\/WP001-2.png\",\"width\":1028,\"height\":770},{\"@type\":\"BreadcrumbList\",\"@id\":\"https:\/\/meerlog.com\/fr\/urun\/palet\/#breadcrumb\",\"itemListElement\":[{\"@type\":\"ListItem\",\"position\":1,\"name\":\"Anasayfa\",\"item\":\"https:\/\/meerlog.com\/fr\/\"},{\"@type\":\"ListItem\",\"position\":2,\"name\":\"Ma\u011faza\",\"item\":\"https:\/\/meerlog.com\/fr\/magaza\/\"},{\"@type\":\"ListItem\",\"position\":3,\"name\":\"Euro Palet 1200 x 1000 x 144 mm\"}]},{\"@type\":\"WebSite\",\"@id\":\"https:\/\/meerlog.com\/fr\/#website\",\"url\":\"https:\/\/meerlog.com\/fr\/\",\"name\":\"Meerlog Packaging Industry FR\",\"description\":\"- Innovative Solutions\",\"publisher\":{\"@id\":\"https:\/\/meerlog.com\/fr\/#organization\"},\"potentialAction\":[{\"@type\":\"SearchAction\",\"target\":{\"@type\":\"EntryPoint\",\"urlTemplate\":\"https:\/\/meerlog.com\/fr\/?s={search_term_string}\"},\"query-input\":{\"@type\":\"PropertyValueSpecification\",\"valueRequired\":true,\"valueName\":\"search_term_string\"}}],\"inLanguage\":\"tr\"},{\"@type\":\"Organization\",\"@id\":\"https:\/\/meerlog.com\/fr\/#organization\",\"name\":\"Meerlog Packaging Industry FR\",\"url\":\"https:\/\/meerlog.com\/fr\/\",\"logo\":{\"@type\":\"ImageObject\",\"inLanguage\":\"tr\",\"@id\":\"https:\/\/meerlog.com\/fr\/#\/schema\/logo\/image\/\",\"url\":\"https:\/\/meerlog.com\/fr\/wp-content\/uploads\/sites\/5\/2024\/09\/meerlog-logo-1.png\",\"contentUrl\":\"https:\/\/meerlog.com\/fr\/wp-content\/uploads\/sites\/5\/2024\/09\/meerlog-logo-1.png\",\"width\":2000,\"height\":816,\"caption\":\"Meerlog Packaging Industry FR\"},\"image\":{\"@id\":\"https:\/\/meerlog.com\/fr\/#\/schema\/logo\/image\/\"}}]}<\/script>\n<!-- \/ Yoast SEO plugin. -->","yoast_head_json":{"title":"Euro Palet 1200 x 1000 x 144 mm - Meerlog Packaging Industry FR","robots":{"index":"noindex","follow":"follow","max-snippet":"max-snippet:-1","max-image-preview":"max-image-preview:large","max-video-preview":"max-video-preview:-1"},"og_locale":"tr_TR","og_type":"article","og_title":"Euro Palet 1200 x 1000 x 144 mm - Meerlog Packaging Industry FR","og_description":"\u00dcr\u00fcn \u00d6zellikleri   Stok Kodu: WP002  Uzunluk (mm):\u00a01200  Geni\u015flik (mm):\u00a01000  Y\u00fckseklik(mm):\u00a0144  A\u011f\u0131rl\u0131k (kg): 20  Y\u00fckleme Kapasitesi (kg):\u00a0750  Malzeme:\u00a0Ah\u015fap","og_url":"https:\/\/meerlog.com\/fr\/urun\/palet\/","og_site_name":"Meerlog Packaging Industry FR","article_modified_time":"2024-09-06T10:59:35+00:00","og_image":[{"width":1028,"height":770,"url":"https:\/\/meerlog.com\/fr\/wp-content\/uploads\/sites\/5\/2024\/09\/WP001-2.png","type":"image\/png"}],"twitter_card":"summary_large_image","twitter_misc":{"Tahmini okuma s\u00fcresi":"1 dakika"},"schema":{"@context":"https:\/\/schema.org","@graph":[{"@type":"WebPage","@id":"https:\/\/meerlog.com\/fr\/urun\/palet\/","url":"https:\/\/meerlog.com\/fr\/urun\/palet\/","name":"Euro Palet 1200 x 1000 x 144 mm - Meerlog Packaging Industry FR","isPartOf":{"@id":"https:\/\/meerlog.com\/fr\/#website"},"primaryImageOfPage":{"@id":"https:\/\/meerlog.com\/fr\/urun\/palet\/#primaryimage"},"image":{"@id":"https:\/\/meerlog.com\/fr\/urun\/palet\/#primaryimage"},"thumbnailUrl":"https:\/\/meerlog.com\/fr\/wp-content\/uploads\/sites\/5\/2024\/09\/WP001-2.png","datePublished":"2024-09-04T18:42:49+00:00","dateModified":"2024-09-06T10:59:35+00:00","breadcrumb":{"@id":"https:\/\/meerlog.com\/fr\/urun\/palet\/#breadcrumb"},"inLanguage":"tr","potentialAction":[{"@type":"ReadAction","target":["https:\/\/meerlog.com\/fr\/urun\/palet\/"]}]},{"@type":"ImageObject","inLanguage":"tr","@id":"https:\/\/meerlog.com\/fr\/urun\/palet\/#primaryimage","url":"https:\/\/meerlog.com\/fr\/wp-content\/uploads\/sites\/5\/2024\/09\/WP001-2.png","contentUrl":"https:\/\/meerlog.com\/fr\/wp-content\/uploads\/sites\/5\/2024\/09\/WP001-2.png","width":1028,"height":770},{"@type":"BreadcrumbList","@id":"https:\/\/meerlog.com\/fr\/urun\/palet\/#breadcrumb","itemListElement":[{"@type":"ListItem","position":1,"name":"Anasayfa","item":"https:\/\/meerlog.com\/fr\/"},{"@type":"ListItem","position":2,"name":"Ma\u011faza","item":"https:\/\/meerlog.com\/fr\/magaza\/"},{"@type":"ListItem","position":3,"name":"Euro Palet 1200 x 1000 x 144 mm"}]},{"@type":"WebSite","@id":"https:\/\/meerlog.com\/fr\/#website","url":"https:\/\/meerlog.com\/fr\/","name":"Meerlog Packaging Industry FR","description":"- Innovative Solutions","publisher":{"@id":"https:\/\/meerlog.com\/fr\/#organization"},"potentialAction":[{"@type":"SearchAction","target":{"@type":"EntryPoint","urlTemplate":"https:\/\/meerlog.com\/fr\/?s={search_term_string}"},"query-input":{"@type":"PropertyValueSpecification","valueRequired":true,"valueName":"search_term_string"}}],"inLanguage":"tr"},{"@type":"Organization","@id":"https:\/\/meerlog.com\/fr\/#organization","name":"Meerlog Packaging Industry FR","url":"https:\/\/meerlog.com\/fr\/","logo":{"@type":"ImageObject","inLanguage":"tr","@id":"https:\/\/meerlog.com\/fr\/#\/schema\/logo\/image\/","url":"https:\/\/meerlog.com\/fr\/wp-content\/uploads\/sites\/5\/2024\/09\/meerlog-logo-1.png","contentUrl":"https:\/\/meerlog.com\/fr\/wp-content\/uploads\/sites\/5\/2024\/09\/meerlog-logo-1.png","width":2000,"height":816,"caption":"Meerlog Packaging Industry FR"},"image":{"@id":"https:\/\/meerlog.com\/fr\/#\/schema\/logo\/image\/"}}]}},"_links":{"self":[{"href":"https:\/\/meerlog.com\/fr\/wp-json\/wp\/v2\/product\/562"}],"collection":[{"href":"https:\/\/meerlog.com\/fr\/wp-json\/wp\/v2\/product"}],"about":[{"href":"https:\/\/meerlog.com\/fr\/wp-json\/wp\/v2\/types\/product"}],"replies":[{"embeddable":true,"href":"https:\/\/meerlog.com\/fr\/wp-json\/wp\/v2\/comments?post=562"}],"wp:featuredmedia":[{"embeddable":true,"href":"https:\/\/meerlog.com\/fr\/wp-json\/wp\/v2\/media\/648"}],"wp:attachment":[{"href":"https:\/\/meerlog.com\/fr\/wp-json\/wp\/v2\/media?parent=562"}],"wp:term":[{"taxonomy":"product_cat","embeddable":true,"href":"https:\/\/meerlog.com\/fr\/wp-json\/wp\/v2\/product_cat?post=562"},{"taxonomy":"product_tag","embeddable":true,"href":"https:\/\/meerlog.com\/fr\/wp-json\/wp\/v2\/product_tag?post=562"}],"curies":[{"name":"wp","href":"https:\/\/api.w.org\/{rel}","templated":true}]}}