{"id":567,"date":"2024-09-05T09:20:22","date_gmt":"2024-09-05T06:20:22","guid":{"rendered":"http:\/\/test.meerlog.com\/fr\/?post_type=product&#038;p=567"},"modified":"2024-09-06T13:58:55","modified_gmt":"2024-09-06T10:58:55","slug":"plastik-palet-1200-x-800-x-150-mm","status":"publish","type":"product","link":"https:\/\/meerlog.com\/fr\/urun\/plastik-palet-1200-x-800-x-150-mm\/","title":{"rendered":"Plastik Palet &#8211; 1200 x 800 x 150 mm"},"content":{"rendered":"<p><strong><span class=\"title\">\u00dcr\u00fcn \u00d6zellikleri<\/span><\/strong><\/p>\n<ul>\n<li><strong><span class=\"spec-label\">Stok Kodu<\/span><\/strong><strong><span class=\"spec-label\">: <\/span><\/strong><span class=\"spec-label\">PP001<\/span><\/li>\n<li><strong><span class=\"spec-label\">Uzunluk (mm):\u00a0<\/span><\/strong><span class=\"spec-value\">1200<\/span><\/li>\n<li><strong><span class=\"spec-label\">Geni\u015flik (mm):\u00a0<\/span><\/strong><span class=\"spec-value\">800<\/span><\/li>\n<li><strong><span class=\"spec-label\">Y\u00fckseklik(mm):\u00a0<\/span><\/strong><span class=\"spec-value\">150<\/span><\/li>\n<li><strong><span class=\"spec-label\">A\u011f\u0131rl\u0131k (kg): <\/span><\/strong><span class=\"spec-label\">10<\/span><\/li>\n<li><strong><span class=\"spec-label\">Y\u00fckleme Kapasitesi (kg):\u00a0<\/span><\/strong><span class=\"spec-value\">1000<\/span><\/li>\n<li><strong><span class=\"spec-label\">Malzeme:\u00a0<\/span><\/strong><span class=\"spec-value\">Plastik<\/span><\/li>\n<\/ul>\n","protected":false},"excerpt":{"rendered":"<p><strong><span class=\"title\">\u00dcr\u00fcn \u00d6zellikleri<\/span><\/strong><\/p>\n<ul>\n<li><strong><span class=\"spec-label\">Stok Kodu<\/span><\/strong><strong><span class=\"spec-label\">: <\/span><\/strong><span class=\"spec-label\">PP001<\/span><\/li>\n<li><strong><span class=\"spec-label\">Uzunluk (mm):\u00a0<\/span><\/strong><span class=\"spec-value\">1200<\/span><\/li>\n<li><strong><span class=\"spec-label\">Geni\u015flik (mm):\u00a0<\/span><\/strong><span class=\"spec-value\">800<\/span><\/li>\n<li><strong><span class=\"spec-label\">Y\u00fckseklik(mm):\u00a0<\/span><\/strong><span class=\"spec-value\">150<\/span><\/li>\n<li><strong><span class=\"spec-label\">A\u011f\u0131rl\u0131k (kg): <\/span><\/strong><span class=\"spec-label\">10<\/span><\/li>\n<li><strong><span class=\"spec-label\">Y\u00fckleme Kapasitesi (kg):\u00a0<\/span><\/strong><span class=\"spec-value\">1000<\/span><\/li>\n<li><strong><span class=\"spec-label\">Malzeme:\u00a0<\/span><\/strong><span class=\"spec-value\">Plastik<\/span><\/li>\n<\/ul>\n","protected":false},"featured_media":647,"comment_status":"open","ping_status":"closed","template":"","meta":[],"product_cat":[22],"product_tag":[],"class_list":{"0":"post-567","1":"product","2":"type-product","3":"status-publish","4":"has-post-thumbnail","6":"product_cat-plastik-palet","8":"first","9":"instock","10":"shipping-taxable","11":"product-type-simple"},"yoast_head":"<!-- This site is optimized with the Yoast SEO plugin v23.5 - https:\/\/yoast.com\/wordpress\/plugins\/seo\/ -->\n<title>Plastik Palet - 1200 x 800 x 150 mm - Meerlog Packaging Industry FR<\/title>\n<meta name=\"robots\" content=\"noindex, follow, max-snippet:-1, max-image-preview:large, max-video-preview:-1\" \/>\n<meta property=\"og:locale\" content=\"tr_TR\" \/>\n<meta property=\"og:type\" content=\"article\" \/>\n<meta property=\"og:title\" content=\"Plastik Palet - 1200 x 800 x 150 mm - Meerlog Packaging Industry FR\" \/>\n<meta property=\"og:description\" content=\"\u00dcr\u00fcn \u00d6zellikleri   Stok Kodu: PP001  Uzunluk (mm):\u00a01200  Geni\u015flik (mm):\u00a0800  Y\u00fckseklik(mm):\u00a0150  A\u011f\u0131rl\u0131k (kg): 10  Y\u00fckleme Kapasitesi (kg):\u00a01000  Malzeme:\u00a0Plastik\" \/>\n<meta property=\"og:url\" content=\"https:\/\/meerlog.com\/fr\/urun\/plastik-palet-1200-x-800-x-150-mm\/\" \/>\n<meta property=\"og:site_name\" content=\"Meerlog Packaging Industry FR\" \/>\n<meta property=\"article:modified_time\" content=\"2024-09-06T10:58:55+00:00\" \/>\n<meta property=\"og:image\" content=\"https:\/\/meerlog.com\/fr\/wp-content\/uploads\/sites\/5\/2024\/09\/PP01.png\" \/>\n\t<meta property=\"og:image:width\" content=\"1028\" \/>\n\t<meta property=\"og:image:height\" content=\"770\" \/>\n\t<meta property=\"og:image:type\" content=\"image\/png\" \/>\n<meta name=\"twitter:card\" content=\"summary_large_image\" \/>\n<meta name=\"twitter:label1\" content=\"Tahmini okuma s\u00fcresi\" \/>\n\t<meta name=\"twitter:data1\" content=\"1 dakika\" \/>\n<script type=\"application\/ld+json\" class=\"yoast-schema-graph\">{\"@context\":\"https:\/\/schema.org\",\"@graph\":[{\"@type\":\"WebPage\",\"@id\":\"https:\/\/meerlog.com\/fr\/urun\/plastik-palet-1200-x-800-x-150-mm\/\",\"url\":\"https:\/\/meerlog.com\/fr\/urun\/plastik-palet-1200-x-800-x-150-mm\/\",\"name\":\"Plastik Palet - 1200 x 800 x 150 mm - Meerlog Packaging Industry FR\",\"isPartOf\":{\"@id\":\"https:\/\/meerlog.com\/fr\/#website\"},\"primaryImageOfPage\":{\"@id\":\"https:\/\/meerlog.com\/fr\/urun\/plastik-palet-1200-x-800-x-150-mm\/#primaryimage\"},\"image\":{\"@id\":\"https:\/\/meerlog.com\/fr\/urun\/plastik-palet-1200-x-800-x-150-mm\/#primaryimage\"},\"thumbnailUrl\":\"https:\/\/meerlog.com\/fr\/wp-content\/uploads\/sites\/5\/2024\/09\/PP01.png\",\"datePublished\":\"2024-09-05T06:20:22+00:00\",\"dateModified\":\"2024-09-06T10:58:55+00:00\",\"breadcrumb\":{\"@id\":\"https:\/\/meerlog.com\/fr\/urun\/plastik-palet-1200-x-800-x-150-mm\/#breadcrumb\"},\"inLanguage\":\"tr\",\"potentialAction\":[{\"@type\":\"ReadAction\",\"target\":[\"https:\/\/meerlog.com\/fr\/urun\/plastik-palet-1200-x-800-x-150-mm\/\"]}]},{\"@type\":\"ImageObject\",\"inLanguage\":\"tr\",\"@id\":\"https:\/\/meerlog.com\/fr\/urun\/plastik-palet-1200-x-800-x-150-mm\/#primaryimage\",\"url\":\"https:\/\/meerlog.com\/fr\/wp-content\/uploads\/sites\/5\/2024\/09\/PP01.png\",\"contentUrl\":\"https:\/\/meerlog.com\/fr\/wp-content\/uploads\/sites\/5\/2024\/09\/PP01.png\",\"width\":1028,\"height\":770},{\"@type\":\"BreadcrumbList\",\"@id\":\"https:\/\/meerlog.com\/fr\/urun\/plastik-palet-1200-x-800-x-150-mm\/#breadcrumb\",\"itemListElement\":[{\"@type\":\"ListItem\",\"position\":1,\"name\":\"Anasayfa\",\"item\":\"https:\/\/meerlog.com\/fr\/\"},{\"@type\":\"ListItem\",\"position\":2,\"name\":\"Ma\u011faza\",\"item\":\"https:\/\/meerlog.com\/fr\/magaza\/\"},{\"@type\":\"ListItem\",\"position\":3,\"name\":\"Plastik Palet &#8211; 1200 x 800 x 150 mm\"}]},{\"@type\":\"WebSite\",\"@id\":\"https:\/\/meerlog.com\/fr\/#website\",\"url\":\"https:\/\/meerlog.com\/fr\/\",\"name\":\"Meerlog Packaging Industry FR\",\"description\":\"- Innovative Solutions\",\"publisher\":{\"@id\":\"https:\/\/meerlog.com\/fr\/#organization\"},\"potentialAction\":[{\"@type\":\"SearchAction\",\"target\":{\"@type\":\"EntryPoint\",\"urlTemplate\":\"https:\/\/meerlog.com\/fr\/?s={search_term_string}\"},\"query-input\":{\"@type\":\"PropertyValueSpecification\",\"valueRequired\":true,\"valueName\":\"search_term_string\"}}],\"inLanguage\":\"tr\"},{\"@type\":\"Organization\",\"@id\":\"https:\/\/meerlog.com\/fr\/#organization\",\"name\":\"Meerlog Packaging Industry FR\",\"url\":\"https:\/\/meerlog.com\/fr\/\",\"logo\":{\"@type\":\"ImageObject\",\"inLanguage\":\"tr\",\"@id\":\"https:\/\/meerlog.com\/fr\/#\/schema\/logo\/image\/\",\"url\":\"https:\/\/meerlog.com\/fr\/wp-content\/uploads\/sites\/5\/2024\/09\/meerlog-logo-1.png\",\"contentUrl\":\"https:\/\/meerlog.com\/fr\/wp-content\/uploads\/sites\/5\/2024\/09\/meerlog-logo-1.png\",\"width\":2000,\"height\":816,\"caption\":\"Meerlog Packaging Industry FR\"},\"image\":{\"@id\":\"https:\/\/meerlog.com\/fr\/#\/schema\/logo\/image\/\"}}]}<\/script>\n<!-- \/ Yoast SEO plugin. -->","yoast_head_json":{"title":"Plastik Palet - 1200 x 800 x 150 mm - Meerlog Packaging Industry FR","robots":{"index":"noindex","follow":"follow","max-snippet":"max-snippet:-1","max-image-preview":"max-image-preview:large","max-video-preview":"max-video-preview:-1"},"og_locale":"tr_TR","og_type":"article","og_title":"Plastik Palet - 1200 x 800 x 150 mm - Meerlog Packaging Industry FR","og_description":"\u00dcr\u00fcn \u00d6zellikleri   Stok Kodu: PP001  Uzunluk (mm):\u00a01200  Geni\u015flik (mm):\u00a0800  Y\u00fckseklik(mm):\u00a0150  A\u011f\u0131rl\u0131k (kg): 10  Y\u00fckleme Kapasitesi (kg):\u00a01000  Malzeme:\u00a0Plastik","og_url":"https:\/\/meerlog.com\/fr\/urun\/plastik-palet-1200-x-800-x-150-mm\/","og_site_name":"Meerlog Packaging Industry FR","article_modified_time":"2024-09-06T10:58:55+00:00","og_image":[{"width":1028,"height":770,"url":"https:\/\/meerlog.com\/fr\/wp-content\/uploads\/sites\/5\/2024\/09\/PP01.png","type":"image\/png"}],"twitter_card":"summary_large_image","twitter_misc":{"Tahmini okuma s\u00fcresi":"1 dakika"},"schema":{"@context":"https:\/\/schema.org","@graph":[{"@type":"WebPage","@id":"https:\/\/meerlog.com\/fr\/urun\/plastik-palet-1200-x-800-x-150-mm\/","url":"https:\/\/meerlog.com\/fr\/urun\/plastik-palet-1200-x-800-x-150-mm\/","name":"Plastik Palet - 1200 x 800 x 150 mm - Meerlog Packaging Industry FR","isPartOf":{"@id":"https:\/\/meerlog.com\/fr\/#website"},"primaryImageOfPage":{"@id":"https:\/\/meerlog.com\/fr\/urun\/plastik-palet-1200-x-800-x-150-mm\/#primaryimage"},"image":{"@id":"https:\/\/meerlog.com\/fr\/urun\/plastik-palet-1200-x-800-x-150-mm\/#primaryimage"},"thumbnailUrl":"https:\/\/meerlog.com\/fr\/wp-content\/uploads\/sites\/5\/2024\/09\/PP01.png","datePublished":"2024-09-05T06:20:22+00:00","dateModified":"2024-09-06T10:58:55+00:00","breadcrumb":{"@id":"https:\/\/meerlog.com\/fr\/urun\/plastik-palet-1200-x-800-x-150-mm\/#breadcrumb"},"inLanguage":"tr","potentialAction":[{"@type":"ReadAction","target":["https:\/\/meerlog.com\/fr\/urun\/plastik-palet-1200-x-800-x-150-mm\/"]}]},{"@type":"ImageObject","inLanguage":"tr","@id":"https:\/\/meerlog.com\/fr\/urun\/plastik-palet-1200-x-800-x-150-mm\/#primaryimage","url":"https:\/\/meerlog.com\/fr\/wp-content\/uploads\/sites\/5\/2024\/09\/PP01.png","contentUrl":"https:\/\/meerlog.com\/fr\/wp-content\/uploads\/sites\/5\/2024\/09\/PP01.png","width":1028,"height":770},{"@type":"BreadcrumbList","@id":"https:\/\/meerlog.com\/fr\/urun\/plastik-palet-1200-x-800-x-150-mm\/#breadcrumb","itemListElement":[{"@type":"ListItem","position":1,"name":"Anasayfa","item":"https:\/\/meerlog.com\/fr\/"},{"@type":"ListItem","position":2,"name":"Ma\u011faza","item":"https:\/\/meerlog.com\/fr\/magaza\/"},{"@type":"ListItem","position":3,"name":"Plastik Palet &#8211; 1200 x 800 x 150 mm"}]},{"@type":"WebSite","@id":"https:\/\/meerlog.com\/fr\/#website","url":"https:\/\/meerlog.com\/fr\/","name":"Meerlog Packaging Industry FR","description":"- Innovative Solutions","publisher":{"@id":"https:\/\/meerlog.com\/fr\/#organization"},"potentialAction":[{"@type":"SearchAction","target":{"@type":"EntryPoint","urlTemplate":"https:\/\/meerlog.com\/fr\/?s={search_term_string}"},"query-input":{"@type":"PropertyValueSpecification","valueRequired":true,"valueName":"search_term_string"}}],"inLanguage":"tr"},{"@type":"Organization","@id":"https:\/\/meerlog.com\/fr\/#organization","name":"Meerlog Packaging Industry FR","url":"https:\/\/meerlog.com\/fr\/","logo":{"@type":"ImageObject","inLanguage":"tr","@id":"https:\/\/meerlog.com\/fr\/#\/schema\/logo\/image\/","url":"https:\/\/meerlog.com\/fr\/wp-content\/uploads\/sites\/5\/2024\/09\/meerlog-logo-1.png","contentUrl":"https:\/\/meerlog.com\/fr\/wp-content\/uploads\/sites\/5\/2024\/09\/meerlog-logo-1.png","width":2000,"height":816,"caption":"Meerlog Packaging Industry FR"},"image":{"@id":"https:\/\/meerlog.com\/fr\/#\/schema\/logo\/image\/"}}]}},"_links":{"self":[{"href":"https:\/\/meerlog.com\/fr\/wp-json\/wp\/v2\/product\/567"}],"collection":[{"href":"https:\/\/meerlog.com\/fr\/wp-json\/wp\/v2\/product"}],"about":[{"href":"https:\/\/meerlog.com\/fr\/wp-json\/wp\/v2\/types\/product"}],"replies":[{"embeddable":true,"href":"https:\/\/meerlog.com\/fr\/wp-json\/wp\/v2\/comments?post=567"}],"wp:featuredmedia":[{"embeddable":true,"href":"https:\/\/meerlog.com\/fr\/wp-json\/wp\/v2\/media\/647"}],"wp:attachment":[{"href":"https:\/\/meerlog.com\/fr\/wp-json\/wp\/v2\/media?parent=567"}],"wp:term":[{"taxonomy":"product_cat","embeddable":true,"href":"https:\/\/meerlog.com\/fr\/wp-json\/wp\/v2\/product_cat?post=567"},{"taxonomy":"product_tag","embeddable":true,"href":"https:\/\/meerlog.com\/fr\/wp-json\/wp\/v2\/product_tag?post=567"}],"curies":[{"name":"wp","href":"https:\/\/api.w.org\/{rel}","templated":true}]}}