{"id":588,"date":"2024-09-05T09:40:01","date_gmt":"2024-09-05T06:40:01","guid":{"rendered":"http:\/\/test.meerlog.com\/fr\/?post_type=product&#038;p=588"},"modified":"2024-09-06T13:41:23","modified_gmt":"2024-09-06T10:41:23","slug":"tasima-arabasi","status":"publish","type":"product","link":"https:\/\/meerlog.com\/fr\/urun\/tasima-arabasi\/","title":{"rendered":"Ta\u015f\u0131ma Arabas\u0131"},"content":{"rendered":"<p><strong>\u00dcr\u00fcn \u00d6zellikleri<\/strong><\/p>\n<ul>\n<li><strong>Stok Kodu:<\/strong> MP009<\/li>\n<li><strong>Uzunluk (mm):<\/strong> 1200<\/li>\n<li><strong>Geni\u015flik (mm):<\/strong> 800<\/li>\n<li><strong>Y\u00fckseklik(mm):<\/strong> 155<\/li>\n<li><strong>A\u011f\u0131rl\u0131k (kg):<\/strong> 25<\/li>\n<li><strong>Y\u00fckleme Kapasitesi (kg):<\/strong> 1000<\/li>\n<li><strong>Malzeme:<\/strong> Metal<\/li>\n<li><strong>Kaplama Cinsi:<\/strong> S\u0131cak Dald\u0131rma Galvaniz &#8211; Toz Boya (Talebinize \u00f6zel renk se\u00e7imi yap\u0131labilir.)<\/li>\n<li><strong>\u0130stiflenebilirlik:<\/strong> Evet<\/li>\n<li><strong>Tasar\u0131m \u00d6zellikleri:<\/strong> Tekerlek \u00e7ap\u0131 de\u011fi\u015ftirilebilir.<\/li>\n<\/ul>\n","protected":false},"excerpt":{"rendered":"<p><strong>\u00dcr\u00fcn \u00d6zellikleri<\/strong><\/p>\n<ul>\n<li><strong>Stok Kodu:<\/strong> MP009<\/li>\n<li><strong>Uzunluk (mm):<\/strong> 1200<\/li>\n<li><strong>Geni\u015flik (mm):<\/strong> 800<\/li>\n<li><strong>Y\u00fckseklik(mm):<\/strong> 155<\/li>\n<li><strong>A\u011f\u0131rl\u0131k (kg):<\/strong> 25<\/li>\n<li><strong>Y\u00fckleme Kapasitesi (kg):<\/strong> 1000<\/li>\n<li><strong>Malzeme:<\/strong> Metal<\/li>\n<li><strong>Kaplama Cinsi:<\/strong> S\u0131cak Dald\u0131rma Galvaniz &#8211; Toz Boya (Talebinize \u00f6zel renk se\u00e7imi yap\u0131labilir.)<\/li>\n<li><strong>\u0130stiflenebilirlik:<\/strong> Evet<\/li>\n<li><strong>Tasar\u0131m \u00d6zellikleri:<\/strong> Tekerlek \u00e7ap\u0131 de\u011fi\u015ftirilebilir.<\/li>\n<\/ul>\n","protected":false},"featured_media":634,"comment_status":"open","ping_status":"closed","template":"","meta":[],"product_cat":[38],"product_tag":[],"class_list":{"0":"post-588","1":"product","2":"type-product","3":"status-publish","4":"has-post-thumbnail","6":"product_cat-metal-palet","8":"first","9":"instock","10":"shipping-taxable","11":"product-type-simple"},"yoast_head":"<!-- This site is optimized with the Yoast SEO plugin v23.5 - https:\/\/yoast.com\/wordpress\/plugins\/seo\/ -->\n<title>Ta\u015f\u0131ma Arabas\u0131 - Meerlog Packaging Industry FR<\/title>\n<meta name=\"robots\" content=\"noindex, follow, max-snippet:-1, max-image-preview:large, max-video-preview:-1\" \/>\n<meta property=\"og:locale\" content=\"tr_TR\" \/>\n<meta property=\"og:type\" content=\"article\" \/>\n<meta property=\"og:title\" content=\"Ta\u015f\u0131ma Arabas\u0131 - Meerlog Packaging Industry FR\" \/>\n<meta property=\"og:description\" content=\"\u00dcr\u00fcn \u00d6zellikleri   Stok Kodu: MP009  Uzunluk (mm): 1200  Geni\u015flik (mm): 800  Y\u00fckseklik(mm): 155  A\u011f\u0131rl\u0131k (kg): 25  Y\u00fckleme Kapasitesi (kg): 1000  Malzeme: Metal  Kaplama Cinsi: S\u0131cak Dald\u0131rma Galvaniz - Toz Boya (Talebinize \u00f6zel renk se\u00e7imi yap\u0131labilir.)  \u0130stiflenebilirlik: Evet  Tasar\u0131m \u00d6zellikleri: Tekerlek \u00e7ap\u0131 de\u011fi\u015ftirilebilir.\" \/>\n<meta property=\"og:url\" content=\"https:\/\/meerlog.com\/fr\/urun\/tasima-arabasi\/\" \/>\n<meta property=\"og:site_name\" content=\"Meerlog Packaging Industry FR\" \/>\n<meta property=\"article:modified_time\" content=\"2024-09-06T10:41:23+00:00\" \/>\n<meta property=\"og:image\" content=\"https:\/\/meerlog.com\/fr\/wp-content\/uploads\/sites\/5\/2024\/09\/MP009-2.png\" \/>\n\t<meta property=\"og:image:width\" content=\"1028\" \/>\n\t<meta property=\"og:image:height\" content=\"770\" \/>\n\t<meta property=\"og:image:type\" content=\"image\/png\" \/>\n<meta name=\"twitter:card\" content=\"summary_large_image\" \/>\n<meta name=\"twitter:label1\" content=\"Tahmini okuma s\u00fcresi\" \/>\n\t<meta name=\"twitter:data1\" content=\"1 dakika\" \/>\n<script type=\"application\/ld+json\" class=\"yoast-schema-graph\">{\"@context\":\"https:\/\/schema.org\",\"@graph\":[{\"@type\":\"WebPage\",\"@id\":\"https:\/\/meerlog.com\/fr\/urun\/tasima-arabasi\/\",\"url\":\"https:\/\/meerlog.com\/fr\/urun\/tasima-arabasi\/\",\"name\":\"Ta\u015f\u0131ma Arabas\u0131 - Meerlog Packaging Industry FR\",\"isPartOf\":{\"@id\":\"https:\/\/meerlog.com\/fr\/#website\"},\"primaryImageOfPage\":{\"@id\":\"https:\/\/meerlog.com\/fr\/urun\/tasima-arabasi\/#primaryimage\"},\"image\":{\"@id\":\"https:\/\/meerlog.com\/fr\/urun\/tasima-arabasi\/#primaryimage\"},\"thumbnailUrl\":\"https:\/\/meerlog.com\/fr\/wp-content\/uploads\/sites\/5\/2024\/09\/MP009-2.png\",\"datePublished\":\"2024-09-05T06:40:01+00:00\",\"dateModified\":\"2024-09-06T10:41:23+00:00\",\"breadcrumb\":{\"@id\":\"https:\/\/meerlog.com\/fr\/urun\/tasima-arabasi\/#breadcrumb\"},\"inLanguage\":\"tr\",\"potentialAction\":[{\"@type\":\"ReadAction\",\"target\":[\"https:\/\/meerlog.com\/fr\/urun\/tasima-arabasi\/\"]}]},{\"@type\":\"ImageObject\",\"inLanguage\":\"tr\",\"@id\":\"https:\/\/meerlog.com\/fr\/urun\/tasima-arabasi\/#primaryimage\",\"url\":\"https:\/\/meerlog.com\/fr\/wp-content\/uploads\/sites\/5\/2024\/09\/MP009-2.png\",\"contentUrl\":\"https:\/\/meerlog.com\/fr\/wp-content\/uploads\/sites\/5\/2024\/09\/MP009-2.png\",\"width\":1028,\"height\":770},{\"@type\":\"BreadcrumbList\",\"@id\":\"https:\/\/meerlog.com\/fr\/urun\/tasima-arabasi\/#breadcrumb\",\"itemListElement\":[{\"@type\":\"ListItem\",\"position\":1,\"name\":\"Anasayfa\",\"item\":\"https:\/\/meerlog.com\/fr\/\"},{\"@type\":\"ListItem\",\"position\":2,\"name\":\"Ma\u011faza\",\"item\":\"https:\/\/meerlog.com\/fr\/magaza\/\"},{\"@type\":\"ListItem\",\"position\":3,\"name\":\"Ta\u015f\u0131ma Arabas\u0131\"}]},{\"@type\":\"WebSite\",\"@id\":\"https:\/\/meerlog.com\/fr\/#website\",\"url\":\"https:\/\/meerlog.com\/fr\/\",\"name\":\"Meerlog Packaging Industry FR\",\"description\":\"- Innovative Solutions\",\"publisher\":{\"@id\":\"https:\/\/meerlog.com\/fr\/#organization\"},\"potentialAction\":[{\"@type\":\"SearchAction\",\"target\":{\"@type\":\"EntryPoint\",\"urlTemplate\":\"https:\/\/meerlog.com\/fr\/?s={search_term_string}\"},\"query-input\":{\"@type\":\"PropertyValueSpecification\",\"valueRequired\":true,\"valueName\":\"search_term_string\"}}],\"inLanguage\":\"tr\"},{\"@type\":\"Organization\",\"@id\":\"https:\/\/meerlog.com\/fr\/#organization\",\"name\":\"Meerlog Packaging Industry FR\",\"url\":\"https:\/\/meerlog.com\/fr\/\",\"logo\":{\"@type\":\"ImageObject\",\"inLanguage\":\"tr\",\"@id\":\"https:\/\/meerlog.com\/fr\/#\/schema\/logo\/image\/\",\"url\":\"https:\/\/meerlog.com\/fr\/wp-content\/uploads\/sites\/5\/2024\/09\/meerlog-logo-1.png\",\"contentUrl\":\"https:\/\/meerlog.com\/fr\/wp-content\/uploads\/sites\/5\/2024\/09\/meerlog-logo-1.png\",\"width\":2000,\"height\":816,\"caption\":\"Meerlog Packaging Industry FR\"},\"image\":{\"@id\":\"https:\/\/meerlog.com\/fr\/#\/schema\/logo\/image\/\"}}]}<\/script>\n<!-- \/ Yoast SEO plugin. -->","yoast_head_json":{"title":"Ta\u015f\u0131ma Arabas\u0131 - Meerlog Packaging Industry FR","robots":{"index":"noindex","follow":"follow","max-snippet":"max-snippet:-1","max-image-preview":"max-image-preview:large","max-video-preview":"max-video-preview:-1"},"og_locale":"tr_TR","og_type":"article","og_title":"Ta\u015f\u0131ma Arabas\u0131 - Meerlog Packaging Industry FR","og_description":"\u00dcr\u00fcn \u00d6zellikleri   Stok Kodu: MP009  Uzunluk (mm): 1200  Geni\u015flik (mm): 800  Y\u00fckseklik(mm): 155  A\u011f\u0131rl\u0131k (kg): 25  Y\u00fckleme Kapasitesi (kg): 1000  Malzeme: Metal  Kaplama Cinsi: S\u0131cak Dald\u0131rma Galvaniz - Toz Boya (Talebinize \u00f6zel renk se\u00e7imi yap\u0131labilir.)  \u0130stiflenebilirlik: Evet  Tasar\u0131m \u00d6zellikleri: Tekerlek \u00e7ap\u0131 de\u011fi\u015ftirilebilir.","og_url":"https:\/\/meerlog.com\/fr\/urun\/tasima-arabasi\/","og_site_name":"Meerlog Packaging Industry FR","article_modified_time":"2024-09-06T10:41:23+00:00","og_image":[{"width":1028,"height":770,"url":"https:\/\/meerlog.com\/fr\/wp-content\/uploads\/sites\/5\/2024\/09\/MP009-2.png","type":"image\/png"}],"twitter_card":"summary_large_image","twitter_misc":{"Tahmini okuma s\u00fcresi":"1 dakika"},"schema":{"@context":"https:\/\/schema.org","@graph":[{"@type":"WebPage","@id":"https:\/\/meerlog.com\/fr\/urun\/tasima-arabasi\/","url":"https:\/\/meerlog.com\/fr\/urun\/tasima-arabasi\/","name":"Ta\u015f\u0131ma Arabas\u0131 - Meerlog Packaging Industry FR","isPartOf":{"@id":"https:\/\/meerlog.com\/fr\/#website"},"primaryImageOfPage":{"@id":"https:\/\/meerlog.com\/fr\/urun\/tasima-arabasi\/#primaryimage"},"image":{"@id":"https:\/\/meerlog.com\/fr\/urun\/tasima-arabasi\/#primaryimage"},"thumbnailUrl":"https:\/\/meerlog.com\/fr\/wp-content\/uploads\/sites\/5\/2024\/09\/MP009-2.png","datePublished":"2024-09-05T06:40:01+00:00","dateModified":"2024-09-06T10:41:23+00:00","breadcrumb":{"@id":"https:\/\/meerlog.com\/fr\/urun\/tasima-arabasi\/#breadcrumb"},"inLanguage":"tr","potentialAction":[{"@type":"ReadAction","target":["https:\/\/meerlog.com\/fr\/urun\/tasima-arabasi\/"]}]},{"@type":"ImageObject","inLanguage":"tr","@id":"https:\/\/meerlog.com\/fr\/urun\/tasima-arabasi\/#primaryimage","url":"https:\/\/meerlog.com\/fr\/wp-content\/uploads\/sites\/5\/2024\/09\/MP009-2.png","contentUrl":"https:\/\/meerlog.com\/fr\/wp-content\/uploads\/sites\/5\/2024\/09\/MP009-2.png","width":1028,"height":770},{"@type":"BreadcrumbList","@id":"https:\/\/meerlog.com\/fr\/urun\/tasima-arabasi\/#breadcrumb","itemListElement":[{"@type":"ListItem","position":1,"name":"Anasayfa","item":"https:\/\/meerlog.com\/fr\/"},{"@type":"ListItem","position":2,"name":"Ma\u011faza","item":"https:\/\/meerlog.com\/fr\/magaza\/"},{"@type":"ListItem","position":3,"name":"Ta\u015f\u0131ma Arabas\u0131"}]},{"@type":"WebSite","@id":"https:\/\/meerlog.com\/fr\/#website","url":"https:\/\/meerlog.com\/fr\/","name":"Meerlog Packaging Industry FR","description":"- Innovative Solutions","publisher":{"@id":"https:\/\/meerlog.com\/fr\/#organization"},"potentialAction":[{"@type":"SearchAction","target":{"@type":"EntryPoint","urlTemplate":"https:\/\/meerlog.com\/fr\/?s={search_term_string}"},"query-input":{"@type":"PropertyValueSpecification","valueRequired":true,"valueName":"search_term_string"}}],"inLanguage":"tr"},{"@type":"Organization","@id":"https:\/\/meerlog.com\/fr\/#organization","name":"Meerlog Packaging Industry FR","url":"https:\/\/meerlog.com\/fr\/","logo":{"@type":"ImageObject","inLanguage":"tr","@id":"https:\/\/meerlog.com\/fr\/#\/schema\/logo\/image\/","url":"https:\/\/meerlog.com\/fr\/wp-content\/uploads\/sites\/5\/2024\/09\/meerlog-logo-1.png","contentUrl":"https:\/\/meerlog.com\/fr\/wp-content\/uploads\/sites\/5\/2024\/09\/meerlog-logo-1.png","width":2000,"height":816,"caption":"Meerlog Packaging Industry FR"},"image":{"@id":"https:\/\/meerlog.com\/fr\/#\/schema\/logo\/image\/"}}]}},"_links":{"self":[{"href":"https:\/\/meerlog.com\/fr\/wp-json\/wp\/v2\/product\/588"}],"collection":[{"href":"https:\/\/meerlog.com\/fr\/wp-json\/wp\/v2\/product"}],"about":[{"href":"https:\/\/meerlog.com\/fr\/wp-json\/wp\/v2\/types\/product"}],"replies":[{"embeddable":true,"href":"https:\/\/meerlog.com\/fr\/wp-json\/wp\/v2\/comments?post=588"}],"wp:featuredmedia":[{"embeddable":true,"href":"https:\/\/meerlog.com\/fr\/wp-json\/wp\/v2\/media\/634"}],"wp:attachment":[{"href":"https:\/\/meerlog.com\/fr\/wp-json\/wp\/v2\/media?parent=588"}],"wp:term":[{"taxonomy":"product_cat","embeddable":true,"href":"https:\/\/meerlog.com\/fr\/wp-json\/wp\/v2\/product_cat?post=588"},{"taxonomy":"product_tag","embeddable":true,"href":"https:\/\/meerlog.com\/fr\/wp-json\/wp\/v2\/product_tag?post=588"}],"curies":[{"name":"wp","href":"https:\/\/api.w.org\/{rel}","templated":true}]}}